{"id":766,"date":"2016-09-05T15:24:34","date_gmt":"2016-09-05T13:24:34","guid":{"rendered":"http:\/\/imi-dev.netzspinnerei.com\/?page_id=766"},"modified":"2024-10-29T08:19:48","modified_gmt":"2024-10-29T07:19:48","slug":"oae-dr-med-univ-margarete-karimi","status":"publish","type":"page","link":"https:\/\/dummy.imi.clinic\/de\/ueber-imi-kinderwunschklinik-in-wien\/imi-aerzteteam\/oae-dr-med-univ-margarete-karimi\/","title":{"rendered":"O\u00c4 Dr. Margarete Karimi"},"content":{"rendered":"[vc_row type=&#8220;full_width_background&#8220; full_screen_row_position=&#8220;middle&#8220; equal_height=&#8220;yes&#8220; content_placement=&#8220;bottom&#8220; bg_color=&#8220;#a5b3be&#8220; scene_position=&#8220;center&#8220; text_color=&#8220;light&#8220; text_align=&#8220;left&#8220; top_padding=&#8220;5%&#8220; overlay_strength=&#8220;1&#8243; shape_divider_position=&#8220;bottom&#8220; bg_image_animation=&#8220;none&#8220; shape_type=&#8220;&#8220;][vc_column column_padding=&#8220;padding-5-percent&#8220; column_padding_position=&#8220;top-bottom&#8220; background_color_opacity=&#8220;1&#8243; background_hover_color_opacity=&#8220;1&#8243; column_link_target=&#8220;_self&#8220; column_shadow=&#8220;none&#8220; column_border_radius=&#8220;none&#8220; width=&#8220;1\/2&#8243; tablet_width_inherit=&#8220;default&#8220; tablet_text_alignment=&#8220;default&#8220; phone_text_alignment=&#8220;default&#8220; column_border_width=&#8220;none&#8220; column_border_style=&#8220;solid&#8220; bg_image_animation=&#8220;none&#8220;][vc_custom_heading text=&#8220;O\u00c4 Dr. Margarete Karimi&#8220; font_container=&#8220;tag:h1|font_size:18|text_align:left|color:rgba(255%2C255%2C255%2C0.6)&#8220; use_theme_fonts=&#8220;yes&#8220; css=&#8220;.vc_custom_1570954493694{margin-bottom: 10px !important;}&#8220;][vc_custom_heading text=&#8220;Unsere Expertin f\u00fcr gyn\u00e4kologischen Ultraschall&#8220; font_container=&#8220;tag:h2|font_size:36|text_align:left|line_height:50px&#8220; use_theme_fonts=&#8220;yes&#8220;][nectar_single_testimonial testimonial_style=&#8220;small_modern&#8220; color=&#8220;Default&#8220; quote=&#8220;Lerne aus der Vergangenheit, tr\u00e4ume von der Zukunft, lebe in der Gegenwart&#8220;][divider line_type=&#8220;No Line&#8220; custom_height=&#8220;30&#8243;][vc_custom_heading text=&#8220;Schwerpunkte&#8220; font_container=&#8220;tag:h5|text_align:left|color:rgba(255%2C255%2C255%2C0.6)&#8220; use_theme_fonts=&#8220;yes&#8220; css=&#8220;.vc_custom_1536099833042{margin-bottom: 10px !important;}&#8220;][vc_row_inner column_margin=&#8220;default&#8220; text_align=&#8220;left&#8220;][vc_column_inner column_padding=&#8220;no-extra-padding&#8220; column_padding_position=&#8220;all&#8220; background_color_opacity=&#8220;1&#8243; background_hover_color_opacity=&#8220;1&#8243; column_shadow=&#8220;none&#8220; column_border_radius=&#8220;none&#8220; column_link_target=&#8220;_self&#8220; width=&#8220;1\/1&#8243; tablet_width_inherit=&#8220;default&#8220; column_border_width=&#8220;none&#8220; column_border_style=&#8220;solid&#8220; bg_image_animation=&#8220;none&#8220;]<div class=\"nectar-fancy-ul\" data-list-icon=\"none\" data-animation=\"false\" data-animation-delay=\"0\" data-color=\"accent-color\" data-spacing=\"default\" data-alignment=\"left\"> \n<ul>\n<li><span style=\"color: #ffffff;\">Kinderwunschdiagnostik<\/span><\/li>\n<li><span style=\"color: #ffffff;\">Minimal invasive Chirurgie<\/span><\/li>\n<li><span style=\"color: #ffffff;\">Pr\u00e4nataldiagnostik<\/span><\/li>\n<li><span style=\"color: #ffffff;\">Schwangerschaftsbetreuung<\/span><\/li>\n<\/ul>\n <\/div>[\/vc_column_inner][\/vc_row_inner][\/vc_column][vc_column column_padding=&#8220;padding-5-percent&#8220; column_padding_position=&#8220;right&#8220; background_color_opacity=&#8220;1&#8243; background_hover_color_opacity=&#8220;1&#8243; column_link_target=&#8220;_self&#8220; column_shadow=&#8220;none&#8220; column_border_radius=&#8220;none&#8220; width=&#8220;1\/2&#8243; tablet_width_inherit=&#8220;default&#8220; tablet_text_alignment=&#8220;default&#8220; phone_text_alignment=&#8220;default&#8220; column_border_width=&#8220;none&#8220; column_border_style=&#8220;solid&#8220; bg_image_animation=&#8220;none&#8220;][image_with_animation image_url=&#8220;4926&#8243; alignment=&#8220;&#8220; animation=&#8220;Fade In&#8220; border_radius=&#8220;5px&#8220; box_shadow=&#8220;none&#8220; max_width=&#8220;150%&#8220;][\/vc_column][\/vc_row][vc_row type=&#8220;full_width_background&#8220; full_screen_row_position=&#8220;middle&#8220; bg_color=&#8220;#ffffff&#8220; scene_position=&#8220;center&#8220; text_color=&#8220;dark&#8220; text_align=&#8220;left&#8220; top_padding=&#8220;5%&#8220; bottom_padding=&#8220;5%&#8220; overlay_strength=&#8220;0.3&#8243; shape_divider_position=&#8220;bottom&#8220; bg_image_animation=&#8220;none&#8220; shape_type=&#8220;&#8220;][vc_column column_padding=&#8220;no-extra-padding&#8220; column_padding_position=&#8220;all&#8220; background_color_opacity=&#8220;1&#8243; background_hover_color_opacity=&#8220;1&#8243; column_link_target=&#8220;_self&#8220; column_shadow=&#8220;none&#8220; column_border_radius=&#8220;none&#8220; width=&#8220;1\/1&#8243; tablet_width_inherit=&#8220;default&#8220; tablet_text_alignment=&#8220;default&#8220; phone_text_alignment=&#8220;default&#8220; column_border_width=&#8220;none&#8220; column_border_style=&#8220;solid&#8220; bg_image_animation=&#8220;none&#8220;]<div class=\"nectar-fancy-ul\" data-list-icon=\"icon-salient-thin-line\" data-animation=\"false\" data-animation-delay=\"0\" data-color=\"accent-color\" data-spacing=\"default\" data-alignment=\"left\"> \n<h2>Ausbildung und berufliche T\u00e4tigkeit (Auszug)<\/h2>\n<ul>\n<li>Promotion 2000<\/li>\n<li>Wissenschaftliche Mitarbeit im Rahmen einer Studie bei Prof. Kubista AKH Wien, als auch auf der Herz\/Thorax Transplantationschirurgie<\/li>\n<li>Turnusarztausbildung am LKH Korneuburg, Donauklinikum Tulln und Universit\u00e4tsklinik des AKH Wien<\/li>\n<li>Seit 2010 Ober\u00e4rztin der Abteilung f\u00fcr Gyn\u00e4kologie und Geburtshilfe am Landesklinikum Korneuburg<\/li>\n<\/ul>\n <\/div>[\/vc_column][\/vc_row]\n","protected":false},"excerpt":{"rendered":"<p>[vc_row type=&#8220;full_width_background&#8220; full_screen_row_position=&#8220;middle&#8220; equal_height=&#8220;yes&#8220; content_placement=&#8220;bottom&#8220; bg_color=&#8220;#a5b3be&#8220; scene_position=&#8220;center&#8220; text_color=&#8220;light&#8220; text_align=&#8220;left&#8220; top_padding=&#8220;5%&#8220; overlay_strength=&#8220;1&#8243; shape_divider_position=&#8220;bottom&#8220; bg_image_animation=&#8220;none&#8220; shape_type=&#8220;&#8220;][vc_column column_padding=&#8220;padding-5-percent&#8220; column_padding_position=&#8220;top-bottom&#8220; background_color_opacity=&#8220;1&#8243; background_hover_color_opacity=&#8220;1&#8243; column_link_target=&#8220;_self&#8220; column_shadow=&#8220;none&#8220; column_border_radius=&#8220;none&#8220; width=&#8220;1\/2&#8243; tablet_width_inherit=&#8220;default&#8220; tablet_text_alignment=&#8220;default&#8220; phone_text_alignment=&#8220;default&#8220; column_border_width=&#8220;none&#8220; column_border_style=&#8220;solid&#8220; bg_image_animation=&#8220;none&#8220;][vc_custom_heading text=&#8220;O\u00c4 Dr&#8230;.<\/p>\n","protected":false},"author":9,"featured_media":0,"parent":758,"menu_order":0,"comment_status":"closed","ping_status":"closed","template":"","meta":{"footnotes":""},"class_list":["post-766","page","type-page","status-publish"],"yoast_head":"<!-- This site is optimized with the Yoast SEO plugin v27.0 - https:\/\/yoast.com\/product\/yoast-seo-wordpress\/ -->\n<title>O\u00c4 Dr. med. univ. Margarete Karimi - imi Kinderwunschklinik in Wien<\/title>\n<meta name=\"description\" content=\"Expertin f\u00fcr gyn\u00e4kologischen Ultraschall und minimal invasive Chirurgie. Langj\u00e4hriges \u00c4rzteteam-Mitglied von imi Zentrum f\u00fcr Kinderwunschmedizin in Wien.\" \/>\n<meta name=\"robots\" content=\"index, follow, max-snippet:-1, max-image-preview:large, max-video-preview:-1\" \/>\n<link rel=\"canonical\" href=\"https:\/\/dummy.imi.clinic\/de\/ueber-imi-kinderwunschklinik-in-wien\/imi-aerzteteam\/oae-dr-med-univ-margarete-karimi\/\" \/>\n<meta property=\"og:locale\" content=\"de_DE\" \/>\n<meta property=\"og:type\" content=\"article\" \/>\n<meta property=\"og:title\" content=\"O\u00c4 Dr. med. univ. Margarete Karimi - imi Kinderwunschklinik in Wien\" \/>\n<meta property=\"og:description\" content=\"Expertin f\u00fcr gyn\u00e4kologischen Ultraschall und minimal invasive Chirurgie. Langj\u00e4hriges \u00c4rzteteam-Mitglied von imi Zentrum f\u00fcr Kinderwunschmedizin in Wien.\" \/>\n<meta property=\"og:url\" content=\"https:\/\/dummy.imi.clinic\/de\/ueber-imi-kinderwunschklinik-in-wien\/imi-aerzteteam\/oae-dr-med-univ-margarete-karimi\/\" \/>\n<meta property=\"og:site_name\" content=\"IMI\" \/>\n<meta property=\"article:modified_time\" content=\"2024-10-29T07:19:48+00:00\" \/>\n<meta name=\"twitter:card\" content=\"summary_large_image\" \/>\n<meta name=\"twitter:label1\" content=\"Gesch\u00e4tzte Lesezeit\" \/>\n\t<meta name=\"twitter:data1\" content=\"1\u00a0Minute\" \/>\n<script type=\"application\/ld+json\" class=\"yoast-schema-graph\">{\"@context\":\"https:\/\/schema.org\",\"@graph\":[{\"@type\":\"WebPage\",\"@id\":\"https:\/\/dummy.imi.clinic\/de\/ueber-imi-kinderwunschklinik-in-wien\/imi-aerzteteam\/oae-dr-med-univ-margarete-karimi\/\",\"url\":\"https:\/\/dummy.imi.clinic\/de\/ueber-imi-kinderwunschklinik-in-wien\/imi-aerzteteam\/oae-dr-med-univ-margarete-karimi\/\",\"name\":\"O\u00c4 Dr. med. univ. Margarete Karimi - imi Kinderwunschklinik in Wien\",\"isPartOf\":{\"@id\":\"https:\/\/dummy.imi.clinic\/de\/#website\"},\"datePublished\":\"2016-09-05T13:24:34+00:00\",\"dateModified\":\"2024-10-29T07:19:48+00:00\",\"description\":\"Expertin f\u00fcr gyn\u00e4kologischen Ultraschall und minimal invasive Chirurgie. Langj\u00e4hriges \u00c4rzteteam-Mitglied von imi Zentrum f\u00fcr Kinderwunschmedizin in Wien.\",\"breadcrumb\":{\"@id\":\"https:\/\/dummy.imi.clinic\/de\/ueber-imi-kinderwunschklinik-in-wien\/imi-aerzteteam\/oae-dr-med-univ-margarete-karimi\/#breadcrumb\"},\"inLanguage\":\"de\",\"potentialAction\":[{\"@type\":\"ReadAction\",\"target\":[\"https:\/\/dummy.imi.clinic\/de\/ueber-imi-kinderwunschklinik-in-wien\/imi-aerzteteam\/oae-dr-med-univ-margarete-karimi\/\"]}]},{\"@type\":\"BreadcrumbList\",\"@id\":\"https:\/\/dummy.imi.clinic\/de\/ueber-imi-kinderwunschklinik-in-wien\/imi-aerzteteam\/oae-dr-med-univ-margarete-karimi\/#breadcrumb\",\"itemListElement\":[{\"@type\":\"ListItem\",\"position\":1,\"name\":\"Startseite\",\"item\":\"https:\/\/dummy.imi.clinic\/de\/\"},{\"@type\":\"ListItem\",\"position\":2,\"name\":\"\u00dcber imi\",\"item\":\"https:\/\/dummy.imi.clinic\/de\/ueber-imi-kinderwunschklinik-in-wien\/\"},{\"@type\":\"ListItem\",\"position\":3,\"name\":\"imi Kinderwunsch \u00c4rzteteam\",\"item\":\"https:\/\/dummy.imi.clinic\/de\/ueber-imi-kinderwunschklinik-in-wien\/imi-aerzteteam\/\"},{\"@type\":\"ListItem\",\"position\":4,\"name\":\"O\u00c4 Dr. Margarete Karimi\"}]},{\"@type\":\"WebSite\",\"@id\":\"https:\/\/dummy.imi.clinic\/de\/#website\",\"url\":\"https:\/\/dummy.imi.clinic\/de\/\",\"name\":\"IMI\",\"description\":\"Vom Kinderwunsch zum Wunschkind\",\"potentialAction\":[{\"@type\":\"SearchAction\",\"target\":{\"@type\":\"EntryPoint\",\"urlTemplate\":\"https:\/\/dummy.imi.clinic\/de\/?s={search_term_string}\"},\"query-input\":{\"@type\":\"PropertyValueSpecification\",\"valueRequired\":true,\"valueName\":\"search_term_string\"}}],\"inLanguage\":\"de\"}]}<\/script>\n<!-- \/ Yoast SEO plugin. -->","yoast_head_json":{"title":"O\u00c4 Dr. med. univ. Margarete Karimi - imi Kinderwunschklinik in Wien","description":"Expertin f\u00fcr gyn\u00e4kologischen Ultraschall und minimal invasive Chirurgie. Langj\u00e4hriges \u00c4rzteteam-Mitglied von imi Zentrum f\u00fcr Kinderwunschmedizin in Wien.","robots":{"index":"index","follow":"follow","max-snippet":"max-snippet:-1","max-image-preview":"max-image-preview:large","max-video-preview":"max-video-preview:-1"},"canonical":"https:\/\/dummy.imi.clinic\/de\/ueber-imi-kinderwunschklinik-in-wien\/imi-aerzteteam\/oae-dr-med-univ-margarete-karimi\/","og_locale":"de_DE","og_type":"article","og_title":"O\u00c4 Dr. med. univ. Margarete Karimi - imi Kinderwunschklinik in Wien","og_description":"Expertin f\u00fcr gyn\u00e4kologischen Ultraschall und minimal invasive Chirurgie. Langj\u00e4hriges \u00c4rzteteam-Mitglied von imi Zentrum f\u00fcr Kinderwunschmedizin in Wien.","og_url":"https:\/\/dummy.imi.clinic\/de\/ueber-imi-kinderwunschklinik-in-wien\/imi-aerzteteam\/oae-dr-med-univ-margarete-karimi\/","og_site_name":"IMI","article_modified_time":"2024-10-29T07:19:48+00:00","twitter_card":"summary_large_image","twitter_misc":{"Gesch\u00e4tzte Lesezeit":"1\u00a0Minute"},"schema":{"@context":"https:\/\/schema.org","@graph":[{"@type":"WebPage","@id":"https:\/\/dummy.imi.clinic\/de\/ueber-imi-kinderwunschklinik-in-wien\/imi-aerzteteam\/oae-dr-med-univ-margarete-karimi\/","url":"https:\/\/dummy.imi.clinic\/de\/ueber-imi-kinderwunschklinik-in-wien\/imi-aerzteteam\/oae-dr-med-univ-margarete-karimi\/","name":"O\u00c4 Dr. med. univ. Margarete Karimi - imi Kinderwunschklinik in Wien","isPartOf":{"@id":"https:\/\/dummy.imi.clinic\/de\/#website"},"datePublished":"2016-09-05T13:24:34+00:00","dateModified":"2024-10-29T07:19:48+00:00","description":"Expertin f\u00fcr gyn\u00e4kologischen Ultraschall und minimal invasive Chirurgie. Langj\u00e4hriges \u00c4rzteteam-Mitglied von imi Zentrum f\u00fcr Kinderwunschmedizin in Wien.","breadcrumb":{"@id":"https:\/\/dummy.imi.clinic\/de\/ueber-imi-kinderwunschklinik-in-wien\/imi-aerzteteam\/oae-dr-med-univ-margarete-karimi\/#breadcrumb"},"inLanguage":"de","potentialAction":[{"@type":"ReadAction","target":["https:\/\/dummy.imi.clinic\/de\/ueber-imi-kinderwunschklinik-in-wien\/imi-aerzteteam\/oae-dr-med-univ-margarete-karimi\/"]}]},{"@type":"BreadcrumbList","@id":"https:\/\/dummy.imi.clinic\/de\/ueber-imi-kinderwunschklinik-in-wien\/imi-aerzteteam\/oae-dr-med-univ-margarete-karimi\/#breadcrumb","itemListElement":[{"@type":"ListItem","position":1,"name":"Startseite","item":"https:\/\/dummy.imi.clinic\/de\/"},{"@type":"ListItem","position":2,"name":"\u00dcber imi","item":"https:\/\/dummy.imi.clinic\/de\/ueber-imi-kinderwunschklinik-in-wien\/"},{"@type":"ListItem","position":3,"name":"imi Kinderwunsch \u00c4rzteteam","item":"https:\/\/dummy.imi.clinic\/de\/ueber-imi-kinderwunschklinik-in-wien\/imi-aerzteteam\/"},{"@type":"ListItem","position":4,"name":"O\u00c4 Dr. Margarete Karimi"}]},{"@type":"WebSite","@id":"https:\/\/dummy.imi.clinic\/de\/#website","url":"https:\/\/dummy.imi.clinic\/de\/","name":"IMI","description":"Vom Kinderwunsch zum Wunschkind","potentialAction":[{"@type":"SearchAction","target":{"@type":"EntryPoint","urlTemplate":"https:\/\/dummy.imi.clinic\/de\/?s={search_term_string}"},"query-input":{"@type":"PropertyValueSpecification","valueRequired":true,"valueName":"search_term_string"}}],"inLanguage":"de"}]}},"_links":{"self":[{"href":"https:\/\/dummy.imi.clinic\/de\/wp-json\/wp\/v2\/pages\/766","targetHints":{"allow":["GET"]}}],"collection":[{"href":"https:\/\/dummy.imi.clinic\/de\/wp-json\/wp\/v2\/pages"}],"about":[{"href":"https:\/\/dummy.imi.clinic\/de\/wp-json\/wp\/v2\/types\/page"}],"author":[{"embeddable":true,"href":"https:\/\/dummy.imi.clinic\/de\/wp-json\/wp\/v2\/users\/9"}],"replies":[{"embeddable":true,"href":"https:\/\/dummy.imi.clinic\/de\/wp-json\/wp\/v2\/comments?post=766"}],"version-history":[{"count":1,"href":"https:\/\/dummy.imi.clinic\/de\/wp-json\/wp\/v2\/pages\/766\/revisions"}],"predecessor-version":[{"id":8144,"href":"https:\/\/dummy.imi.clinic\/de\/wp-json\/wp\/v2\/pages\/766\/revisions\/8144"}],"up":[{"embeddable":true,"href":"https:\/\/dummy.imi.clinic\/de\/wp-json\/wp\/v2\/pages\/758"}],"wp:attachment":[{"href":"https:\/\/dummy.imi.clinic\/de\/wp-json\/wp\/v2\/media?parent=766"}],"curies":[{"name":"wp","href":"https:\/\/api.w.org\/{rel}","templated":true}]}}