{"id":179,"date":"2015-06-28T10:05:52","date_gmt":"2015-06-28T08:05:52","guid":{"rendered":"http:\/\/dummy.imi.co.at\/?page_id=179"},"modified":"2019-05-14T10:54:25","modified_gmt":"2019-05-14T08:54:25","slug":"in-der-presse","status":"publish","type":"page","link":"https:\/\/dummy.imi.clinic\/de\/ueber-imi-kinderwunschklinik-in-wien\/in-der-presse\/","title":{"rendered":"imi Kinderwunschklinik in der Presse"},"content":{"rendered":"[vc_row type=&#8220;full_width_background&#8220; full_screen_row_position=&#8220;middle&#8220; scene_position=&#8220;center&#8220; text_color=&#8220;light&#8220; text_align=&#8220;left&#8220; overlay_strength=&#8220;0.3&#8243; shape_divider_position=&#8220;bottom&#8220; bg_image_animation=&#8220;none&#8220; shape_type=&#8220;&#8220;][vc_column column_padding=&#8220;no-extra-padding&#8220; column_padding_position=&#8220;all&#8220; background_color_opacity=&#8220;1&#8243; background_hover_color_opacity=&#8220;1&#8243; column_link_target=&#8220;_self&#8220; column_shadow=&#8220;none&#8220; column_border_radius=&#8220;none&#8220; width=&#8220;1\/1&#8243; tablet_width_inherit=&#8220;default&#8220; tablet_text_alignment=&#8220;default&#8220; phone_text_alignment=&#8220;default&#8220; column_border_width=&#8220;none&#8220; column_border_style=&#8220;solid&#8220; bg_image_animation=&#8220;none&#8220;][vc_row_inner column_margin=&#8220;default&#8220; text_align=&#8220;left&#8220;][vc_column_inner column_padding=&#8220;no-extra-padding&#8220; column_padding_position=&#8220;all&#8220; background_color_opacity=&#8220;1&#8243; background_hover_color_opacity=&#8220;1&#8243; column_shadow=&#8220;none&#8220; column_border_radius=&#8220;none&#8220; top_margin=&#8220;30&#8243; column_link_target=&#8220;_self&#8220; width=&#8220;1\/4&#8243; tablet_width_inherit=&#8220;default&#8220; column_border_width=&#8220;none&#8220; column_border_style=&#8220;solid&#8220; bg_image_animation=&#8220;none&#8220; offset=&#8220;vc_col-md-4 vc_col-xs-6&#8243;][team_member image_url=&#8220;3859&#8243; bio_image_url=&#8220;3857&#8243; team_memeber_style=&#8220;bio_fullscreen&#8220; name=&#8220;Maxima&#8220; job_position=&#8220;Jun 2011 &#8220; team_member_bio=&#8220;KINDERSEGEN OHNE IVF<\/p>\n<p>In Wien gibt es jetzt die Kinderwunschklinik Imi, die sich auf den gesamten Bereich der Nicht-IVF (InVitro-Fertilisation\/k\u00fcnstliche Befruchtung) spezialisiert hat. Doz. Dr. Andrea Weghofer: \u00bbSpezial-Diagnostik und -Behandlung kann vielen Paaren k\u00fcnstliche Befruchtung ersparen.<\/p>\n<p>Die Therapie beginnt innerhalb von nur acht Tagen, sollte eine IVF doch unumg\u00e4nglich sein, liegen die Erfolgschancen bei 72 %. www.imi.co.at.<\/p>\n<p>Um den ganzen Artikel zu lesen, klicken Sie auf nachfolgendes Icon:&#8220; social_icon_1=&#8220;fa fa-file-pdf-o&#8220; social_link_1=&#8220;https:\/\/dummy.imi.clinic\/wp-content\/uploads\/2018\/05\/Maxima_Juni_2011.pdf &#8222;][\/vc_column_inner][vc_column_inner column_padding=&#8220;no-extra-padding&#8220; column_padding_position=&#8220;all&#8220; background_color_opacity=&#8220;1&#8243; background_hover_color_opacity=&#8220;1&#8243; column_shadow=&#8220;none&#8220; column_border_radius=&#8220;none&#8220; column_link_target=&#8220;_self&#8220; width=&#8220;1\/4&#8243; tablet_width_inherit=&#8220;default&#8220; column_border_width=&#8220;none&#8220; column_border_style=&#8220;solid&#8220; bg_image_animation=&#8220;none&#8220; offset=&#8220;vc_col-md-4 vc_col-xs-6&#8243;][team_member image_url=&#8220;3864&#8243; bio_image_url=&#8220;3407&#8243; team_memeber_style=&#8220;bio_fullscreen&#8220; name=&#8220;Madonna&#8220; job_position=&#8220;Feb 2011 &#8220; team_member_bio=&#8220;BEREITS JEDES F\u00dcNFTE PAAR HAT PROBLEME, AUF NAT\u00dcRLICHEM WEG EIN KIND ZU BEKOMMEN.<\/p>\n<p>Was sind die Ursachen und was kann helfen? Ab 30 schwieriger.<\/p>\n<p>Derzeit hat bereits jedes f\u00fcnfte Paar in \u00d6sterreich Probleme, auf nat\u00fcrlichem Weg ein Kind zu empfangen&#8222;, wei\u00df Frauenfacharzt Martin Imhof. Allein in Wien und Nieder\u00f6sterreich bleiben an die 195.000 Paare l\u00e4nger als ein Jahr ungewollt kinderlos.<\/p>\n<p>Eine der Hauptursachen daf\u00fcr ist die Tatsache, dass sich viele Frauen erst in einem sp\u00e4teren Lebensabschnitt f\u00fcr ein Kind entscheiden&#8222;, sagt Imhof.<\/p>\n<p>Um den ganzen Artikel zu lesen, klicken Sie auf nachfolgendes Icon:<br \/>\n&#8220; social_icon_1=&#8220;fa fa-file-pdf-o&#8220; social_link_1=&#8220;https:\/\/dummy.imi.clinic\/wp-content\/uploads\/2018\/05\/20110212_IMI_Dr.-Imhof-im-Talk_Madonna.pdf&#8220;][\/vc_column_inner][\/vc_row_inner][vc_row_inner column_margin=&#8220;default&#8220; translate_y=&#8220;-27&#8243; text_align=&#8220;left&#8220;][vc_column_inner column_padding=&#8220;no-extra-padding&#8220; column_padding_position=&#8220;all&#8220; background_color_opacity=&#8220;1&#8243; background_hover_color_opacity=&#8220;1&#8243; column_shadow=&#8220;none&#8220; column_border_radius=&#8220;none&#8220; column_link_target=&#8220;_self&#8220; width=&#8220;1\/3&#8243; tablet_width_inherit=&#8220;default&#8220; column_border_width=&#8220;none&#8220; column_border_style=&#8220;solid&#8220; bg_image_animation=&#8220;none&#8220; offset=&#8220;vc_hidden-sm vc_hidden-xs&#8220;][\/vc_column_inner][vc_column_inner column_padding=&#8220;no-extra-padding&#8220; column_padding_position=&#8220;all&#8220; background_color_opacity=&#8220;1&#8243; background_hover_color_opacity=&#8220;1&#8243; column_shadow=&#8220;none&#8220; column_border_radius=&#8220;none&#8220; column_link_target=&#8220;_self&#8220; width=&#8220;1\/3&#8243; tablet_width_inherit=&#8220;default&#8220; column_border_width=&#8220;none&#8220; column_border_style=&#8220;solid&#8220; bg_image_animation=&#8220;none&#8220; offset=&#8220;vc_col-xs-6&#8243;][team_member image_url=&#8220;3867&#8243; bio_image_url=&#8220;3394&#8243; team_memeber_style=&#8220;bio_fullscreen&#8220; name=&#8220;Woman&#8220; job_position=&#8220;Okt 2010&#8243; team_member_bio=&#8220;KINDERWUNSCH IST ERF\u00dcLLBAR<\/p>\n<p>Endlich ein Baby. Je mehr man sich ihn w\u00fcnscht, desto weniger will er manchmal klappen: der Besuch vom Storch. Wir wollten wissen, was die Medizin hoffnungsvollen Paaren Sachen Nachwuchs helfen kann.<\/p>\n<p>Um den ganzen Artikel zu lesen, klicken Sie auf nachfolgendes Icon:<\/p>\n<p>&#8220; social_icon_1=&#8220;fa fa-file-pdf-o&#8220; social_link_1=&#8220;https:\/\/dummy.imi.clinic\/wp-content\/uploads\/2018\/05\/20101029_IMI_Interview_Woman.pdf&#8220;][\/vc_column_inner][vc_column_inner column_padding=&#8220;no-extra-padding&#8220; column_padding_position=&#8220;all&#8220; background_color_opacity=&#8220;1&#8243; background_hover_color_opacity=&#8220;1&#8243; column_shadow=&#8220;none&#8220; column_border_radius=&#8220;none&#8220; top_margin=&#8220;-30&#8243; column_link_target=&#8220;_self&#8220; width=&#8220;1\/3&#8243; tablet_width_inherit=&#8220;default&#8220; column_border_width=&#8220;none&#8220; column_border_style=&#8220;solid&#8220; bg_image_animation=&#8220;none&#8220; offset=&#8220;vc_col-xs-6&#8243;][team_member image_url=&#8220;3875&#8243; bio_image_url=&#8220;3394&#8243; team_memeber_style=&#8220;bio_fullscreen&#8220; name=&#8220;Wienerin&#8220; job_position=&#8220;Okt 2010&#8243; team_member_bio=&#8220;ENDLICH ELTERN<\/p>\n<p>Immer mehr Paare bleiben heutzutage ungewollt kinderlos. Fragt sich, was am Zeugen eigentlich so schwierig ist? Ein Kinderwunschexperte kl\u00e4rt auf, warum Eltern sein oft leichter ist als Eltern werden:<\/p>\n<p>Um den ganzen Artikel zu lesen, klicken Sie auf nachfolgendes Icon:&#8220; social_icon_1=&#8220;fa fa-file-pdf-o&#8220; social_link_1=&#8220;https:\/\/dummy.imi.clinic\/wp-content\/uploads\/2018\/05\/20101028_IMI_Interview_Wienerin.pdf&#8220;][\/vc_column_inner][\/vc_row_inner][\/vc_column][\/vc_row]\n","protected":false},"excerpt":{"rendered":"<p>[vc_row type=&#8220;full_width_background&#8220; full_screen_row_position=&#8220;middle&#8220; scene_position=&#8220;center&#8220; text_color=&#8220;light&#8220; text_align=&#8220;left&#8220; overlay_strength=&#8220;0.3&#8243; shape_divider_position=&#8220;bottom&#8220; bg_image_animation=&#8220;none&#8220; shape_type=&#8220;&#8220;][vc_column column_padding=&#8220;no-extra-padding&#8220; column_padding_position=&#8220;all&#8220; background_color_opacity=&#8220;1&#8243; background_hover_color_opacity=&#8220;1&#8243; column_link_target=&#8220;_self&#8220; column_shadow=&#8220;none&#8220; column_border_radius=&#8220;none&#8220; width=&#8220;1\/1&#8243; tablet_width_inherit=&#8220;default&#8220; tablet_text_alignment=&#8220;default&#8220; phone_text_alignment=&#8220;default&#8220; column_border_width=&#8220;none&#8220; column_border_style=&#8220;solid&#8220; bg_image_animation=&#8220;none&#8220;][vc_row_inner column_margin=&#8220;default&#8220; text_align=&#8220;left&#8220;][vc_column_inner column_padding=&#8220;no-extra-padding&#8220; column_padding_position=&#8220;all&#8220; background_color_opacity=&#8220;1&#8243; background_hover_color_opacity=&#8220;1&#8243;&#8230;<\/p>\n","protected":false},"author":9,"featured_media":0,"parent":169,"menu_order":8,"comment_status":"closed","ping_status":"closed","template":"","meta":{"footnotes":""},"class_list":["post-179","page","type-page","status-publish"],"yoast_head":"<!-- This site is optimized with the Yoast SEO plugin v27.0 - https:\/\/yoast.com\/product\/yoast-seo-wordpress\/ -->\n<title>imi Kinderwunschklinik in der Presse - Zentrum f\u00fcr Kinderwunschmedizin<\/title>\n<meta name=\"description\" content=\"Hier finden Sie aktuelle Informationen zu Presseinformationen von imi Kinderwunschklinik dem Zentrum f\u00fcr Kinderwunschmedizin in Wien.\" \/>\n<meta name=\"robots\" content=\"index, follow, max-snippet:-1, max-image-preview:large, max-video-preview:-1\" \/>\n<link rel=\"canonical\" href=\"https:\/\/dummy.imi.clinic\/de\/ueber-imi-kinderwunschklinik-in-wien\/in-der-presse\/\" \/>\n<meta property=\"og:locale\" content=\"de_DE\" \/>\n<meta property=\"og:type\" content=\"article\" \/>\n<meta property=\"og:title\" content=\"imi Kinderwunschklinik in der Presse - Zentrum f\u00fcr Kinderwunschmedizin\" \/>\n<meta property=\"og:description\" content=\"Hier finden Sie aktuelle Informationen zu Presseinformationen von imi Kinderwunschklinik dem Zentrum f\u00fcr Kinderwunschmedizin in Wien.\" \/>\n<meta property=\"og:url\" content=\"https:\/\/dummy.imi.clinic\/de\/ueber-imi-kinderwunschklinik-in-wien\/in-der-presse\/\" \/>\n<meta property=\"og:site_name\" content=\"IMI\" \/>\n<meta property=\"article:modified_time\" content=\"2019-05-14T08:54:25+00:00\" \/>\n<meta name=\"twitter:card\" content=\"summary_large_image\" \/>\n<meta name=\"twitter:label1\" content=\"Gesch\u00e4tzte Lesezeit\" \/>\n\t<meta name=\"twitter:data1\" content=\"4\u00a0Minuten\" \/>\n<script type=\"application\/ld+json\" class=\"yoast-schema-graph\">{\"@context\":\"https:\/\/schema.org\",\"@graph\":[{\"@type\":\"WebPage\",\"@id\":\"https:\/\/dummy.imi.clinic\/de\/ueber-imi-kinderwunschklinik-in-wien\/in-der-presse\/\",\"url\":\"https:\/\/dummy.imi.clinic\/de\/ueber-imi-kinderwunschklinik-in-wien\/in-der-presse\/\",\"name\":\"imi Kinderwunschklinik in der Presse - Zentrum f\u00fcr Kinderwunschmedizin\",\"isPartOf\":{\"@id\":\"https:\/\/dummy.imi.clinic\/de\/#website\"},\"datePublished\":\"2015-06-28T08:05:52+00:00\",\"dateModified\":\"2019-05-14T08:54:25+00:00\",\"description\":\"Hier finden Sie aktuelle Informationen zu Presseinformationen von imi Kinderwunschklinik dem Zentrum f\u00fcr Kinderwunschmedizin in Wien.\",\"breadcrumb\":{\"@id\":\"https:\/\/dummy.imi.clinic\/de\/ueber-imi-kinderwunschklinik-in-wien\/in-der-presse\/#breadcrumb\"},\"inLanguage\":\"de\",\"potentialAction\":[{\"@type\":\"ReadAction\",\"target\":[\"https:\/\/dummy.imi.clinic\/de\/ueber-imi-kinderwunschklinik-in-wien\/in-der-presse\/\"]}]},{\"@type\":\"BreadcrumbList\",\"@id\":\"https:\/\/dummy.imi.clinic\/de\/ueber-imi-kinderwunschklinik-in-wien\/in-der-presse\/#breadcrumb\",\"itemListElement\":[{\"@type\":\"ListItem\",\"position\":1,\"name\":\"Startseite\",\"item\":\"https:\/\/dummy.imi.clinic\/de\/\"},{\"@type\":\"ListItem\",\"position\":2,\"name\":\"\u00dcber imi\",\"item\":\"https:\/\/dummy.imi.clinic\/de\/ueber-imi-kinderwunschklinik-in-wien\/\"},{\"@type\":\"ListItem\",\"position\":3,\"name\":\"imi Kinderwunschklinik in der Presse\"}]},{\"@type\":\"WebSite\",\"@id\":\"https:\/\/dummy.imi.clinic\/de\/#website\",\"url\":\"https:\/\/dummy.imi.clinic\/de\/\",\"name\":\"IMI\",\"description\":\"Vom Kinderwunsch zum Wunschkind\",\"potentialAction\":[{\"@type\":\"SearchAction\",\"target\":{\"@type\":\"EntryPoint\",\"urlTemplate\":\"https:\/\/dummy.imi.clinic\/de\/?s={search_term_string}\"},\"query-input\":{\"@type\":\"PropertyValueSpecification\",\"valueRequired\":true,\"valueName\":\"search_term_string\"}}],\"inLanguage\":\"de\"}]}<\/script>\n<!-- \/ Yoast SEO plugin. -->","yoast_head_json":{"title":"imi Kinderwunschklinik in der Presse - Zentrum f\u00fcr Kinderwunschmedizin","description":"Hier finden Sie aktuelle Informationen zu Presseinformationen von imi Kinderwunschklinik dem Zentrum f\u00fcr Kinderwunschmedizin in Wien.","robots":{"index":"index","follow":"follow","max-snippet":"max-snippet:-1","max-image-preview":"max-image-preview:large","max-video-preview":"max-video-preview:-1"},"canonical":"https:\/\/dummy.imi.clinic\/de\/ueber-imi-kinderwunschklinik-in-wien\/in-der-presse\/","og_locale":"de_DE","og_type":"article","og_title":"imi Kinderwunschklinik in der Presse - Zentrum f\u00fcr Kinderwunschmedizin","og_description":"Hier finden Sie aktuelle Informationen zu Presseinformationen von imi Kinderwunschklinik dem Zentrum f\u00fcr Kinderwunschmedizin in Wien.","og_url":"https:\/\/dummy.imi.clinic\/de\/ueber-imi-kinderwunschklinik-in-wien\/in-der-presse\/","og_site_name":"IMI","article_modified_time":"2019-05-14T08:54:25+00:00","twitter_card":"summary_large_image","twitter_misc":{"Gesch\u00e4tzte Lesezeit":"4\u00a0Minuten"},"schema":{"@context":"https:\/\/schema.org","@graph":[{"@type":"WebPage","@id":"https:\/\/dummy.imi.clinic\/de\/ueber-imi-kinderwunschklinik-in-wien\/in-der-presse\/","url":"https:\/\/dummy.imi.clinic\/de\/ueber-imi-kinderwunschklinik-in-wien\/in-der-presse\/","name":"imi Kinderwunschklinik in der Presse - Zentrum f\u00fcr Kinderwunschmedizin","isPartOf":{"@id":"https:\/\/dummy.imi.clinic\/de\/#website"},"datePublished":"2015-06-28T08:05:52+00:00","dateModified":"2019-05-14T08:54:25+00:00","description":"Hier finden Sie aktuelle Informationen zu Presseinformationen von imi Kinderwunschklinik dem Zentrum f\u00fcr Kinderwunschmedizin in Wien.","breadcrumb":{"@id":"https:\/\/dummy.imi.clinic\/de\/ueber-imi-kinderwunschklinik-in-wien\/in-der-presse\/#breadcrumb"},"inLanguage":"de","potentialAction":[{"@type":"ReadAction","target":["https:\/\/dummy.imi.clinic\/de\/ueber-imi-kinderwunschklinik-in-wien\/in-der-presse\/"]}]},{"@type":"BreadcrumbList","@id":"https:\/\/dummy.imi.clinic\/de\/ueber-imi-kinderwunschklinik-in-wien\/in-der-presse\/#breadcrumb","itemListElement":[{"@type":"ListItem","position":1,"name":"Startseite","item":"https:\/\/dummy.imi.clinic\/de\/"},{"@type":"ListItem","position":2,"name":"\u00dcber imi","item":"https:\/\/dummy.imi.clinic\/de\/ueber-imi-kinderwunschklinik-in-wien\/"},{"@type":"ListItem","position":3,"name":"imi Kinderwunschklinik in der Presse"}]},{"@type":"WebSite","@id":"https:\/\/dummy.imi.clinic\/de\/#website","url":"https:\/\/dummy.imi.clinic\/de\/","name":"IMI","description":"Vom Kinderwunsch zum Wunschkind","potentialAction":[{"@type":"SearchAction","target":{"@type":"EntryPoint","urlTemplate":"https:\/\/dummy.imi.clinic\/de\/?s={search_term_string}"},"query-input":{"@type":"PropertyValueSpecification","valueRequired":true,"valueName":"search_term_string"}}],"inLanguage":"de"}]}},"_links":{"self":[{"href":"https:\/\/dummy.imi.clinic\/de\/wp-json\/wp\/v2\/pages\/179","targetHints":{"allow":["GET"]}}],"collection":[{"href":"https:\/\/dummy.imi.clinic\/de\/wp-json\/wp\/v2\/pages"}],"about":[{"href":"https:\/\/dummy.imi.clinic\/de\/wp-json\/wp\/v2\/types\/page"}],"author":[{"embeddable":true,"href":"https:\/\/dummy.imi.clinic\/de\/wp-json\/wp\/v2\/users\/9"}],"replies":[{"embeddable":true,"href":"https:\/\/dummy.imi.clinic\/de\/wp-json\/wp\/v2\/comments?post=179"}],"version-history":[{"count":0,"href":"https:\/\/dummy.imi.clinic\/de\/wp-json\/wp\/v2\/pages\/179\/revisions"}],"up":[{"embeddable":true,"href":"https:\/\/dummy.imi.clinic\/de\/wp-json\/wp\/v2\/pages\/169"}],"wp:attachment":[{"href":"https:\/\/dummy.imi.clinic\/de\/wp-json\/wp\/v2\/media?parent=179"}],"curies":[{"name":"wp","href":"https:\/\/api.w.org\/{rel}","templated":true}]}}