{"id":5599,"date":"2019-05-14T11:36:12","date_gmt":"2019-05-14T09:36:12","guid":{"rendered":"https:\/\/dummy.imi.clinic\/?page_id=5599"},"modified":"2019-09-18T10:20:03","modified_gmt":"2019-09-18T08:20:03","slug":"datenschutz","status":"publish","type":"page","link":"https:\/\/dummy.imi.clinic\/ch\/datenschutz\/","title":{"rendered":"Datenschutz"},"content":{"rendered":"<h2>Datenschutzerkl\u00e4rung<\/h2>\n<p>Der Schutz Ihrer pers\u00f6nlichen Daten ist uns ein besonderes Anliegen. Wir verarbeiten Ihre Daten daher ausschlie\u00dflich auf Grundlage der gesetzlichen Bestimmungen (DSGVO, TKG 2003). In diesen Datenschutzinformationen informieren wir Sie \u00fcber die wichtigsten Aspekte der Datenverarbeitung im Rahmen unserer Website.<\/p>\n<h3>Kontakt mit uns<\/h3>\n<p>Wenn Sie per Formular auf der Website oder per E-Mail Kontakt mit uns aufnehmen, werden Ihre angegebenen Daten zwecks Bearbeitung der Anfrage und f\u00fcr den Fall von Anschlussfragen sechs Monate bei uns gespeichert. Diese Daten geben wir nicht ohne Ihre Einwilligung weiter.<\/p>\n<h3>Cookies<\/h3>\n<p>Unsere Website verwendet so genannte Cookies. Dabei handelt es sich um kleine Textdateien, die mit Hilfe des Browsers auf Ihrem Endger\u00e4t abgelegt werden. Sie richten keinen Schaden an.<\/p>\n<p>Wir nutzen Cookies dazu, unser Angebot nutzerfreundlich zu gestalten. Einige Cookies bleiben auf Ihrem Endger\u00e4t gespeichert, bis Sie diese l\u00f6schen. Sie erm\u00f6glichen es uns, Ihren Browser beim n\u00e4chsten Besuch wiederzuerkennen.<\/p>\n<p>Wenn Sie dies nicht w\u00fcnschen, so k\u00f6nnen Sie Ihren Browser so einrichten, dass er Sie \u00fcber das Setzen von Cookies informiert und Sie dies nur im Einzelfall erlauben.<\/p>\n<p>Bei der Deaktivierung von Cookies kann die Funktionalit\u00e4t unserer Website eingeschr\u00e4nkt sein.<\/p>\n<h3>Server-Log-Files<\/h3>\n<p>Der Provider der Seiten erhebt und speichert automatisch Informationen in so genannten Server-Log Files, die Ihr Browser automatisch an uns \u00fcbermittelt. Dies sind: die vom Browser \u00fcbermittelte Browsererkennung und Version, das verwendete Betriebssystem,\u00a0Referrer URL,\u00a0Hostname des zugreifenden Rechners, Uhrzeit der Serveranfrage sowie die IP-Adresse (gegebenenfalls in anonymisierter Form).<\/p>\n<p>Diese Daten sind nicht bestimmten Personen zuordenbar. Eine Zusammenf\u00fchrung dieser Daten mit anderen Datenquellen wird nicht vorgenommen. Wir behalten uns vor, diese Daten nachtr\u00e4glich zu pr\u00fcfen, wenn uns konkrete Anhaltspunkte f\u00fcr eine rechtswidrige Nutzung bekannt werden.<\/p>\n<h3>Web-Analyse<\/h3>\n<h4>Google Analytics<\/h4>\n<p>Sofern Sie zugestimmt haben, setzen wir auf dieser Website Google Analytics, einen Webanalysedienst der Firma Google Inc., 1600 Amphitheatre Parkway, Mountain View, CA 94043, USA (nachfolgend \u201eGoogle\u201c), ein.<\/p>\n<p>Google Analytics verwendet sogenannte \u201eCookies\u201c, Textdateien, die auf Ihrem Computer gespeichert werden und die eine Analyse der Benutzung der Website durch Sie erm\u00f6glichen. Die dadurch erzeugten Informationen \u00fcber Ihre Benutzung dieser Website (beispielsweise Ihre IP-Adresse, Ger\u00e4t und Browser, Zeit, Ort und Verweildauer Ihres Website-Besuchs, besuchte Seiten auf der Website) werden in der Regel an einen Server von Google in den USA \u00fcbertragen und dort gespeichert.<\/p>\n<p>Da auf unserer Website die IP-Anonymisierung aktiv ist, wird Ihre IP-Adresse von Google jedoch innerhalb von Mitgliedstaaten der Europ\u00e4ischen Union oder in anderen Vertragsstaaten des Abkommens \u00fcber den Europ\u00e4ischen Wirtschaftsraum zuvor gek\u00fcrzt (durch L\u00f6schung der letzten 8 Bit). Nur in Ausnahmef\u00e4llen wird die volle IP-Adresse an einen Server von Google in den USA \u00fcbertragen und dort gek\u00fcrzt. Wir weisen darauf hin, dass in den USA personenbezogene Daten einem niedrigeren Schutzniveau als in Europa unterliegen.<\/p>\n<p>In unserem Auftrag benutzt Google diese Informationen, um Ihre Nutzung der Website auszuwerten, um Reports \u00fcber die Websiteaktivit\u00e4ten zusammenzustellen und um weitere mit der Websitenutzung und der Internetnutzung verbundene Dienstleistungen gegen\u00fcber dem Website-Betreiber zu erbringen.<\/p>\n<p>Die im Rahmen von Google Analytics von Ihrem Browser \u00fcbermittelte IP-Adresse wird nicht mit anderen Daten von Google zusammengef\u00fchrt.<\/p>\n<p>Die Daten werden 38 Monate bei Google aufbewahrt, bevor sie automatisch gel\u00f6scht werden.<\/p>\n<p>N\u00e4here Informationen zu Nutzungsbedingungen und Datenschutz finden Sie unter:<br \/>\n<a href=\"https:\/\/www.google.com\/analytics\/terms\/de.html\">https:\/\/www.google.com\/analytics\/terms\/de.html<\/a><\/p>\n<p>Sie k\u00f6nnen die Speicherung der Cookies durch eine entsprechende Einstellung Ihrer Browser-Software verhindern; wir weisen Sie jedoch darauf hin, dass Sie in diesem Fall gegebenenfalls nicht s\u00e4mtliche Funktionen dieser Website vollumf\u00e4nglich werden nutzen k\u00f6nnen.<\/p>\n<p>Sie k\u00f6nnen dar\u00fcber hinaus die Erfassung der durch das Cookie erzeugten und auf Ihre Nutzung der Website bezogenen Daten (inkl. Ihrer IP-Adresse) an Google sowie die Verarbeitung dieser Daten durch Google verhindern, indem Sie das unter dem folgenden Link verf\u00fcgbare Browser-Plugin herunterladen und installieren:<br \/>\n<a href=\"http:\/\/tools.google.com\/dlpage\/gaoptout?hl=de\">http:\/\/tools.google.com\/dlpage\/gaoptout?hl=de<\/a><\/p>\n<p>Auf diese Weise k\u00f6nnen Sie auch eine erteilte Zustimmung ohne Angabe von Gr\u00fcnden widerrufen. Dadurch wird die Rechtm\u00e4\u00dfigkeit der bis dahin erfolgten Verarbeitung der Cookies aber nicht ber\u00fchrt.<\/p>\n<h4>Google Conversion Tracking<\/h4>\n<p>Wenn Sie \u00fcber eine Google-Anzeige auf unsere Webseite gelangt sind, wird auf Ihrem Rechner ein Cookie abgelegt. Anhand dieses Cookies k\u00f6nnen wir und Google erkennen, dass Sie durch eine Google-Anzeige auf unsere Website gelangt sind. Dies dient dazu, Conversion-Statistiken zu erstellen, d.h. zu erfassen, wie viele Nutzer nach Anklicken einer Anzeige auf eine Conversion-Seite gelangen, d.h. einen Bestellvorgang abschlie\u00dfen.<\/p>\n<p>Deaktivieren: Blockieren von Cookies der Domain &#171;googleadservices.com&#187;<\/p>\n<h4>Google Tag Manager<\/h4>\n<p>Auf unserer Webseite setzen wir den Google Tag Manager ein. Der Google Tag Manager ist eine L\u00f6sung von Google Inc., mit der wir unsere Website-Tags \u00fcber eine Oberfl\u00e4che verwalten k\u00f6nnen. Bei dem Google Tag Manager handelt es sich um eine cookielose Domain, die keine personenbezogenen Daten erfasst oder speichert. Der Google Tag Manager sorgt lediglich f\u00fcr die Ausl\u00f6sung anderer Tags, die ihrerseits unter Umst\u00e4nden Daten erfassen. Der Google Tag Manager kann nicht auf diese Daten zugreifen. Sofern Sie auf Domain- oder Cookie-Ebene eine Deaktivierung durchgef\u00fchrt haben, bleibt diese Deaktivierung f\u00fcr alle Tracking-Tags bestehen, die \u00fcber den Google Tag Manager implementiert worden sind.<\/p>\n<h3>Google Maps<\/h3>\n<p>Unsere Homepage nutzt \u00fcber eine Schnittstelle den Online-Kartendienstanbieter Google Maps. Anbieter des Kartendienstes ist Google Inc., 1600 Amphitheatre Parkway, Mountain View, CA 94043, USA.<\/p>\n<p>Zur Nutzung der Funktionalit\u00e4ten von Google Maps ist es notwendig, Ihre IP Adresse zu speichern. Diese Informationen werden an einen Server von Google in den USA \u00fcbertragen und dort gespeichert. Der Anbieter dieser Seite hat keinen Einfluss auf diese Daten\u00fcbertragung.<br \/>\nDie Nutzung des Kartendienstes Google Maps erfolgt im Interesse einer ansprechenden Darstellung unseres Online-Angebots und an der einfacheren Auffindbarkeit der von uns auf der Website angef\u00fchrten Adressen. Dies stellt ein berechtigtes Interesse im Sinne von Art. 6 Abs. 1 lit. f DSGVO dar.<\/p>\n<p>Weitere Informationen zum Umgang mit Nutzerdaten finden Sie in der Datenschutzerkl\u00e4rung von Google: <a href=\"https:\/\/www.google.de\/intl\/de\/policies\/privacy\/.\">https:\/\/www.google.de\/intl\/de\/policies\/privacy\/.<\/a><\/p>\n<h3>YouTube<\/h3>\n<p>Unsere Webseite nutzt Plugins des von Google Inc betriebenen Video-Portals YouTube. Betreiber des Portals ist YouTube, LLC, 901 Cherry Ave., San Bruno, CA 94066, USA.<br \/>\nWenn Sie eine unserer mit einem YouTube-Plugin ausgestatteten Seiten unserer Homepage aufrufen, wird eine Verbindung zu den Servern von YouTube hergestellt. Hierbei wird den Servern von Youtube mitgeteilt, welche Seiten auf unserer Homepage aufgerufen wurden. Wenn Sie beim Aufruf unserer Website in Ihrem YouTube-Account eingeloggt sind, erm\u00f6glichen Sie es YouTube, Ihr Surfverhalten direkt Ihrem pers\u00f6nlichen Profil zuzuordnen. Dies k\u00f6nnen Sie dadurch verhindern, indem Sie sich aus Ihrem YouTube-Account ausloggen.<br \/>\nWeitere Informationen zum Umgang mit Nutzerdaten finden Sie in der Datenschutzerkl\u00e4rung von YouTube, abrufbar unter: <a href=\"https:\/\/www.google.de\/intl\/de\/policies\/privacy\">https:\/\/www.google.de\/intl\/de\/policies\/privacy<\/a><\/p>\n<p>Die Beziehung zum au\u00dfereurop\u00e4ischen Anbieter Google Inc. basiert auf Standardvertragsklauseln \/ einem Angemessenheitsbeschluss der Europ\u00e4ischen Kommission (\u201ePrivacy Shield\u201c \u2013 USA).<\/p>\n<h3>Hotjar<\/h3>\n<p>Wir nutzten auf unserer Website Hotjar, dabei handelt es sich um einen sogenannten Webanalysedienst. Betreibergesellschaft der Hotjar-Komponente ist die Hotjar Ltd. Hotjar Ltd. ist ein europ\u00e4isches Unternehmen mit Sitz in Malta (Hotjar Ltd, Level 2, St Julians Business Centre, 3, Elia Zammit Street, St Julians STJ 1000, Malta, Europe). Die Benutzung erfolgt auf der Grundlage des Art. 6 Abs. 1 S. 1 lit. f DSGVO.<\/p>\n<p>Die Informationen werden an die Hotjar Server in Irland \u00fcbermittelt und dort gespeichert. Durch die Benutzung von Hotjar werden folgende Informationen gesammelt:<\/p>\n<p>Die IP-Adresse Ihres Ger\u00e4tes (in einem anonymisierten Format);<\/p>\n<ul>\n<li>Ihre E-Mail-Adresse inklusive Ihres Vor- und Nachnamens, soweit Sie diese Information uns zur Verf\u00fcgung gestellt haben;<\/li>\n<li>Bezugnehmende Domain;<\/li>\n<li>Besuchte Seiten;<\/li>\n<li>Geographischer Standpunkt (nur das Land);<\/li>\n<li>Datum und Zeit des Zugriffs auf unsere Website;<br \/>\nBildschirmgr\u00f6\u00dfe Ihres Ger\u00e4tes;<\/li>\n<li>Ger\u00e4tetyp und Browserinformation.<\/li>\n<\/ul>\n<p>Mit diesem Tool k\u00f6nnen wir Bewegungen auf unserer Website nachvollziehen (mittels sog. Heatmaps). So ist es zum Beispiel erkennbar, wie weit Nutzer scrollen und welche Schaltfl\u00e4chen die Nutzer wie oft anklicken. Weiterhin ist es mithilfe des Tools auch m\u00f6glich, Feedback direkt von den Nutzern der Website einzuholen. Mit dieser Unterst\u00fctzung erlangen wir wertvolle Informationen, um unsere Website noch schneller und kundenfreundlicher zu gestalten.<\/p>\n<p>Wir achten beim Einsatz von Hotjar besonders auf den Schutz Ihrer personenbezogenen Daten. Wir k\u00f6nnen nachvollziehen, welche Schaltfl\u00e4chen angeklickt werden, den Verlauf der Maus, wie weit gescrollt wird, die Bildschirmgr\u00f6\u00dfe des Ger\u00e4tes, Ger\u00e4tetyp und Browserinformation, Geographischer Standpunkt (nur das Land) und die bevorzugte Sprache um unsere Website darzustellen. Die Bereiche unserer Website in denen personenbezogene Daten von Ihnen oder Dritten angezeigt werden, werden von Hotjar automatisch ausgeblendet und sind somit zu keinem Zeitpunkt nachvollziehbar.<\/p>\n<p>Hotjar bietet jedem unserer Nutzer die M\u00f6glichkeit, mithilfe eines \u201cDo Not Track-Headers\u201d den Einsatz des Tools Hotjar zu untersagen, sodass keine Daten \u00fcber den Besuch der jeweiligen Website aufgezeichnet werden. Es handelt sich hierbei um eine Einstellung die alle \u00fcblichen Browser in aktuellen Versionen unterst\u00fctzen. Hierzu sendet Ihr Browser eine Anfrage an Hotjar, mit dem Hinweis das Tracking des jeweiligen Nutzers zu deaktivieren. Sollten Sie unsere Website mit unterschiedlichen Browsern nutzen, m\u00fcssen Sie den \u201cDo Not Track-Header\u201d f\u00fcr jeden dieser Browser\/Rechner separat einrichten.<\/p>\n<p>Eine detaillierte Anleitungen mit Informationen zu Ihrem Browser finden Sie hier:\u00a0<a href=\"https:\/\/www.hotjar.com\/opt-out\">https:\/\/www.hotjar.com\/opt-out<\/a><\/p>\n<p>Weitere Informationen \u00fcber Hotjar Ltd. und \u00fcber das Tool Hotjar finden Sie auf der Website von Hotjar:\u00a0<a href=\"https:\/\/www.hotjar.com\">https:\/\/www.hotjar.com<\/a><\/p>\n<p>Die Datenschutzerkl\u00e4rung der Hotjar Ltd. finden Sie unter:\u00a0<a href=\"https:\/\/www.hotjar.com\/privacy\">https:\/\/www.hotjar.com\/privacy<\/a><\/p>\n<h3><strong>Online-Formulare<\/strong><\/h3>\n<p>Um die Sicherheit Ihrer Daten bei der \u00dcbertragung via Internet zu gew\u00e4hrleisten, verwenden wir dem aktuellen Stand der Technik entsprechende SSL-Verschl\u00fcsselungsverfahren \u00fcber HTTPS.<\/p>\n<p>Wenn Sie per Online-Formular mit uns Kontakt aufnehmen, stimmen Sie der Datenverarbeitung Ihrer eingegebenen Daten zum Zwecke der Bearbeitung Ihres Anliegens zu. Bitte geben Sie keine Gesundheitsdaten in ein freies Textfeld ein, da Online-Formulare f\u00fcr die \u00dcbermittlung von Gesundheitsdaten nicht vorgesehen sind.<\/p>\n<p>F\u00fcr den Fall von Anschlussfragen werden Ihre Daten sechs Monate bei uns gespeichert. Wir geben Ihre Daten nicht ohne Ihre Einwilligung weiter.<\/p>\n<h3>E-Mail<\/h3>\n<p>Wenn Sie per E-Mail mit uns Kontakt aufnehmen, stimmen Sie der Datenverarbeitung Ihrer eingegebenen Daten zum Zwecke der Bearbeitung Ihres Anliegens zu. Bitte geben Sie keine Gesundheitsdaten in der Nachricht oder in einem Anhang bekannt, da E-Mail f\u00fcr die \u00dcbermittlung von Gesundheitsdaten nicht vorgesehen ist.<\/p>\n<p>F\u00fcr den Fall von Anschlussfragen werden Ihre Daten sechs Monate bei uns gespeichert. Wir geben Ihre Daten nicht ohne Ihre Einwilligung weiter.<\/p>\n<h3>Newsletter<\/h3>\n<p>Sie haben die M\u00f6glichkeit, \u00fcber unsere Website unseren Newsletter zu abonnieren. Hierf\u00fcr ben\u00f6tigen wir Ihre E-Mail-Adresse und ihre Erkl\u00e4rung, dass Sie mit dem Bezug des Newsletters einverstanden sind.<\/p>\n<p>Sobald Sie sich f\u00fcr den Newsletter angemeldet haben, senden wir Ihnen ein Best\u00e4tigungs-E-Mail mit einem Link zur Best\u00e4tigung der Anmeldung.<\/p>\n<p>Das Abo des Newsletters k\u00f6nnen Sie jederzeit stornieren. Senden Sie Ihre Stornierung bitte an folgende E-Mail-Adresse: info@imi.co.at. Wir l\u00f6schen anschlie\u00dfend umgehend Ihre Daten im Zusammenhang mit dem Newsletter-Versand. Durch diesen Widerruf wird die Rechtm\u00e4\u00dfigkeit der aufgrund der Zustimmung bis zum Widerruf erfolgten Verarbeitung nicht ber\u00fchrt.<\/p>\n<p><strong>Ihre Rechte<\/strong><\/p>\n<p>Ihnen stehen bez\u00fcglich Ihrer bei uns gespeicherten Daten grunds\u00e4tzlich die Rechte auf Auskunft, Berichtigung, L\u00f6schung, Einschr\u00e4nkung, Daten\u00fcbertragbarkeit, Widerruf und Widerspruch zu. Wenn Sie glauben, dass die Verarbeitung Ihrer Daten gegen das Datenschutzrecht verst\u00f6\u00dft oder Ihre datenschutzrechtlichen Anspr\u00fcche sonst in einer Weise verletzt worden sind, k\u00f6nnen Sie sich bei der uns [info@imi.co.at] oder der Datenschutzbeh\u00f6rde beschweren.<\/p>\n<h4>Sie erreichen uns unter folgenden Kontaktdaten<\/h4>\n<p>imi Kinderwunschklinik<br \/>\nDorotheergasse 7<br \/>\nTop 19 und 20<br \/>\n1010 Wien<\/p>\n<p>Tel.: +43 1 513 06 07<br \/>\nMail: info@imi.co.at<br \/>\nFax:\u00a0+43 1 513 06 07 20<br \/>\nWeb: www.imi.clinic<\/p>\n","protected":false},"excerpt":{"rendered":"<p>Datenschutzerkl\u00e4rung Der Schutz Ihrer pers\u00f6nlichen Daten ist uns ein besonderes Anliegen. Wir verarbeiten Ihre Daten daher ausschlie\u00dflich auf Grundlage der gesetzlichen Bestimmungen (DSGVO, TKG 2003). In diesen Datenschutzinformationen informieren wir&#8230;<\/p>\n","protected":false},"author":9,"featured_media":0,"parent":0,"menu_order":0,"comment_status":"closed","ping_status":"closed","template":"","meta":{"footnotes":""},"class_list":["post-5599","page","type-page","status-publish"],"yoast_head":"<!-- This site is optimized with the Yoast SEO plugin v27.0 - https:\/\/yoast.com\/product\/yoast-seo-wordpress\/ -->\n<title>Datenschutz - IMI<\/title>\n<meta name=\"robots\" content=\"index, follow, max-snippet:-1, max-image-preview:large, max-video-preview:-1\" \/>\n<link rel=\"canonical\" href=\"https:\/\/dummy.imi.clinic\/ch\/datenschutz\/\" \/>\n<meta property=\"og:locale\" content=\"de_DE\" \/>\n<meta property=\"og:type\" content=\"article\" \/>\n<meta property=\"og:title\" content=\"Datenschutz - IMI\" \/>\n<meta property=\"og:description\" content=\"Datenschutzerkl\u00e4rung Der Schutz Ihrer pers\u00f6nlichen Daten ist uns ein besonderes Anliegen. Wir verarbeiten Ihre Daten daher ausschlie\u00dflich auf Grundlage der gesetzlichen Bestimmungen (DSGVO, TKG 2003). In diesen Datenschutzinformationen informieren wir...\" \/>\n<meta property=\"og:url\" content=\"https:\/\/dummy.imi.clinic\/ch\/datenschutz\/\" \/>\n<meta property=\"og:site_name\" content=\"IMI\" \/>\n<meta property=\"article:modified_time\" content=\"2019-09-18T08:20:03+00:00\" \/>\n<meta name=\"twitter:card\" content=\"summary_large_image\" \/>\n<meta name=\"twitter:label1\" content=\"Gesch\u00e4tzte Lesezeit\" \/>\n\t<meta name=\"twitter:data1\" content=\"10\u00a0Minuten\" \/>\n<script type=\"application\/ld+json\" class=\"yoast-schema-graph\">{\"@context\":\"https:\/\/schema.org\",\"@graph\":[{\"@type\":\"WebPage\",\"@id\":\"https:\/\/dummy.imi.clinic\/ch\/datenschutz\/\",\"url\":\"https:\/\/dummy.imi.clinic\/ch\/datenschutz\/\",\"name\":\"Datenschutz - IMI\",\"isPartOf\":{\"@id\":\"https:\/\/dummy.imi.clinic\/ch\/#website\"},\"datePublished\":\"2019-05-14T09:36:12+00:00\",\"dateModified\":\"2019-09-18T08:20:03+00:00\",\"breadcrumb\":{\"@id\":\"https:\/\/dummy.imi.clinic\/ch\/datenschutz\/#breadcrumb\"},\"inLanguage\":\"de-CH\",\"potentialAction\":[{\"@type\":\"ReadAction\",\"target\":[\"https:\/\/dummy.imi.clinic\/ch\/datenschutz\/\"]}]},{\"@type\":\"BreadcrumbList\",\"@id\":\"https:\/\/dummy.imi.clinic\/ch\/datenschutz\/#breadcrumb\",\"itemListElement\":[{\"@type\":\"ListItem\",\"position\":1,\"name\":\"Startseite\",\"item\":\"https:\/\/dummy.imi.clinic\/ch\/\"},{\"@type\":\"ListItem\",\"position\":2,\"name\":\"Datenschutz\"}]},{\"@type\":\"WebSite\",\"@id\":\"https:\/\/dummy.imi.clinic\/ch\/#website\",\"url\":\"https:\/\/dummy.imi.clinic\/ch\/\",\"name\":\"IMI\",\"description\":\"Vom Kinderwunsch zum Wunschkind\",\"potentialAction\":[{\"@type\":\"SearchAction\",\"target\":{\"@type\":\"EntryPoint\",\"urlTemplate\":\"https:\/\/dummy.imi.clinic\/ch\/?s={search_term_string}\"},\"query-input\":{\"@type\":\"PropertyValueSpecification\",\"valueRequired\":true,\"valueName\":\"search_term_string\"}}],\"inLanguage\":\"de-CH\"}]}<\/script>\n<!-- \/ Yoast SEO plugin. -->","yoast_head_json":{"title":"Datenschutz - IMI","robots":{"index":"index","follow":"follow","max-snippet":"max-snippet:-1","max-image-preview":"max-image-preview:large","max-video-preview":"max-video-preview:-1"},"canonical":"https:\/\/dummy.imi.clinic\/ch\/datenschutz\/","og_locale":"de_DE","og_type":"article","og_title":"Datenschutz - IMI","og_description":"Datenschutzerkl\u00e4rung Der Schutz Ihrer pers\u00f6nlichen Daten ist uns ein besonderes Anliegen. Wir verarbeiten Ihre Daten daher ausschlie\u00dflich auf Grundlage der gesetzlichen Bestimmungen (DSGVO, TKG 2003). In diesen Datenschutzinformationen informieren wir...","og_url":"https:\/\/dummy.imi.clinic\/ch\/datenschutz\/","og_site_name":"IMI","article_modified_time":"2019-09-18T08:20:03+00:00","twitter_card":"summary_large_image","twitter_misc":{"Gesch\u00e4tzte Lesezeit":"10\u00a0Minuten"},"schema":{"@context":"https:\/\/schema.org","@graph":[{"@type":"WebPage","@id":"https:\/\/dummy.imi.clinic\/ch\/datenschutz\/","url":"https:\/\/dummy.imi.clinic\/ch\/datenschutz\/","name":"Datenschutz - IMI","isPartOf":{"@id":"https:\/\/dummy.imi.clinic\/ch\/#website"},"datePublished":"2019-05-14T09:36:12+00:00","dateModified":"2019-09-18T08:20:03+00:00","breadcrumb":{"@id":"https:\/\/dummy.imi.clinic\/ch\/datenschutz\/#breadcrumb"},"inLanguage":"de-CH","potentialAction":[{"@type":"ReadAction","target":["https:\/\/dummy.imi.clinic\/ch\/datenschutz\/"]}]},{"@type":"BreadcrumbList","@id":"https:\/\/dummy.imi.clinic\/ch\/datenschutz\/#breadcrumb","itemListElement":[{"@type":"ListItem","position":1,"name":"Startseite","item":"https:\/\/dummy.imi.clinic\/ch\/"},{"@type":"ListItem","position":2,"name":"Datenschutz"}]},{"@type":"WebSite","@id":"https:\/\/dummy.imi.clinic\/ch\/#website","url":"https:\/\/dummy.imi.clinic\/ch\/","name":"IMI","description":"Vom Kinderwunsch zum Wunschkind","potentialAction":[{"@type":"SearchAction","target":{"@type":"EntryPoint","urlTemplate":"https:\/\/dummy.imi.clinic\/ch\/?s={search_term_string}"},"query-input":{"@type":"PropertyValueSpecification","valueRequired":true,"valueName":"search_term_string"}}],"inLanguage":"de-CH"}]}},"_links":{"self":[{"href":"https:\/\/dummy.imi.clinic\/ch\/wp-json\/wp\/v2\/pages\/5599","targetHints":{"allow":["GET"]}}],"collection":[{"href":"https:\/\/dummy.imi.clinic\/ch\/wp-json\/wp\/v2\/pages"}],"about":[{"href":"https:\/\/dummy.imi.clinic\/ch\/wp-json\/wp\/v2\/types\/page"}],"author":[{"embeddable":true,"href":"https:\/\/dummy.imi.clinic\/ch\/wp-json\/wp\/v2\/users\/9"}],"replies":[{"embeddable":true,"href":"https:\/\/dummy.imi.clinic\/ch\/wp-json\/wp\/v2\/comments?post=5599"}],"version-history":[{"count":0,"href":"https:\/\/dummy.imi.clinic\/ch\/wp-json\/wp\/v2\/pages\/5599\/revisions"}],"wp:attachment":[{"href":"https:\/\/dummy.imi.clinic\/ch\/wp-json\/wp\/v2\/media?parent=5599"}],"curies":[{"name":"wp","href":"https:\/\/api.w.org\/{rel}","templated":true}]}}