{"id":4324,"date":"2018-11-08T22:32:13","date_gmt":"2018-11-08T21:32:13","guid":{"rendered":"http:\/\/imi.clinic\/?page_id=4324"},"modified":"2024-10-29T08:20:09","modified_gmt":"2024-10-29T07:20:09","slug":"oae-dr-med-univ-angeler","status":"publish","type":"page","link":"https:\/\/dummy.imi.clinic\/ch\/ueber-imi-kinderwunschklinik-in-wien\/imi-aerzteteam\/oae-dr-med-univ-angeler\/","title":{"rendered":"O\u00c4 Dr. Maria-Gabriele Angeler"},"content":{"rendered":"[vc_row type=&#187;full_width_background&#187; full_screen_row_position=&#187;middle&#187; equal_height=&#187;yes&#187; content_placement=&#187;bottom&#187; bg_color=&#187;#a5b3be&#187; scene_position=&#187;center&#187; text_color=&#187;light&#187; text_align=&#187;left&#187; top_padding=&#187;5%&#187; overlay_strength=&#187;0.3&#8243; shape_divider_position=&#187;bottom&#187; bg_image_animation=&#187;none&#187; shape_type=&#187;&#187;][vc_column column_padding=&#187;padding-5-percent&#187; column_padding_position=&#187;top-bottom&#187; background_color_opacity=&#187;1&#8243; background_hover_color_opacity=&#187;1&#8243; column_link_target=&#187;_self&#187; column_shadow=&#187;none&#187; column_border_radius=&#187;none&#187; width=&#187;1\/2&#8243; tablet_width_inherit=&#187;default&#187; tablet_text_alignment=&#187;default&#187; phone_text_alignment=&#187;default&#187; column_border_width=&#187;none&#187; column_border_style=&#187;solid&#187; bg_image_animation=&#187;none&#187;][vc_custom_heading text=&#187;O\u00c4 Dr. Maria-Gabriele Angeler&#187; font_container=&#187;tag:h1|font_size:18|text_align:left|color:rgba(255%2C255%2C255%2C0.6)&#187; use_theme_fonts=&#187;yes&#187; css=&#187;.vc_custom_1570954520174{margin-bottom: 10px !important;}&#187;][vc_custom_heading text=&#187;Unsere Expertin f\u00fcr Geburtshilfe&#187; font_container=&#187;tag:h2|font_size:36|text_align:left|line_height:50px&#187; use_theme_fonts=&#187;yes&#187;][nectar_single_testimonial testimonial_style=&#187;small_modern&#187; color=&#187;Default&#187; quote=&#187;Lerne aus der Vergangenheit, tr\u00e4ume von der Zukunft, lebe in der Gegenwart&#187;][divider line_type=&#187;No Line&#187; custom_height=&#187;30&#8243;][vc_custom_heading text=&#187;Schwerpunkte&#187; font_container=&#187;tag:h5|text_align:left|color:rgba(255%2C255%2C255%2C0.6)&#187; use_theme_fonts=&#187;yes&#187; css=&#187;.vc_custom_1536099833042{margin-bottom: 10px !important;}&#187;][vc_row_inner column_margin=&#187;default&#187; text_align=&#187;left&#187;][vc_column_inner column_padding=&#187;no-extra-padding&#187; column_padding_position=&#187;all&#187; background_color_opacity=&#187;1&#8243; background_hover_color_opacity=&#187;1&#8243; column_shadow=&#187;none&#187; column_border_radius=&#187;none&#187; column_link_target=&#187;_self&#187; width=&#187;1\/1&#8243; tablet_width_inherit=&#187;default&#187; column_border_width=&#187;none&#187; column_border_style=&#187;solid&#187; bg_image_animation=&#187;none&#187;]<div class=\"nectar-fancy-ul\" data-list-icon=\"none\" data-animation=\"false\" data-animation-delay=\"0\" data-color=\"accent-color\" data-spacing=\"default\" data-alignment=\"left\">  <\/div>[\/vc_column_inner][\/vc_row_inner][\/vc_column][vc_column column_padding=&#187;padding-5-percent&#187; column_padding_position=&#187;right&#187; background_color_opacity=&#187;1&#8243; background_hover_color_opacity=&#187;1&#8243; column_link_target=&#187;_self&#187; column_shadow=&#187;none&#187; column_border_radius=&#187;none&#187; width=&#187;1\/2&#8243; tablet_width_inherit=&#187;default&#187; tablet_text_alignment=&#187;default&#187; phone_text_alignment=&#187;default&#187; column_border_width=&#187;none&#187; column_border_style=&#187;solid&#187; bg_image_animation=&#187;none&#187;][image_with_animation image_url=&#187;4936&#8243; alignment=&#187;&#187; animation=&#187;Fade In&#187; border_radius=&#187;5px&#187; box_shadow=&#187;none&#187; max_width=&#187;150%&#187;][\/vc_column][\/vc_row][vc_row type=&#187;full_width_background&#187; full_screen_row_position=&#187;middle&#187; bg_color=&#187;#ffffff&#187; scene_position=&#187;center&#187; text_color=&#187;dark&#187; text_align=&#187;left&#187; top_padding=&#187;5%&#187; bottom_padding=&#187;5%&#187; overlay_strength=&#187;0.3&#8243; shape_divider_position=&#187;bottom&#187; bg_image_animation=&#187;none&#187; shape_type=&#187;&#187;][vc_column column_padding=&#187;no-extra-padding&#187; column_padding_position=&#187;all&#187; background_color_opacity=&#187;1&#8243; background_hover_color_opacity=&#187;1&#8243; column_link_target=&#187;_self&#187; column_shadow=&#187;none&#187; column_border_radius=&#187;none&#187; width=&#187;1\/1&#8243; tablet_width_inherit=&#187;default&#187; tablet_text_alignment=&#187;default&#187; phone_text_alignment=&#187;default&#187; column_border_width=&#187;none&#187; column_border_style=&#187;solid&#187; bg_image_animation=&#187;none&#187;]<div class=\"nectar-fancy-ul\" data-list-icon=\"icon-salient-thin-line\" data-animation=\"false\" data-animation-delay=\"0\" data-color=\"accent-color\" data-spacing=\"default\" data-alignment=\"left\"> \n<h3>Ausbildung und berufliche T\u00e4tigkeit (Auszug)<\/h3>\n<ul>\n<li>1989 \u2013 1995 Studium der Medizin an der Universit\u00e4t Wien.<\/li>\n<li>2000 \u2013 2004 Fachartzausbildung an den Krankenh\u00e4usern St. P\u00f6lten und Melk.<\/li>\n<li>Ab 1997 Mitarbeiterin im Kinderwunschzentrum des KH St.P\u00f6lten.<\/li>\n<li>2004 \u2013 2016 Fach\u00e4rtztin an der Semmelweisfrauenklinik.<\/li>\n<li>Ab 2016 Ober\u00e4rztin im Senatorium Hera.<\/li>\n<\/ul>\n <\/div>[\/vc_column][\/vc_row]\n","protected":false},"excerpt":{"rendered":"<p>[vc_row type=&#187;full_width_background&#187; full_screen_row_position=&#187;middle&#187; equal_height=&#187;yes&#187; content_placement=&#187;bottom&#187; bg_color=&#187;#a5b3be&#187; scene_position=&#187;center&#187; text_color=&#187;light&#187; text_align=&#187;left&#187; top_padding=&#187;5%&#187; overlay_strength=&#187;0.3&#8243; shape_divider_position=&#187;bottom&#187; bg_image_animation=&#187;none&#187; shape_type=&#187;&#187;][vc_column column_padding=&#187;padding-5-percent&#187; column_padding_position=&#187;top-bottom&#187; background_color_opacity=&#187;1&#8243; background_hover_color_opacity=&#187;1&#8243; column_link_target=&#187;_self&#187; column_shadow=&#187;none&#187; column_border_radius=&#187;none&#187; width=&#187;1\/2&#8243; tablet_width_inherit=&#187;default&#187; tablet_text_alignment=&#187;default&#187; phone_text_alignment=&#187;default&#187; column_border_width=&#187;none&#187; column_border_style=&#187;solid&#187; bg_image_animation=&#187;none&#187;][vc_custom_heading text=&#187;O\u00c4 Dr&#8230;.<\/p>\n","protected":false},"author":9,"featured_media":0,"parent":758,"menu_order":0,"comment_status":"closed","ping_status":"closed","template":"","meta":{"footnotes":""},"class_list":["post-4324","page","type-page","status-publish"],"yoast_head":"<!-- This site is optimized with the Yoast SEO plugin v27.0 - https:\/\/yoast.com\/product\/yoast-seo-wordpress\/ -->\n<title>O\u00c4 Dr. med. univ. Angeler - Fach\u00e4rztin f\u00fcr Gyn\u00e4kologie und Geburtshilfe<\/title>\n<meta name=\"description\" content=\"Expertin f\u00fcr f\u00fcr Gyn\u00e4kologie und Geburtshilfe. Langj\u00e4hriges \u00c4rzteteam-Mitglied von imi Zentrum f\u00fcr Kinderwunschmedizin in Wien.\" \/>\n<meta name=\"robots\" content=\"index, follow, max-snippet:-1, max-image-preview:large, max-video-preview:-1\" \/>\n<link rel=\"canonical\" href=\"https:\/\/dummy.imi.clinic\/ch\/ueber-imi-kinderwunschklinik-in-wien\/imi-aerzteteam\/oae-dr-med-univ-angeler\/\" \/>\n<meta property=\"og:locale\" content=\"de_DE\" \/>\n<meta property=\"og:type\" content=\"article\" \/>\n<meta property=\"og:title\" content=\"O\u00c4 Dr. med. univ. Angeler - Fach\u00e4rztin f\u00fcr Gyn\u00e4kologie und Geburtshilfe\" \/>\n<meta property=\"og:description\" content=\"Expertin f\u00fcr f\u00fcr Gyn\u00e4kologie und Geburtshilfe. Langj\u00e4hriges \u00c4rzteteam-Mitglied von imi Zentrum f\u00fcr Kinderwunschmedizin in Wien.\" \/>\n<meta property=\"og:url\" content=\"https:\/\/dummy.imi.clinic\/ch\/ueber-imi-kinderwunschklinik-in-wien\/imi-aerzteteam\/oae-dr-med-univ-angeler\/\" \/>\n<meta property=\"og:site_name\" content=\"IMI\" \/>\n<meta property=\"article:modified_time\" content=\"2024-10-29T07:20:09+00:00\" \/>\n<meta name=\"twitter:card\" content=\"summary_large_image\" \/>\n<meta name=\"twitter:label1\" content=\"Gesch\u00e4tzte Lesezeit\" \/>\n\t<meta name=\"twitter:data1\" content=\"1\u00a0Minute\" \/>\n<script type=\"application\/ld+json\" class=\"yoast-schema-graph\">{\"@context\":\"https:\/\/schema.org\",\"@graph\":[{\"@type\":\"WebPage\",\"@id\":\"https:\/\/dummy.imi.clinic\/ch\/ueber-imi-kinderwunschklinik-in-wien\/imi-aerzteteam\/oae-dr-med-univ-angeler\/\",\"url\":\"https:\/\/dummy.imi.clinic\/ch\/ueber-imi-kinderwunschklinik-in-wien\/imi-aerzteteam\/oae-dr-med-univ-angeler\/\",\"name\":\"O\u00c4 Dr. med. univ. Angeler - Fach\u00e4rztin f\u00fcr Gyn\u00e4kologie und Geburtshilfe\",\"isPartOf\":{\"@id\":\"https:\/\/dummy.imi.clinic\/ch\/#website\"},\"datePublished\":\"2018-11-08T21:32:13+00:00\",\"dateModified\":\"2024-10-29T07:20:09+00:00\",\"description\":\"Expertin f\u00fcr f\u00fcr Gyn\u00e4kologie und Geburtshilfe. Langj\u00e4hriges \u00c4rzteteam-Mitglied von imi Zentrum f\u00fcr Kinderwunschmedizin in Wien.\",\"breadcrumb\":{\"@id\":\"https:\/\/dummy.imi.clinic\/ch\/ueber-imi-kinderwunschklinik-in-wien\/imi-aerzteteam\/oae-dr-med-univ-angeler\/#breadcrumb\"},\"inLanguage\":\"de-CH\",\"potentialAction\":[{\"@type\":\"ReadAction\",\"target\":[\"https:\/\/dummy.imi.clinic\/ch\/ueber-imi-kinderwunschklinik-in-wien\/imi-aerzteteam\/oae-dr-med-univ-angeler\/\"]}]},{\"@type\":\"BreadcrumbList\",\"@id\":\"https:\/\/dummy.imi.clinic\/ch\/ueber-imi-kinderwunschklinik-in-wien\/imi-aerzteteam\/oae-dr-med-univ-angeler\/#breadcrumb\",\"itemListElement\":[{\"@type\":\"ListItem\",\"position\":1,\"name\":\"Startseite\",\"item\":\"https:\/\/dummy.imi.clinic\/ch\/\"},{\"@type\":\"ListItem\",\"position\":2,\"name\":\"\u00dcber imi\",\"item\":\"https:\/\/dummy.imi.clinic\/ch\/ueber-imi-kinderwunschklinik-in-wien\/\"},{\"@type\":\"ListItem\",\"position\":3,\"name\":\"imi Kinderwunsch \u00c4rzteteam\",\"item\":\"https:\/\/dummy.imi.clinic\/ch\/ueber-imi-kinderwunschklinik-in-wien\/imi-aerzteteam\/\"},{\"@type\":\"ListItem\",\"position\":4,\"name\":\"O\u00c4 Dr. Maria-Gabriele Angeler\"}]},{\"@type\":\"WebSite\",\"@id\":\"https:\/\/dummy.imi.clinic\/ch\/#website\",\"url\":\"https:\/\/dummy.imi.clinic\/ch\/\",\"name\":\"IMI\",\"description\":\"Vom Kinderwunsch zum Wunschkind\",\"potentialAction\":[{\"@type\":\"SearchAction\",\"target\":{\"@type\":\"EntryPoint\",\"urlTemplate\":\"https:\/\/dummy.imi.clinic\/ch\/?s={search_term_string}\"},\"query-input\":{\"@type\":\"PropertyValueSpecification\",\"valueRequired\":true,\"valueName\":\"search_term_string\"}}],\"inLanguage\":\"de-CH\"}]}<\/script>\n<!-- \/ Yoast SEO plugin. -->","yoast_head_json":{"title":"O\u00c4 Dr. med. univ. Angeler - Fach\u00e4rztin f\u00fcr Gyn\u00e4kologie und Geburtshilfe","description":"Expertin f\u00fcr f\u00fcr Gyn\u00e4kologie und Geburtshilfe. Langj\u00e4hriges \u00c4rzteteam-Mitglied von imi Zentrum f\u00fcr Kinderwunschmedizin in Wien.","robots":{"index":"index","follow":"follow","max-snippet":"max-snippet:-1","max-image-preview":"max-image-preview:large","max-video-preview":"max-video-preview:-1"},"canonical":"https:\/\/dummy.imi.clinic\/ch\/ueber-imi-kinderwunschklinik-in-wien\/imi-aerzteteam\/oae-dr-med-univ-angeler\/","og_locale":"de_DE","og_type":"article","og_title":"O\u00c4 Dr. med. univ. Angeler - Fach\u00e4rztin f\u00fcr Gyn\u00e4kologie und Geburtshilfe","og_description":"Expertin f\u00fcr f\u00fcr Gyn\u00e4kologie und Geburtshilfe. Langj\u00e4hriges \u00c4rzteteam-Mitglied von imi Zentrum f\u00fcr Kinderwunschmedizin in Wien.","og_url":"https:\/\/dummy.imi.clinic\/ch\/ueber-imi-kinderwunschklinik-in-wien\/imi-aerzteteam\/oae-dr-med-univ-angeler\/","og_site_name":"IMI","article_modified_time":"2024-10-29T07:20:09+00:00","twitter_card":"summary_large_image","twitter_misc":{"Gesch\u00e4tzte Lesezeit":"1\u00a0Minute"},"schema":{"@context":"https:\/\/schema.org","@graph":[{"@type":"WebPage","@id":"https:\/\/dummy.imi.clinic\/ch\/ueber-imi-kinderwunschklinik-in-wien\/imi-aerzteteam\/oae-dr-med-univ-angeler\/","url":"https:\/\/dummy.imi.clinic\/ch\/ueber-imi-kinderwunschklinik-in-wien\/imi-aerzteteam\/oae-dr-med-univ-angeler\/","name":"O\u00c4 Dr. med. univ. Angeler - Fach\u00e4rztin f\u00fcr Gyn\u00e4kologie und Geburtshilfe","isPartOf":{"@id":"https:\/\/dummy.imi.clinic\/ch\/#website"},"datePublished":"2018-11-08T21:32:13+00:00","dateModified":"2024-10-29T07:20:09+00:00","description":"Expertin f\u00fcr f\u00fcr Gyn\u00e4kologie und Geburtshilfe. Langj\u00e4hriges \u00c4rzteteam-Mitglied von imi Zentrum f\u00fcr Kinderwunschmedizin in Wien.","breadcrumb":{"@id":"https:\/\/dummy.imi.clinic\/ch\/ueber-imi-kinderwunschklinik-in-wien\/imi-aerzteteam\/oae-dr-med-univ-angeler\/#breadcrumb"},"inLanguage":"de-CH","potentialAction":[{"@type":"ReadAction","target":["https:\/\/dummy.imi.clinic\/ch\/ueber-imi-kinderwunschklinik-in-wien\/imi-aerzteteam\/oae-dr-med-univ-angeler\/"]}]},{"@type":"BreadcrumbList","@id":"https:\/\/dummy.imi.clinic\/ch\/ueber-imi-kinderwunschklinik-in-wien\/imi-aerzteteam\/oae-dr-med-univ-angeler\/#breadcrumb","itemListElement":[{"@type":"ListItem","position":1,"name":"Startseite","item":"https:\/\/dummy.imi.clinic\/ch\/"},{"@type":"ListItem","position":2,"name":"\u00dcber imi","item":"https:\/\/dummy.imi.clinic\/ch\/ueber-imi-kinderwunschklinik-in-wien\/"},{"@type":"ListItem","position":3,"name":"imi Kinderwunsch \u00c4rzteteam","item":"https:\/\/dummy.imi.clinic\/ch\/ueber-imi-kinderwunschklinik-in-wien\/imi-aerzteteam\/"},{"@type":"ListItem","position":4,"name":"O\u00c4 Dr. Maria-Gabriele Angeler"}]},{"@type":"WebSite","@id":"https:\/\/dummy.imi.clinic\/ch\/#website","url":"https:\/\/dummy.imi.clinic\/ch\/","name":"IMI","description":"Vom Kinderwunsch zum Wunschkind","potentialAction":[{"@type":"SearchAction","target":{"@type":"EntryPoint","urlTemplate":"https:\/\/dummy.imi.clinic\/ch\/?s={search_term_string}"},"query-input":{"@type":"PropertyValueSpecification","valueRequired":true,"valueName":"search_term_string"}}],"inLanguage":"de-CH"}]}},"_links":{"self":[{"href":"https:\/\/dummy.imi.clinic\/ch\/wp-json\/wp\/v2\/pages\/4324","targetHints":{"allow":["GET"]}}],"collection":[{"href":"https:\/\/dummy.imi.clinic\/ch\/wp-json\/wp\/v2\/pages"}],"about":[{"href":"https:\/\/dummy.imi.clinic\/ch\/wp-json\/wp\/v2\/types\/page"}],"author":[{"embeddable":true,"href":"https:\/\/dummy.imi.clinic\/ch\/wp-json\/wp\/v2\/users\/9"}],"replies":[{"embeddable":true,"href":"https:\/\/dummy.imi.clinic\/ch\/wp-json\/wp\/v2\/comments?post=4324"}],"version-history":[{"count":1,"href":"https:\/\/dummy.imi.clinic\/ch\/wp-json\/wp\/v2\/pages\/4324\/revisions"}],"predecessor-version":[{"id":8145,"href":"https:\/\/dummy.imi.clinic\/ch\/wp-json\/wp\/v2\/pages\/4324\/revisions\/8145"}],"up":[{"embeddable":true,"href":"https:\/\/dummy.imi.clinic\/ch\/wp-json\/wp\/v2\/pages\/758"}],"wp:attachment":[{"href":"https:\/\/dummy.imi.clinic\/ch\/wp-json\/wp\/v2\/media?parent=4324"}],"curies":[{"name":"wp","href":"https:\/\/api.w.org\/{rel}","templated":true}]}}