{"id":181,"date":"2015-06-28T10:06:22","date_gmt":"2015-06-28T08:06:22","guid":{"rendered":"http:\/\/dummy.imi.co.at\/?page_id=181"},"modified":"2019-05-26T19:34:52","modified_gmt":"2019-05-26T17:34:52","slug":"erfahrungen-mit-imi","status":"publish","type":"page","link":"https:\/\/dummy.imi.clinic\/ch\/ueber-imi-kinderwunschklinik-in-wien\/erfahrungen-mit-imi\/","title":{"rendered":"Erfahrungen mit IMI"},"content":{"rendered":"[vc_row type=&#187;in_container&#187; full_screen_row_position=&#187;middle&#187; scene_position=&#187;center&#187; text_color=&#187;dark&#187; text_align=&#187;left&#187; overlay_strength=&#187;0.3&#8243; shape_divider_position=&#187;bottom&#187; bg_image_animation=&#187;none&#187;][vc_column column_padding=&#187;no-extra-padding&#187; column_padding_position=&#187;all&#187; background_color_opacity=&#187;1&#8243; background_hover_color_opacity=&#187;1&#8243; column_link_target=&#187;_self&#187; column_shadow=&#187;none&#187; column_border_radius=&#187;none&#187; width=&#187;1\/1&#8243; tablet_width_inherit=&#187;default&#187; tablet_text_alignment=&#187;default&#187; phone_text_alignment=&#187;default&#187; column_border_width=&#187;none&#187; column_border_style=&#187;solid&#187; bg_image_animation=&#187;none&#187;][vc_column_text]\n<div id=\"c325\" class=\"csc-default\">\n<div class=\"csc-header csc-header-n1\">\n<h2 class=\"csc-firstHeader\">Wir begleiten Familien vor und nach Ihrer Schwangerschaft<\/h2>\n<p>Nachfolgend Feedback, dass wir von unseren Patienten erhalten haben.<\/p>\n<\/div>\n<\/div>\n<div id=\"c253\" class=\"csc-default\">\n<div>\n<div class=\"x_yiv1119540124MsoNormal\">\n<p class=\"bodytext\">22.01.2019<\/p>\n<p class=\"bodytext\">Auch wenn es nicht leicht war und ich oft dran gezweifelt habe, dass wir jemals ein Kind bekommen &#8211; Sie als Team haben uns dabei so sehr geholfen! Jetzt sind wir \u00fcbergl\u00fccklich!<\/p>\n<p class=\"bodytext\">Vielen Dank!<\/p>\n<p class=\"bodytext\">Fam. P.<\/p>\n<hr \/>\n<p class=\"bodytext\">13.11.2018<\/p>\n<p class=\"bodytext\">Liebes IMI-Team!<\/p>\n<p class=\"bodytext\">Ich habe mich sehr dar\u00fcber gefreut, dass obwohl ich ja selbst wei\u00df, nicht mehr die J\u00fcngste zu sein, mir damit in ihrem Institut kein problem gemacht wurde. Sie haben mir einfach kompetent erkl\u00e4rt, welche M\u00f6glichkeiten ich mit meinem Partner habe!<\/p>\n<p class=\"bodytext\">Daf\u00fcr ein herzliches Dankesch\u00f6n!<\/p>\n<div class=\"x_yiv1119540124MsoNormal\">\n<p class=\"bodytext\">Evelyn R.<\/p>\n<\/div>\n<\/div>\n<\/div>\n<p class=\"bodytext\">\n<\/div>\n[\/vc_column_text][\/vc_column][\/vc_row][vc_row type=&#187;full_width_background&#187; full_screen_row_position=&#187;middle&#187; equal_height=&#187;yes&#187; content_placement=&#187;middle&#187; scene_position=&#187;center&#187; text_color=&#187;dark&#187; text_align=&#187;left&#187; top_padding=&#187;5%&#187; bottom_padding=&#187;5%&#187; id=&#187;discover&#187; overlay_strength=&#187;0.3&#8243; shape_divider_position=&#187;bottom&#187; bg_image_animation=&#187;none&#187; shape_type=&#187;&#187;][vc_column column_padding=&#187;no-extra-padding&#187; column_padding_position=&#187;all&#187; background_color_opacity=&#187;1&#8243; background_hover_color_opacity=&#187;1&#8243; column_link_target=&#187;_self&#187; column_shadow=&#187;none&#187; column_border_radius=&#187;none&#187; width=&#187;2\/3&#8243; tablet_width_inherit=&#187;default&#187; tablet_text_alignment=&#187;default&#187; phone_text_alignment=&#187;default&#187; column_border_width=&#187;none&#187; column_border_style=&#187;solid&#187; bg_image_animation=&#187;none&#187;][vc_row_inner column_margin=&#187;default&#187; text_align=&#187;left&#187; css=&#187;.vc_custom_1504128844236{margin-right: -1px !important;}&#187;][vc_column_inner column_padding=&#187;no-extra-padding&#187; column_padding_position=&#187;all&#187; background_color_opacity=&#187;1&#8243; background_hover_color_opacity=&#187;1&#8243; column_shadow=&#187;none&#187; column_border_radius=&#187;none&#187; column_link_target=&#187;_self&#187; width=&#187;1\/1&#8243; tablet_width_inherit=&#187;default&#187; column_border_width=&#187;none&#187; column_border_style=&#187;solid&#187; bg_image_animation=&#187;none&#187; enable_animation=&#187;true&#187; animation=&#187;fade-in-from-left&#187;][nectar_single_testimonial testimonial_style=&#187;bold&#187; color=&#187;Extra-Color-1&#8243; quote=&#187;Ich war mit meinem Problem bei vielen Frauen\u00e4rzten, viel Zeit ist vergangen! Danke, dass Sie in so kurzer Zeit helfen konnten.&#187; name=&#187;Fam. S.&#187; subtitle=&#187;Patientin (39)&#187;][\/vc_column_inner][\/vc_row_inner][\/vc_column][vc_column column_padding=&#187;no-extra-padding&#187; column_padding_position=&#187;all&#187; background_color_opacity=&#187;1&#8243; background_hover_color_opacity=&#187;1&#8243; column_link_target=&#187;_self&#187; column_shadow=&#187;none&#187; column_border_radius=&#187;none&#187; width=&#187;1\/3&#8243; tablet_width_inherit=&#187;default&#187; tablet_text_alignment=&#187;default&#187; phone_text_alignment=&#187;default&#187; column_border_width=&#187;none&#187; column_border_style=&#187;solid&#187; bg_image_animation=&#187;none&#187;][image_with_animation image_url=&#187;3934&#8243; alignment=&#187;right&#187; animation=&#187;Grow In&#187; border_radius=&#187;none&#187; box_shadow=&#187;none&#187; max_width=&#187;225%&#187;][\/vc_column][\/vc_row][vc_row type=&#187;in_container&#187; full_screen_row_position=&#187;middle&#187; scene_position=&#187;center&#187; text_color=&#187;dark&#187; text_align=&#187;left&#187; overlay_strength=&#187;0.3&#8243; shape_divider_position=&#187;bottom&#187; bg_image_animation=&#187;none&#187;][vc_column column_padding=&#187;no-extra-padding&#187; column_padding_position=&#187;all&#187; background_color_opacity=&#187;1&#8243; background_hover_color_opacity=&#187;1&#8243; column_link_target=&#187;_self&#187; column_shadow=&#187;none&#187; column_border_radius=&#187;none&#187; width=&#187;1\/1&#8243; tablet_width_inherit=&#187;default&#187; tablet_text_alignment=&#187;default&#187; phone_text_alignment=&#187;default&#187; column_border_width=&#187;none&#187; column_border_style=&#187;solid&#187; bg_image_animation=&#187;none&#187;][vc_column_text]\n<div id=\"c325\" class=\"csc-default\">\n<div class=\"csc-header csc-header-n1\"><\/div>\n<\/div>\n<div id=\"c253\" class=\"csc-default\">\n<div>\n<div class=\"x_yiv1119540124MsoNormal\">\n<p class=\"bodytext\">03.03.2018<\/p>\n<p class=\"bodytext\">Ich und mein Mann bedanken uns sehr daf\u00fcr, nochmals f\u00fcr Montags, dass Sie sich so eingesetzt haben f\u00fcr uns.<\/p>\n<p class=\"bodytext\">Wir w\u00fcnschen uns schon so sehr, endlich eine Familie zu haben.<\/p>\n<p class=\"bodytext\">Auf jeden fall springe ich und mein Mann bis auf die Decke, wenn dieser Versuch jetzt wirklich funktioniert wir sind Ihnen zu Dank verpflichtet.<\/p>\n<p class=\"bodytext\">Wir sagen min. noch Mal 1 Million Mal DANKE<\/p>\n<p class=\"bodytext\">Ich und mein Mann w\u00fcnschen Ihnen noch ein sch\u00f6nes Adventwochenende.<\/p>\n<p class=\"bodytext\">Mit freundlichen Gr\u00fc\u00dfen<\/p>\n<p class=\"bodytext\">FAM. R<\/p>\n<hr \/>\n<p class=\"bodytext\">30.11.2017<\/p>\n<p class=\"bodytext\">Sehr geehrter Herr Dr. Imhof!<\/p>\n<\/div>\n<\/div>\n<div>\n<div class=\"x_yiv1119540124MsoNormal\">\n<p class=\"bodytext\">Lina-Marie ist jetzt dreieinhalb Wochen alt und ich m\u00f6chte Ihnen nochmal ganz herzlich DANKEN &#8211; ohne Sie w\u00e4ren wir jetzt wohl nicht stolze Eltern!!!<\/p>\n<p class=\"bodytext\">Durch Ihre tolle medizinische Betreuung, aber auch die Hoffnung und Ruhe die Sie uns vermittelt haben, haben wir es auf nat\u00fcrlichem Weg geschafft &#8211; und sind \u00fcbergl\u00fccklich!<\/p>\n<\/div>\n<\/div>\n<div>\n<div class=\"x_yiv1119540124MsoNormal\">\n<p class=\"bodytext\">Herzliche Gr\u00fc\u00dfe,<\/p>\n<\/div>\n<\/div>\n<div>\n<div class=\"x_yiv1119540124MsoNormal\">\n<p class=\"bodytext\">T., R. und L. St.<\/p>\n<\/div>\n<\/div>\n<hr \/>\n<p class=\"bodytext\">01.5.2017<\/p>\n<p class=\"bodytext\">Leider bin ich bei unserem Gespr\u00e4ch nicht dazu gekommen, mich bei Ihnen sehr herzlich zu bedanken!<\/p>\n<p class=\"bodytext\">Wir f\u00fchlen uns bei Ihnen sehr gut aufgehoben und freuen uns auf den Nachuntersuchungstermin bei Ihnen um die n\u00e4chsten Schritte zu unserem Wunschtraum zu beginnen.<\/p>\n<p class=\"bodytext\">Danke f\u00fcr alles<\/p>\n<p class=\"bodytext\">MfG<\/p>\n<hr \/>\n<p class=\"bodytext\">29.3.2017 (per SMS)<\/p>\n<p class=\"bodytext\">Ich hoffe, ich st\u00f6re nicht, aber ich m\u00f6chte Ihnen nur sagen, dass es dem Baby sehr gut geht. Es ist jetzt mittlerweile 14cm gro\u00df. den Daumen h\u00e4lt es nach oben. soll wohl bedeuten, dass alles okay ist.<br \/>\nSch\u00f6ne Gr\u00fc\u00dfe<br \/>\nr<\/p>\n<hr \/>\n<p class=\"bodytext\">21.12.2016<\/p>\n<p class=\"bodytext\">Neo-Mamis haben nicht viel zeit, daher in K\u00fcrze: Habe Ihr Bild in der Zeitung gesehen und wollte nur sagen: Sie waren unsere Rettung!<\/p>\n<p class=\"bodytext\">m<\/p>\n<hr \/>\n<p class=\"bodytext\">11.10.2016<\/p>\n<p class=\"bodytext\">Ich wei\u00df nicht, ob Sie sich noch an uns erinnern. Sie haben uns vor sieben Jahren betreut. Wir waren damals schon wirklich verzweifelt, weil ich nicht und nicht schwanger werden wollte. Ich habe Sie immer unseren Engel genannt, wissen Sie noch? Heute hat unser Sohn zum ersten Mal danach gefragt, wie er entstanden ist. Da musste ich an Sie denken. Maximilian ist mittlerweile sechs Jahre alt und ein fr\u00f6hlicher kleiner Mann. Sie sind in all den Jahren unser Engel geblieben, denn ohne Sie w\u00e4ren wir heute keine gl\u00fcckliche Familie.<\/p>\n<p class=\"bodytext\">Viele liebe Gr\u00fc\u00dfe,<\/p>\n<p class=\"bodytext\">Familie H<\/p>\n<hr \/>\n<p class=\"bodytext\">19.2.2016<\/p>\n<p class=\"bodytext\">Unser Weihnachtsgeschenk ist schon quietschlebendig. Bei jedem Ultraschall h\u00fcpft unser Baby auf und ab. Wir reden uns immer ein, dass es merkt, dass wir es beobachten. Fr\u00fcher habe ich immer gedacht, warum werdende M\u00fctter so kindisch werden. Jetzt kann ich es verstehen! Wir freuen uns so sehr auf dieses kleine Wesen, am liebsten w\u00fcrden wir Ihnen jedes Mal ein Foto schicken! Sie haben uns so geholfen. Tausend Dank!!!!<\/p>\n<p class=\"bodytext\">Ihre fast schon Familie M<\/p>\n<hr \/>\n<p class=\"bodytext\">16.09.2015<\/p>\n<p class=\"bodytext\">Es hat geklappt! Ich hatte schon viele Schwangerschaftstests gemacht, alle umsonst. Doch gestern tauchte da auf einmal ein zweiter Strich auf! Vielen, vielen Dank f\u00fcr Ihre Hilfe, ohne Sie w\u00e4re das nicht m\u00f6glich gewesen!<\/p>\n<p class=\"bodytext\">Beste Gr\u00fc\u00dfe<\/p>\n<p class=\"bodytext\">T.<\/p>\n<hr \/>\n<p class=\"bodytext\">11.2.2015<\/p>\n<p class=\"bodytext\">Danke f\u00fcr Ihre einf\u00fchlsame Betreuung bei unserem Gespr\u00e4ch. Sie haben es mir leicht gemacht, \u00fcber ein derart intimes Thema, wie meinen Kinderwunsch, zu sprechen und so der Ursache auf den Grund zu gehen. Durch Ihre Erkl\u00e4rungen verstehe ich nun vieles besser \u2013 und was besonders wichtig ist: Jetzt habe ich einen Plan!<\/p>\n<p class=\"bodytext\">Ihre B.<\/p>\n<hr \/>\n<p class=\"bodytext\">5.12.2014<\/p>\n<p class=\"bodytext\">Vielen Dank f\u00fcr die tolle Betreuung. Wir genie\u00dfen die Zeit mit unserer kleinen M. sehr. Und nat\u00fcrlich vielen Dank f\u00fcr Ihre Hilfe, dass es \u00fcberhaupt so weit gekommen ist.<\/p>\n<p class=\"bodytext\">E.<\/p>\n<hr \/>\n<p class=\"bodytext\">5.07.2014<\/p>\n<p class=\"bodytext\">Vielen Dank f\u00fcr Ihre gro\u00dfartige Betreuung in diesem Jahr &#8211; ich sch\u00e4tze mich sehr gl\u00fccklich, Ihre Patientin zu sein.<\/p>\n<p class=\"bodytext\">Alles Liebe<\/p>\n<p class=\"bodytext\">K.<\/p>\n<hr \/>\n<p class=\"bodytext\">12.04.2014<\/p>\n<p class=\"bodytext\">Wir m\u00f6chten uns f\u00fcr die gute Betreuung bedanken und Ihnen unsere Tochter vorstellen, die es ohne Sie nicht geben w\u00fcrde.<\/p>\n<p class=\"bodytext\">Familie M.<\/p>\n<hr \/>\n<p class=\"bodytext\">10.11.2013<\/p>\n<p class=\"bodytext\">Heute wird unsere kleine Tochter Isabella 1 Jahr alt. Wir m\u00f6chten dies zum Anlass nehmen, Ihnen nochmals von ganzem Herzen f\u00fcr Ihre Hilfe zu danken. \u2013 Ohne Sie w\u00e4ren wir heute keine gl\u00fcckliche Familie.<\/p>\n<p class=\"bodytext\">Ihre Familie B.<\/p>\n<hr \/>\n<p>8.09.2013<\/p>\n<p class=\"bodytext\">vielleicht eine etwas ungew\u00f6hnliche Art und Weise nochmals danke zu sagen, aber ich habe einfach das Bed\u00fcrfnis dies zu tun.<\/p>\n<p class=\"bodytext\">Es gibt heute schon so viele Stellen wo man sich nur beschweren kann, aber wenige sagen einfach DANKE!<\/p>\n<p class=\"bodytext\">Und ich m\u00f6chte mich wirklich recht herzlich bei Ihnen bedanken, dass sie mich trotz meines Irrtums drangenommen haben, sich Zeit genommen und mir geholfen haben.<\/p>\n<p class=\"bodytext\">Es ist nicht selbstverst\u00e4ndlich das zu tun \u2013 gerade in unserer schnelllebigen Zeit.<\/p>\n<p class=\"bodytext\">Ich w\u00fcnsche Ihnen weiterhin alles alles Liebe und hoffentlich auch viele Patienten die ihre Leistung und vor allem Freundlichkeit sch\u00e4tzen.<\/p>\n<p class=\"bodytext\">Mit den besten W\u00fcnschen<\/p>\n<p class=\"bodytext\">R.<\/p>\n<hr \/>\n<p class=\"bodytext\">4.05.2013<\/p>\n<p class=\"bodytext\">Vielen Dank f\u00fcr die nette und kompetente Betreuung, Sie heben sich damit erfrischend von Ihren Mitbewerbern ab &#8211; gerade bei einem so intimen Thema, f\u00fcr uns ein ganz wichtigter Aspekt.<\/p>\n<p class=\"bodytext\">Mit besten Gr\u00fc\u00dfen<\/p>\n<p class=\"bodytext\">W.<\/p>\n<\/div>\n[\/vc_column_text][\/vc_column][\/vc_row]\n","protected":false},"excerpt":{"rendered":"<p>[vc_row type=&#187;in_container&#187; full_screen_row_position=&#187;middle&#187; scene_position=&#187;center&#187; text_color=&#187;dark&#187; text_align=&#187;left&#187; overlay_strength=&#187;0.3&#8243; shape_divider_position=&#187;bottom&#187; bg_image_animation=&#187;none&#187;][vc_column column_padding=&#187;no-extra-padding&#187; column_padding_position=&#187;all&#187; background_color_opacity=&#187;1&#8243; background_hover_color_opacity=&#187;1&#8243; column_link_target=&#187;_self&#187; column_shadow=&#187;none&#187; column_border_radius=&#187;none&#187; width=&#187;1\/1&#8243; tablet_width_inherit=&#187;default&#187; tablet_text_alignment=&#187;default&#187; phone_text_alignment=&#187;default&#187; column_border_width=&#187;none&#187; column_border_style=&#187;solid&#187; bg_image_animation=&#187;none&#187;][vc_column_text] Wir begleiten Familien vor und nach Ihrer&#8230;<\/p>\n","protected":false},"author":9,"featured_media":0,"parent":169,"menu_order":0,"comment_status":"closed","ping_status":"closed","template":"","meta":{"footnotes":""},"class_list":["post-181","page","type-page","status-publish"],"yoast_head":"<!-- This site is optimized with the Yoast SEO plugin v27.0 - https:\/\/yoast.com\/product\/yoast-seo-wordpress\/ -->\n<title>Erfahrungen mit imi dem Zentrum f\u00fcr Kinderwunschmedizin in Wien<\/title>\n<meta name=\"robots\" content=\"index, follow, max-snippet:-1, max-image-preview:large, max-video-preview:-1\" \/>\n<link rel=\"canonical\" href=\"https:\/\/dummy.imi.clinic\/ch\/ueber-imi-kinderwunschklinik-in-wien\/erfahrungen-mit-imi\/\" \/>\n<meta property=\"og:locale\" content=\"de_DE\" \/>\n<meta property=\"og:type\" content=\"article\" \/>\n<meta property=\"og:title\" content=\"Erfahrungen mit imi dem Zentrum f\u00fcr Kinderwunschmedizin in Wien\" \/>\n<meta property=\"og:description\" content=\"[vc_row type=&#187;in_container&#187; full_screen_row_position=&#187;middle&#187; scene_position=&#187;center&#187; text_color=&#187;dark&#187; text_align=&#187;left&#187; overlay_strength=&#187;0.3&#8243; shape_divider_position=&#187;bottom&#187; bg_image_animation=&#187;none&#187;][vc_column column_padding=&#187;no-extra-padding&#187; column_padding_position=&#187;all&#187; background_color_opacity=&#187;1&#8243; background_hover_color_opacity=&#187;1&#8243; column_link_target=&#187;_self&#187; column_shadow=&#187;none&#187; column_border_radius=&#187;none&#187; width=&#187;1\/1&#8243; tablet_width_inherit=&#187;default&#187; tablet_text_alignment=&#187;default&#187; phone_text_alignment=&#187;default&#187; column_border_width=&#187;none&#187; column_border_style=&#187;solid&#187; bg_image_animation=&#187;none&#187;][vc_column_text] Wir begleiten Familien vor und nach Ihrer...\" \/>\n<meta property=\"og:url\" content=\"https:\/\/dummy.imi.clinic\/ch\/ueber-imi-kinderwunschklinik-in-wien\/erfahrungen-mit-imi\/\" \/>\n<meta property=\"og:site_name\" content=\"IMI\" \/>\n<meta property=\"article:modified_time\" content=\"2019-05-26T17:34:52+00:00\" \/>\n<meta name=\"twitter:card\" content=\"summary_large_image\" \/>\n<meta name=\"twitter:label1\" content=\"Gesch\u00e4tzte Lesezeit\" \/>\n\t<meta name=\"twitter:data1\" content=\"7\u00a0Minuten\" \/>\n<script type=\"application\/ld+json\" class=\"yoast-schema-graph\">{\"@context\":\"https:\/\/schema.org\",\"@graph\":[{\"@type\":\"WebPage\",\"@id\":\"https:\/\/dummy.imi.clinic\/ch\/ueber-imi-kinderwunschklinik-in-wien\/erfahrungen-mit-imi\/\",\"url\":\"https:\/\/dummy.imi.clinic\/ch\/ueber-imi-kinderwunschklinik-in-wien\/erfahrungen-mit-imi\/\",\"name\":\"Erfahrungen mit imi dem Zentrum f\u00fcr Kinderwunschmedizin in Wien\",\"isPartOf\":{\"@id\":\"https:\/\/dummy.imi.clinic\/ch\/#website\"},\"datePublished\":\"2015-06-28T08:06:22+00:00\",\"dateModified\":\"2019-05-26T17:34:52+00:00\",\"breadcrumb\":{\"@id\":\"https:\/\/dummy.imi.clinic\/ch\/ueber-imi-kinderwunschklinik-in-wien\/erfahrungen-mit-imi\/#breadcrumb\"},\"inLanguage\":\"de-CH\",\"potentialAction\":[{\"@type\":\"ReadAction\",\"target\":[\"https:\/\/dummy.imi.clinic\/ch\/ueber-imi-kinderwunschklinik-in-wien\/erfahrungen-mit-imi\/\"]}]},{\"@type\":\"BreadcrumbList\",\"@id\":\"https:\/\/dummy.imi.clinic\/ch\/ueber-imi-kinderwunschklinik-in-wien\/erfahrungen-mit-imi\/#breadcrumb\",\"itemListElement\":[{\"@type\":\"ListItem\",\"position\":1,\"name\":\"Startseite\",\"item\":\"https:\/\/dummy.imi.clinic\/ch\/\"},{\"@type\":\"ListItem\",\"position\":2,\"name\":\"\u00dcber imi\",\"item\":\"https:\/\/dummy.imi.clinic\/ch\/ueber-imi-kinderwunschklinik-in-wien\/\"},{\"@type\":\"ListItem\",\"position\":3,\"name\":\"Erfahrungen mit IMI\"}]},{\"@type\":\"WebSite\",\"@id\":\"https:\/\/dummy.imi.clinic\/ch\/#website\",\"url\":\"https:\/\/dummy.imi.clinic\/ch\/\",\"name\":\"IMI\",\"description\":\"Vom Kinderwunsch zum Wunschkind\",\"potentialAction\":[{\"@type\":\"SearchAction\",\"target\":{\"@type\":\"EntryPoint\",\"urlTemplate\":\"https:\/\/dummy.imi.clinic\/ch\/?s={search_term_string}\"},\"query-input\":{\"@type\":\"PropertyValueSpecification\",\"valueRequired\":true,\"valueName\":\"search_term_string\"}}],\"inLanguage\":\"de-CH\"}]}<\/script>\n<!-- \/ Yoast SEO plugin. -->","yoast_head_json":{"title":"Erfahrungen mit imi dem Zentrum f\u00fcr Kinderwunschmedizin in Wien","robots":{"index":"index","follow":"follow","max-snippet":"max-snippet:-1","max-image-preview":"max-image-preview:large","max-video-preview":"max-video-preview:-1"},"canonical":"https:\/\/dummy.imi.clinic\/ch\/ueber-imi-kinderwunschklinik-in-wien\/erfahrungen-mit-imi\/","og_locale":"de_DE","og_type":"article","og_title":"Erfahrungen mit imi dem Zentrum f\u00fcr Kinderwunschmedizin in Wien","og_description":"[vc_row type=&#187;in_container&#187; full_screen_row_position=&#187;middle&#187; scene_position=&#187;center&#187; text_color=&#187;dark&#187; text_align=&#187;left&#187; overlay_strength=&#187;0.3&#8243; shape_divider_position=&#187;bottom&#187; bg_image_animation=&#187;none&#187;][vc_column column_padding=&#187;no-extra-padding&#187; column_padding_position=&#187;all&#187; background_color_opacity=&#187;1&#8243; background_hover_color_opacity=&#187;1&#8243; column_link_target=&#187;_self&#187; column_shadow=&#187;none&#187; column_border_radius=&#187;none&#187; width=&#187;1\/1&#8243; tablet_width_inherit=&#187;default&#187; tablet_text_alignment=&#187;default&#187; phone_text_alignment=&#187;default&#187; column_border_width=&#187;none&#187; column_border_style=&#187;solid&#187; bg_image_animation=&#187;none&#187;][vc_column_text] Wir begleiten Familien vor und nach Ihrer...","og_url":"https:\/\/dummy.imi.clinic\/ch\/ueber-imi-kinderwunschklinik-in-wien\/erfahrungen-mit-imi\/","og_site_name":"IMI","article_modified_time":"2019-05-26T17:34:52+00:00","twitter_card":"summary_large_image","twitter_misc":{"Gesch\u00e4tzte Lesezeit":"7\u00a0Minuten"},"schema":{"@context":"https:\/\/schema.org","@graph":[{"@type":"WebPage","@id":"https:\/\/dummy.imi.clinic\/ch\/ueber-imi-kinderwunschklinik-in-wien\/erfahrungen-mit-imi\/","url":"https:\/\/dummy.imi.clinic\/ch\/ueber-imi-kinderwunschklinik-in-wien\/erfahrungen-mit-imi\/","name":"Erfahrungen mit imi dem Zentrum f\u00fcr Kinderwunschmedizin in Wien","isPartOf":{"@id":"https:\/\/dummy.imi.clinic\/ch\/#website"},"datePublished":"2015-06-28T08:06:22+00:00","dateModified":"2019-05-26T17:34:52+00:00","breadcrumb":{"@id":"https:\/\/dummy.imi.clinic\/ch\/ueber-imi-kinderwunschklinik-in-wien\/erfahrungen-mit-imi\/#breadcrumb"},"inLanguage":"de-CH","potentialAction":[{"@type":"ReadAction","target":["https:\/\/dummy.imi.clinic\/ch\/ueber-imi-kinderwunschklinik-in-wien\/erfahrungen-mit-imi\/"]}]},{"@type":"BreadcrumbList","@id":"https:\/\/dummy.imi.clinic\/ch\/ueber-imi-kinderwunschklinik-in-wien\/erfahrungen-mit-imi\/#breadcrumb","itemListElement":[{"@type":"ListItem","position":1,"name":"Startseite","item":"https:\/\/dummy.imi.clinic\/ch\/"},{"@type":"ListItem","position":2,"name":"\u00dcber imi","item":"https:\/\/dummy.imi.clinic\/ch\/ueber-imi-kinderwunschklinik-in-wien\/"},{"@type":"ListItem","position":3,"name":"Erfahrungen mit IMI"}]},{"@type":"WebSite","@id":"https:\/\/dummy.imi.clinic\/ch\/#website","url":"https:\/\/dummy.imi.clinic\/ch\/","name":"IMI","description":"Vom Kinderwunsch zum Wunschkind","potentialAction":[{"@type":"SearchAction","target":{"@type":"EntryPoint","urlTemplate":"https:\/\/dummy.imi.clinic\/ch\/?s={search_term_string}"},"query-input":{"@type":"PropertyValueSpecification","valueRequired":true,"valueName":"search_term_string"}}],"inLanguage":"de-CH"}]}},"_links":{"self":[{"href":"https:\/\/dummy.imi.clinic\/ch\/wp-json\/wp\/v2\/pages\/181","targetHints":{"allow":["GET"]}}],"collection":[{"href":"https:\/\/dummy.imi.clinic\/ch\/wp-json\/wp\/v2\/pages"}],"about":[{"href":"https:\/\/dummy.imi.clinic\/ch\/wp-json\/wp\/v2\/types\/page"}],"author":[{"embeddable":true,"href":"https:\/\/dummy.imi.clinic\/ch\/wp-json\/wp\/v2\/users\/9"}],"replies":[{"embeddable":true,"href":"https:\/\/dummy.imi.clinic\/ch\/wp-json\/wp\/v2\/comments?post=181"}],"version-history":[{"count":0,"href":"https:\/\/dummy.imi.clinic\/ch\/wp-json\/wp\/v2\/pages\/181\/revisions"}],"up":[{"embeddable":true,"href":"https:\/\/dummy.imi.clinic\/ch\/wp-json\/wp\/v2\/pages\/169"}],"wp:attachment":[{"href":"https:\/\/dummy.imi.clinic\/ch\/wp-json\/wp\/v2\/media?parent=181"}],"curies":[{"name":"wp","href":"https:\/\/api.w.org\/{rel}","templated":true}]}}