{"id":179,"date":"2015-06-28T10:05:52","date_gmt":"2015-06-28T08:05:52","guid":{"rendered":"http:\/\/dummy.imi.co.at\/?page_id=179"},"modified":"2019-05-14T10:54:25","modified_gmt":"2019-05-14T08:54:25","slug":"in-der-presse","status":"publish","type":"page","link":"https:\/\/dummy.imi.clinic\/ch\/ueber-imi-kinderwunschklinik-in-wien\/in-der-presse\/","title":{"rendered":"imi Kinderwunschklinik in der Presse"},"content":{"rendered":"[vc_row type=&#187;full_width_background&#187; full_screen_row_position=&#187;middle&#187; scene_position=&#187;center&#187; text_color=&#187;light&#187; text_align=&#187;left&#187; overlay_strength=&#187;0.3&#8243; shape_divider_position=&#187;bottom&#187; bg_image_animation=&#187;none&#187; shape_type=&#187;&#187;][vc_column column_padding=&#187;no-extra-padding&#187; column_padding_position=&#187;all&#187; background_color_opacity=&#187;1&#8243; background_hover_color_opacity=&#187;1&#8243; column_link_target=&#187;_self&#187; column_shadow=&#187;none&#187; column_border_radius=&#187;none&#187; width=&#187;1\/1&#8243; tablet_width_inherit=&#187;default&#187; tablet_text_alignment=&#187;default&#187; phone_text_alignment=&#187;default&#187; column_border_width=&#187;none&#187; column_border_style=&#187;solid&#187; bg_image_animation=&#187;none&#187;][vc_row_inner column_margin=&#187;default&#187; text_align=&#187;left&#187;][vc_column_inner column_padding=&#187;no-extra-padding&#187; column_padding_position=&#187;all&#187; background_color_opacity=&#187;1&#8243; background_hover_color_opacity=&#187;1&#8243; column_shadow=&#187;none&#187; column_border_radius=&#187;none&#187; top_margin=&#187;30&#8243; column_link_target=&#187;_self&#187; width=&#187;1\/4&#8243; tablet_width_inherit=&#187;default&#187; column_border_width=&#187;none&#187; column_border_style=&#187;solid&#187; bg_image_animation=&#187;none&#187; offset=&#187;vc_col-md-4 vc_col-xs-6&#8243;][team_member image_url=&#187;3859&#8243; bio_image_url=&#187;3857&#8243; team_memeber_style=&#187;bio_fullscreen&#187; name=&#187;Maxima&#187; job_position=&#187;Jun 2011 &#187; team_member_bio=&#187;KINDERSEGEN OHNE IVF<\/p>\n<p>In Wien gibt es jetzt die Kinderwunschklinik Imi, die sich auf den gesamten Bereich der Nicht-IVF (InVitro-Fertilisation\/k\u00fcnstliche Befruchtung) spezialisiert hat. Doz. Dr. Andrea Weghofer: \u00bbSpezial-Diagnostik und -Behandlung kann vielen Paaren k\u00fcnstliche Befruchtung ersparen.<\/p>\n<p>Die Therapie beginnt innerhalb von nur acht Tagen, sollte eine IVF doch unumg\u00e4nglich sein, liegen die Erfolgschancen bei 72 %. www.imi.co.at.<\/p>\n<p>Um den ganzen Artikel zu lesen, klicken Sie auf nachfolgendes Icon:&#187; social_icon_1=&#187;fa fa-file-pdf-o&#187; social_link_1=&#187;https:\/\/dummy.imi.clinic\/wp-content\/uploads\/2018\/05\/Maxima_Juni_2011.pdf &#171;][\/vc_column_inner][vc_column_inner column_padding=&#187;no-extra-padding&#187; column_padding_position=&#187;all&#187; background_color_opacity=&#187;1&#8243; background_hover_color_opacity=&#187;1&#8243; column_shadow=&#187;none&#187; column_border_radius=&#187;none&#187; column_link_target=&#187;_self&#187; width=&#187;1\/4&#8243; tablet_width_inherit=&#187;default&#187; column_border_width=&#187;none&#187; column_border_style=&#187;solid&#187; bg_image_animation=&#187;none&#187; offset=&#187;vc_col-md-4 vc_col-xs-6&#8243;][team_member image_url=&#187;3864&#8243; bio_image_url=&#187;3407&#8243; team_memeber_style=&#187;bio_fullscreen&#187; name=&#187;Madonna&#187; job_position=&#187;Feb 2011 &#187; team_member_bio=&#187;BEREITS JEDES F\u00dcNFTE PAAR HAT PROBLEME, AUF NAT\u00dcRLICHEM WEG EIN KIND ZU BEKOMMEN.<\/p>\n<p>Was sind die Ursachen und was kann helfen? Ab 30 schwieriger.<\/p>\n<p>Derzeit hat bereits jedes f\u00fcnfte Paar in \u00d6sterreich Probleme, auf nat\u00fcrlichem Weg ein Kind zu empfangen&#171;, wei\u00df Frauenfacharzt Martin Imhof. Allein in Wien und Nieder\u00f6sterreich bleiben an die 195.000 Paare l\u00e4nger als ein Jahr ungewollt kinderlos.<\/p>\n<p>Eine der Hauptursachen daf\u00fcr ist die Tatsache, dass sich viele Frauen erst in einem sp\u00e4teren Lebensabschnitt f\u00fcr ein Kind entscheiden&#171;, sagt Imhof.<\/p>\n<p>Um den ganzen Artikel zu lesen, klicken Sie auf nachfolgendes Icon:<br \/>\n&#187; social_icon_1=&#187;fa fa-file-pdf-o&#187; social_link_1=&#187;https:\/\/dummy.imi.clinic\/wp-content\/uploads\/2018\/05\/20110212_IMI_Dr.-Imhof-im-Talk_Madonna.pdf&#187;][\/vc_column_inner][\/vc_row_inner][vc_row_inner column_margin=&#187;default&#187; translate_y=&#187;-27&#8243; text_align=&#187;left&#187;][vc_column_inner column_padding=&#187;no-extra-padding&#187; column_padding_position=&#187;all&#187; background_color_opacity=&#187;1&#8243; background_hover_color_opacity=&#187;1&#8243; column_shadow=&#187;none&#187; column_border_radius=&#187;none&#187; column_link_target=&#187;_self&#187; width=&#187;1\/3&#8243; tablet_width_inherit=&#187;default&#187; column_border_width=&#187;none&#187; column_border_style=&#187;solid&#187; bg_image_animation=&#187;none&#187; offset=&#187;vc_hidden-sm vc_hidden-xs&#187;][\/vc_column_inner][vc_column_inner column_padding=&#187;no-extra-padding&#187; column_padding_position=&#187;all&#187; background_color_opacity=&#187;1&#8243; background_hover_color_opacity=&#187;1&#8243; column_shadow=&#187;none&#187; column_border_radius=&#187;none&#187; column_link_target=&#187;_self&#187; width=&#187;1\/3&#8243; tablet_width_inherit=&#187;default&#187; column_border_width=&#187;none&#187; column_border_style=&#187;solid&#187; bg_image_animation=&#187;none&#187; offset=&#187;vc_col-xs-6&#8243;][team_member image_url=&#187;3867&#8243; bio_image_url=&#187;3394&#8243; team_memeber_style=&#187;bio_fullscreen&#187; name=&#187;Woman&#187; job_position=&#187;Okt 2010&#8243; team_member_bio=&#187;KINDERWUNSCH IST ERF\u00dcLLBAR<\/p>\n<p>Endlich ein Baby. Je mehr man sich ihn w\u00fcnscht, desto weniger will er manchmal klappen: der Besuch vom Storch. Wir wollten wissen, was die Medizin hoffnungsvollen Paaren Sachen Nachwuchs helfen kann.<\/p>\n<p>Um den ganzen Artikel zu lesen, klicken Sie auf nachfolgendes Icon:<\/p>\n<p>&#187; social_icon_1=&#187;fa fa-file-pdf-o&#187; social_link_1=&#187;https:\/\/dummy.imi.clinic\/wp-content\/uploads\/2018\/05\/20101029_IMI_Interview_Woman.pdf&#187;][\/vc_column_inner][vc_column_inner column_padding=&#187;no-extra-padding&#187; column_padding_position=&#187;all&#187; background_color_opacity=&#187;1&#8243; background_hover_color_opacity=&#187;1&#8243; column_shadow=&#187;none&#187; column_border_radius=&#187;none&#187; top_margin=&#187;-30&#8243; column_link_target=&#187;_self&#187; width=&#187;1\/3&#8243; tablet_width_inherit=&#187;default&#187; column_border_width=&#187;none&#187; column_border_style=&#187;solid&#187; bg_image_animation=&#187;none&#187; offset=&#187;vc_col-xs-6&#8243;][team_member image_url=&#187;3875&#8243; bio_image_url=&#187;3394&#8243; team_memeber_style=&#187;bio_fullscreen&#187; name=&#187;Wienerin&#187; job_position=&#187;Okt 2010&#8243; team_member_bio=&#187;ENDLICH ELTERN<\/p>\n<p>Immer mehr Paare bleiben heutzutage ungewollt kinderlos. Fragt sich, was am Zeugen eigentlich so schwierig ist? Ein Kinderwunschexperte kl\u00e4rt auf, warum Eltern sein oft leichter ist als Eltern werden:<\/p>\n<p>Um den ganzen Artikel zu lesen, klicken Sie auf nachfolgendes Icon:&#187; social_icon_1=&#187;fa fa-file-pdf-o&#187; social_link_1=&#187;https:\/\/dummy.imi.clinic\/wp-content\/uploads\/2018\/05\/20101028_IMI_Interview_Wienerin.pdf&#187;][\/vc_column_inner][\/vc_row_inner][\/vc_column][\/vc_row]\n","protected":false},"excerpt":{"rendered":"<p>[vc_row type=&#187;full_width_background&#187; full_screen_row_position=&#187;middle&#187; scene_position=&#187;center&#187; text_color=&#187;light&#187; text_align=&#187;left&#187; overlay_strength=&#187;0.3&#8243; shape_divider_position=&#187;bottom&#187; bg_image_animation=&#187;none&#187; shape_type=&#187;&#187;][vc_column column_padding=&#187;no-extra-padding&#187; column_padding_position=&#187;all&#187; background_color_opacity=&#187;1&#8243; background_hover_color_opacity=&#187;1&#8243; column_link_target=&#187;_self&#187; column_shadow=&#187;none&#187; column_border_radius=&#187;none&#187; width=&#187;1\/1&#8243; tablet_width_inherit=&#187;default&#187; tablet_text_alignment=&#187;default&#187; phone_text_alignment=&#187;default&#187; column_border_width=&#187;none&#187; column_border_style=&#187;solid&#187; bg_image_animation=&#187;none&#187;][vc_row_inner column_margin=&#187;default&#187; text_align=&#187;left&#187;][vc_column_inner column_padding=&#187;no-extra-padding&#187; column_padding_position=&#187;all&#187; background_color_opacity=&#187;1&#8243; background_hover_color_opacity=&#187;1&#8243;&#8230;<\/p>\n","protected":false},"author":9,"featured_media":0,"parent":169,"menu_order":8,"comment_status":"closed","ping_status":"closed","template":"","meta":{"footnotes":""},"class_list":["post-179","page","type-page","status-publish"],"yoast_head":"<!-- This site is optimized with the Yoast SEO plugin v27.0 - https:\/\/yoast.com\/product\/yoast-seo-wordpress\/ -->\n<title>imi Kinderwunschklinik in der Presse - Zentrum f\u00fcr Kinderwunschmedizin<\/title>\n<meta name=\"description\" content=\"Hier finden Sie aktuelle Informationen zu Presseinformationen von imi Kinderwunschklinik dem Zentrum f\u00fcr Kinderwunschmedizin in Wien.\" \/>\n<meta name=\"robots\" content=\"index, follow, max-snippet:-1, max-image-preview:large, max-video-preview:-1\" \/>\n<link rel=\"canonical\" href=\"https:\/\/dummy.imi.clinic\/ch\/ueber-imi-kinderwunschklinik-in-wien\/in-der-presse\/\" \/>\n<meta property=\"og:locale\" content=\"de_DE\" \/>\n<meta property=\"og:type\" content=\"article\" \/>\n<meta property=\"og:title\" content=\"imi Kinderwunschklinik in der Presse - Zentrum f\u00fcr Kinderwunschmedizin\" \/>\n<meta property=\"og:description\" content=\"Hier finden Sie aktuelle Informationen zu Presseinformationen von imi Kinderwunschklinik dem Zentrum f\u00fcr Kinderwunschmedizin in Wien.\" \/>\n<meta property=\"og:url\" content=\"https:\/\/dummy.imi.clinic\/ch\/ueber-imi-kinderwunschklinik-in-wien\/in-der-presse\/\" \/>\n<meta property=\"og:site_name\" content=\"IMI\" \/>\n<meta property=\"article:modified_time\" content=\"2019-05-14T08:54:25+00:00\" \/>\n<meta name=\"twitter:card\" content=\"summary_large_image\" \/>\n<meta name=\"twitter:label1\" content=\"Gesch\u00e4tzte Lesezeit\" \/>\n\t<meta name=\"twitter:data1\" content=\"4\u00a0Minuten\" \/>\n<script type=\"application\/ld+json\" class=\"yoast-schema-graph\">{\"@context\":\"https:\/\/schema.org\",\"@graph\":[{\"@type\":\"WebPage\",\"@id\":\"https:\/\/dummy.imi.clinic\/ch\/ueber-imi-kinderwunschklinik-in-wien\/in-der-presse\/\",\"url\":\"https:\/\/dummy.imi.clinic\/ch\/ueber-imi-kinderwunschklinik-in-wien\/in-der-presse\/\",\"name\":\"imi Kinderwunschklinik in der Presse - Zentrum f\u00fcr Kinderwunschmedizin\",\"isPartOf\":{\"@id\":\"https:\/\/dummy.imi.clinic\/ch\/#website\"},\"datePublished\":\"2015-06-28T08:05:52+00:00\",\"dateModified\":\"2019-05-14T08:54:25+00:00\",\"description\":\"Hier finden Sie aktuelle Informationen zu Presseinformationen von imi Kinderwunschklinik dem Zentrum f\u00fcr Kinderwunschmedizin in Wien.\",\"breadcrumb\":{\"@id\":\"https:\/\/dummy.imi.clinic\/ch\/ueber-imi-kinderwunschklinik-in-wien\/in-der-presse\/#breadcrumb\"},\"inLanguage\":\"de-CH\",\"potentialAction\":[{\"@type\":\"ReadAction\",\"target\":[\"https:\/\/dummy.imi.clinic\/ch\/ueber-imi-kinderwunschklinik-in-wien\/in-der-presse\/\"]}]},{\"@type\":\"BreadcrumbList\",\"@id\":\"https:\/\/dummy.imi.clinic\/ch\/ueber-imi-kinderwunschklinik-in-wien\/in-der-presse\/#breadcrumb\",\"itemListElement\":[{\"@type\":\"ListItem\",\"position\":1,\"name\":\"Startseite\",\"item\":\"https:\/\/dummy.imi.clinic\/ch\/\"},{\"@type\":\"ListItem\",\"position\":2,\"name\":\"\u00dcber imi\",\"item\":\"https:\/\/dummy.imi.clinic\/ch\/ueber-imi-kinderwunschklinik-in-wien\/\"},{\"@type\":\"ListItem\",\"position\":3,\"name\":\"imi Kinderwunschklinik in der Presse\"}]},{\"@type\":\"WebSite\",\"@id\":\"https:\/\/dummy.imi.clinic\/ch\/#website\",\"url\":\"https:\/\/dummy.imi.clinic\/ch\/\",\"name\":\"IMI\",\"description\":\"Vom Kinderwunsch zum Wunschkind\",\"potentialAction\":[{\"@type\":\"SearchAction\",\"target\":{\"@type\":\"EntryPoint\",\"urlTemplate\":\"https:\/\/dummy.imi.clinic\/ch\/?s={search_term_string}\"},\"query-input\":{\"@type\":\"PropertyValueSpecification\",\"valueRequired\":true,\"valueName\":\"search_term_string\"}}],\"inLanguage\":\"de-CH\"}]}<\/script>\n<!-- \/ Yoast SEO plugin. -->","yoast_head_json":{"title":"imi Kinderwunschklinik in der Presse - Zentrum f\u00fcr Kinderwunschmedizin","description":"Hier finden Sie aktuelle Informationen zu Presseinformationen von imi Kinderwunschklinik dem Zentrum f\u00fcr Kinderwunschmedizin in Wien.","robots":{"index":"index","follow":"follow","max-snippet":"max-snippet:-1","max-image-preview":"max-image-preview:large","max-video-preview":"max-video-preview:-1"},"canonical":"https:\/\/dummy.imi.clinic\/ch\/ueber-imi-kinderwunschklinik-in-wien\/in-der-presse\/","og_locale":"de_DE","og_type":"article","og_title":"imi Kinderwunschklinik in der Presse - Zentrum f\u00fcr Kinderwunschmedizin","og_description":"Hier finden Sie aktuelle Informationen zu Presseinformationen von imi Kinderwunschklinik dem Zentrum f\u00fcr Kinderwunschmedizin in Wien.","og_url":"https:\/\/dummy.imi.clinic\/ch\/ueber-imi-kinderwunschklinik-in-wien\/in-der-presse\/","og_site_name":"IMI","article_modified_time":"2019-05-14T08:54:25+00:00","twitter_card":"summary_large_image","twitter_misc":{"Gesch\u00e4tzte Lesezeit":"4\u00a0Minuten"},"schema":{"@context":"https:\/\/schema.org","@graph":[{"@type":"WebPage","@id":"https:\/\/dummy.imi.clinic\/ch\/ueber-imi-kinderwunschklinik-in-wien\/in-der-presse\/","url":"https:\/\/dummy.imi.clinic\/ch\/ueber-imi-kinderwunschklinik-in-wien\/in-der-presse\/","name":"imi Kinderwunschklinik in der Presse - Zentrum f\u00fcr Kinderwunschmedizin","isPartOf":{"@id":"https:\/\/dummy.imi.clinic\/ch\/#website"},"datePublished":"2015-06-28T08:05:52+00:00","dateModified":"2019-05-14T08:54:25+00:00","description":"Hier finden Sie aktuelle Informationen zu Presseinformationen von imi Kinderwunschklinik dem Zentrum f\u00fcr Kinderwunschmedizin in Wien.","breadcrumb":{"@id":"https:\/\/dummy.imi.clinic\/ch\/ueber-imi-kinderwunschklinik-in-wien\/in-der-presse\/#breadcrumb"},"inLanguage":"de-CH","potentialAction":[{"@type":"ReadAction","target":["https:\/\/dummy.imi.clinic\/ch\/ueber-imi-kinderwunschklinik-in-wien\/in-der-presse\/"]}]},{"@type":"BreadcrumbList","@id":"https:\/\/dummy.imi.clinic\/ch\/ueber-imi-kinderwunschklinik-in-wien\/in-der-presse\/#breadcrumb","itemListElement":[{"@type":"ListItem","position":1,"name":"Startseite","item":"https:\/\/dummy.imi.clinic\/ch\/"},{"@type":"ListItem","position":2,"name":"\u00dcber imi","item":"https:\/\/dummy.imi.clinic\/ch\/ueber-imi-kinderwunschklinik-in-wien\/"},{"@type":"ListItem","position":3,"name":"imi Kinderwunschklinik in der Presse"}]},{"@type":"WebSite","@id":"https:\/\/dummy.imi.clinic\/ch\/#website","url":"https:\/\/dummy.imi.clinic\/ch\/","name":"IMI","description":"Vom Kinderwunsch zum Wunschkind","potentialAction":[{"@type":"SearchAction","target":{"@type":"EntryPoint","urlTemplate":"https:\/\/dummy.imi.clinic\/ch\/?s={search_term_string}"},"query-input":{"@type":"PropertyValueSpecification","valueRequired":true,"valueName":"search_term_string"}}],"inLanguage":"de-CH"}]}},"_links":{"self":[{"href":"https:\/\/dummy.imi.clinic\/ch\/wp-json\/wp\/v2\/pages\/179","targetHints":{"allow":["GET"]}}],"collection":[{"href":"https:\/\/dummy.imi.clinic\/ch\/wp-json\/wp\/v2\/pages"}],"about":[{"href":"https:\/\/dummy.imi.clinic\/ch\/wp-json\/wp\/v2\/types\/page"}],"author":[{"embeddable":true,"href":"https:\/\/dummy.imi.clinic\/ch\/wp-json\/wp\/v2\/users\/9"}],"replies":[{"embeddable":true,"href":"https:\/\/dummy.imi.clinic\/ch\/wp-json\/wp\/v2\/comments?post=179"}],"version-history":[{"count":0,"href":"https:\/\/dummy.imi.clinic\/ch\/wp-json\/wp\/v2\/pages\/179\/revisions"}],"up":[{"embeddable":true,"href":"https:\/\/dummy.imi.clinic\/ch\/wp-json\/wp\/v2\/pages\/169"}],"wp:attachment":[{"href":"https:\/\/dummy.imi.clinic\/ch\/wp-json\/wp\/v2\/media?parent=179"}],"curies":[{"name":"wp","href":"https:\/\/api.w.org\/{rel}","templated":true}]}}