{"id":173,"date":"2015-06-28T09:59:07","date_gmt":"2015-06-28T07:59:07","guid":{"rendered":"http:\/\/dummy.imi.co.at\/?page_id=173"},"modified":"2019-08-28T11:42:57","modified_gmt":"2019-08-28T09:42:57","slug":"rueckerstattung-bei-kinderwunsch","status":"publish","type":"page","link":"https:\/\/dummy.imi.clinic\/ch\/ueber-imi-kinderwunschklinik-in-wien\/rueckerstattung-bei-kinderwunsch\/","title":{"rendered":"Kostenr\u00fcckerstattung"},"content":{"rendered":"[vc_row type=&#187;full_width_background&#187; full_screen_row_position=&#187;middle&#187; scene_position=&#187;center&#187; text_color=&#187;dark&#187; text_align=&#187;left&#187; top_padding=&#187;3%&#187; bottom_padding=&#187;5%&#187; overlay_strength=&#187;0.3&#8243; shape_divider_position=&#187;bottom&#187; bg_image_animation=&#187;none&#187; shape_type=&#187;&#187;][vc_column column_padding=&#187;no-extra-padding&#187; column_padding_position=&#187;all&#187; background_color_opacity=&#187;1&#8243; background_hover_color_opacity=&#187;1&#8243; column_link_target=&#187;_self&#187; column_shadow=&#187;none&#187; column_border_radius=&#187;none&#187; width=&#187;1\/1&#8243; tablet_width_inherit=&#187;default&#187; tablet_text_alignment=&#187;default&#187; phone_text_alignment=&#187;default&#187; column_border_width=&#187;none&#187; column_border_style=&#187;solid&#187; bg_image_animation=&#187;none&#187;][vc_row_inner column_margin=&#187;default&#187; text_align=&#187;left&#187;][vc_column_inner column_padding=&#187;no-extra-padding&#187; column_padding_position=&#187;all&#187; background_color_opacity=&#187;1&#8243; background_hover_color_opacity=&#187;1&#8243; column_shadow=&#187;none&#187; column_border_radius=&#187;none&#187; column_link_target=&#187;_self&#187; el_class=&#187;abstract-font&#187; width=&#187;1\/1&#8243; tablet_width_inherit=&#187;default&#187; column_border_width=&#187;none&#187; column_border_style=&#187;solid&#187; bg_image_animation=&#187;none&#187;][vc_column_text max_width=&#187;900&#8243;]\n<h2>Fragen zu den Kosten im Kinderwunsch-Beratungsgespr\u00e4ch<\/h2>\n<p>Nachfolgend finden Sie einige Fragen, die wir im Laufe unserer Kinderwunsch-Beratungsgespr\u00e4che immer wieder gestellt bekommen.[\/vc_column_text][\/vc_column_inner][\/vc_row_inner][vc_row_inner column_margin=&#187;default&#187; text_align=&#187;left&#187;][vc_column_inner column_padding=&#187;no-extra-padding&#187; column_padding_position=&#187;all&#187; background_color_opacity=&#187;1&#8243; background_hover_color_opacity=&#187;1&#8243; column_shadow=&#187;none&#187; column_border_radius=&#187;none&#187; column_link_target=&#187;_self&#187; width=&#187;1\/2&#8243; tablet_width_inherit=&#187;default&#187; column_border_width=&#187;none&#187; column_border_style=&#187;solid&#187; bg_image_animation=&#187;none&#187;][vc_column_text max_width=&#187;600&#8243;]\n<h3>Werden die Kosten einer Kinderwunschbehandlung r\u00fcckerstattet?<\/h3>\n<p>Grunds\u00e4tzlich werden Kosten f\u00fcr Kinderwunschbehandlungen von Sozial- und Privatversicherungen nicht \u00fcbernommen. Eine Ausnahme sind ein Teil der Kosten f\u00fcr die k\u00fcnstliche Befruchtung (IVF), sofern gewisse Erkrankungen vorliegen, welche zuvor in entsprechenden Untersuchungen nachgewiesen wurden (allerdings m\u00fcssen ca. \u20ac 1000.- an Selbstbehalt pro Behandlung bezahlt werden).[\/vc_column_text][\/vc_column_inner][vc_column_inner column_padding=&#187;no-extra-padding&#187; column_padding_position=&#187;all&#187; background_color_opacity=&#187;1&#8243; background_hover_color_opacity=&#187;1&#8243; column_shadow=&#187;none&#187; column_border_radius=&#187;none&#187; column_link_target=&#187;_self&#187; width=&#187;1\/2&#8243; tablet_width_inherit=&#187;default&#187; column_border_width=&#187;none&#187; column_border_style=&#187;solid&#187; bg_image_animation=&#187;none&#187;][vc_column_text max_width=&#187;600&#8243;]\n<h3>Wann k\u00f6nnen Kosten doch r\u00fcckerstattet werden?<\/h3>\n<p>Eine teilweise\u00a0<strong>R\u00fcckerstattung<\/strong>\u00a0der Behandlungskosten ist jedoch dann\u00a0<strong>m\u00f6glich, wenn<\/strong>\u00a0die Behandlung auch ohne Kinderwunsch\u00a0<strong>medizinisch notwendig<\/strong>\u00a0ist. Zum\u00a0<strong>Beispiel<\/strong>\u00a0sollte eine Unterfunktion der Schilddr\u00fcse in jedem Fall erkannt und behandelt werden, kann aber auch wesentlich f\u00fcr das Ausbleiben der Schwangerschaft mitverantwortlich sein. Wir versuchen, soweit m\u00f6glich, unseren Leistungsausweis am Leistungskatalog Ihrer Versicherung zu orientieren.[\/vc_column_text][\/vc_column_inner][\/vc_row_inner][vc_row_inner equal_height=&#187;yes&#187; content_placement=&#187;middle&#187; column_margin=&#187;default&#187; top_padding=&#187;5%&#187; text_align=&#187;left&#187; el_id=&#187;01&#8243;][vc_column_inner column_padding=&#187;no-extra-padding&#187; column_padding_position=&#187;all&#187; background_color_opacity=&#187;1&#8243; background_hover_color_opacity=&#187;1&#8243; column_shadow=&#187;none&#187; column_border_radius=&#187;none&#187; column_link_target=&#187;_self&#187; width=&#187;2\/3&#8243; tablet_width_inherit=&#187;default&#187; column_border_width=&#187;none&#187; column_border_style=&#187;solid&#187; bg_image_animation=&#187;none&#187;][vc_column_text max_width=&#187;900&#8243;]\n<h3>Jetzt NEU f\u00fcr Patientinnen des imi Kinderwunschzentrums<\/h3>\n<p>Bei Kinderwunsch und bereits bestehender Schwangerschaft besteht die M\u00f6glichkeit, eine\u00a0<strong>Zusatzversicherung<\/strong>\u00a0abzuschlie\u00dfen. Alle Kosten im Zusammenhang mit Kinderwunsch, Schwangerschaft &amp; Entbindung werden \u00fcbernommen \u2013\u00a0<strong>OHNE Mehrkosten, OHNE Wartezeit<\/strong>.<\/p>\n<p>Wenden Sie sich vertrauensvoll an das Team von\u00a0<strong>PRIVATpatient.at<\/strong> unter der Nummer +43 1 358 05 660 oder informieren Sie sich online unter www.privatpatient.at. Sie erhalten bereits am n\u00e4chsten Werktag ein individuelles, auf Ihre ganz speziellen Bed\u00fcrfnisse abgestimmtes Angebot.[\/vc_column_text][\/vc_column_inner][vc_column_inner column_padding=&#187;no-extra-padding&#187; column_padding_position=&#187;all&#187; background_color_opacity=&#187;1&#8243; background_hover_color_opacity=&#187;1&#8243; column_shadow=&#187;none&#187; column_border_radius=&#187;none&#187; column_link_target=&#187;_self&#187; width=&#187;1\/3&#8243; tablet_width_inherit=&#187;default&#187; column_border_width=&#187;none&#187; column_border_style=&#187;solid&#187; bg_image_animation=&#187;none&#187;][image_with_animation image_url=&#187;5528&#8243; alignment=&#187;&#187; animation=&#187;Fade In&#187; border_radius=&#187;none&#187; box_shadow=&#187;none&#187; max_width=&#187;100%&#187;][\/vc_column_inner][\/vc_row_inner][\/vc_column][\/vc_row][vc_row type=&#187;in_container&#187; full_screen_row_position=&#187;middle&#187; equal_height=&#187;yes&#187; content_placement=&#187;middle&#187; scene_position=&#187;center&#187; text_color=&#187;dark&#187; text_align=&#187;left&#187; top_padding=&#187;5%&#187; bottom_padding=&#187;5%&#187; id=&#187;03&#8243; color_overlay=&#187;#a5b3be&#187; overlay_strength=&#187;0.3&#8243; shape_divider_position=&#187;bottom&#187; bg_image_animation=&#187;none&#187; shape_type=&#187;&#187;][vc_column column_padding=&#187;no-extra-padding&#187; column_padding_position=&#187;all&#187; background_color_opacity=&#187;1&#8243; background_hover_color_opacity=&#187;1&#8243; column_link_target=&#187;_self&#187; column_shadow=&#187;none&#187; column_border_radius=&#187;none&#187; width=&#187;2\/3&#8243; tablet_width_inherit=&#187;default&#187; tablet_text_alignment=&#187;default&#187; phone_text_alignment=&#187;default&#187; column_border_width=&#187;none&#187; column_border_style=&#187;solid&#187; bg_image_animation=&#187;none&#187;][vc_column_text max_width=&#187;550&#8243; css=&#187;.vc_custom_1538833228336{padding-bottom: 20px !important;}&#187;]\n<h2>Was bedeutet Wahlarztordination ?<\/h2>\n[\/vc_column_text][vc_column_text]Wir arbeiten nach dem Wahlarztsystem. Da wir nicht direkt mit den Versicherungen verrechnen, bedeutet das, dass die anfallenden Kosten vorerst in der Ordination beglichen werden.<\/p>\n<p>Sofern es sich also bei der Behandlung um eine \u201eKassenleistung\u201c handelt, werden Ihnen ca. 80% des Standardkassentarifs dieser Leistung von Ihrer Krankenkasse zur\u00fcckerstattet. Es ist je nach Versicherung sehr unterschiedlich, welche Leistungen in welcher H\u00f6he \u00fcbernommen werden. Manche Kosten werden auch erst nach individueller Entscheidung der Versicherung zur\u00fcckerstattet.<\/p>\n<p>Erfahrungsgem\u00e4\u00df bedeutet das, dass ca. 10 bis maximal 80% der tats\u00e4chlich anfallenden Kosten von den gesetzlichen Kassen zur\u00fcckerstattet werden.<\/p>\n<p>Sofern Sie eine Krankenzusatzversicherung haben, \u00fcbernimmt diese zumeist den Rest auf die vollen Behandlungskosten (sofern es sich um eine Kassenleistung handelt) problemlos.[\/vc_column_text][\/vc_column][vc_column column_padding=&#187;no-extra-padding&#187; column_padding_position=&#187;all&#187; background_color_opacity=&#187;1&#8243; background_hover_color_opacity=&#187;1&#8243; column_link_target=&#187;_self&#187; column_shadow=&#187;none&#187; column_border_radius=&#187;none&#187; width=&#187;1\/3&#8243; tablet_width_inherit=&#187;default&#187; tablet_text_alignment=&#187;default&#187; phone_text_alignment=&#187;default&#187; column_border_width=&#187;none&#187; column_border_style=&#187;solid&#187; bg_image_animation=&#187;none&#187;][\/vc_column][\/vc_row][vc_row type=&#187;in_container&#187; full_screen_row_position=&#187;middle&#187; equal_height=&#187;yes&#187; scene_position=&#187;center&#187; text_color=&#187;dark&#187; text_align=&#187;left&#187; top_padding=&#187;5%&#187; bottom_padding=&#187;5%&#187; id=&#187;04&#8243; overlay_strength=&#187;0.3&#8243; shape_divider_position=&#187;bottom&#187; bg_image_animation=&#187;none&#187; shape_type=&#187;&#187;][vc_column column_padding=&#187;no-extra-padding&#187; column_padding_position=&#187;all&#187; background_color_opacity=&#187;1&#8243; background_hover_color_opacity=&#187;1&#8243; column_link_target=&#187;_self&#187; column_shadow=&#187;none&#187; column_border_radius=&#187;none&#187; width=&#187;1\/1&#8243; tablet_width_inherit=&#187;default&#187; tablet_text_alignment=&#187;default&#187; phone_text_alignment=&#187;default&#187; column_border_width=&#187;none&#187; column_border_style=&#187;solid&#187; bg_image_animation=&#187;none&#187;][vc_column_text css=&#187;.vc_custom_1538833467560{padding-bottom: 20px !important;}&#187;]\n<h2>Hat das Wahlarztsystem auch Vorteile f\u00fcr Sie?<\/h2>\n[\/vc_column_text][vc_row_inner equal_height=&#187;yes&#187; column_margin=&#187;default&#187; text_align=&#187;left&#187;][vc_column_inner column_padding=&#187;padding-3-percent&#187; column_padding_position=&#187;all&#187; background_color=&#187;#ffffff&#187; background_color_opacity=&#187;1&#8243; background_hover_color_opacity=&#187;1&#8243; column_shadow=&#187;none&#187; column_border_radius=&#187;none&#187; column_link_target=&#187;_self&#187; width=&#187;1\/2&#8243; tablet_width_inherit=&#187;default&#187; column_border_width=&#187;none&#187; column_border_style=&#187;solid&#187; bg_image_animation=&#187;none&#187; enable_animation=&#187;true&#187; animation=&#187;fade-in&#187;][vc_custom_heading text=&#187;1&#8243; font_container=&#187;tag:p|font_size:32|text_align:left|color:rgba(0%2C0%2C0%2C0.8)&#187; use_theme_fonts=&#187;yes&#187;]<div class=\"nectar-fancy-ul\" data-list-icon=\"icon-salient-thin-line\" data-animation=\"false\" data-animation-delay=\"0\" data-color=\"accent-color\" data-spacing=\"default\" data-alignment=\"left\"> \n<h3>Kurzfristige Termine<\/h3>\n<p>Termine k\u00f6nnen wesentlich kurzfristiger vergeben werden <\/div>[\/vc_column_inner][vc_column_inner column_padding=&#187;padding-3-percent&#187; column_padding_position=&#187;all&#187; background_color=&#187;#ffffff&#187; background_color_opacity=&#187;1&#8243; background_hover_color_opacity=&#187;1&#8243; column_shadow=&#187;none&#187; column_border_radius=&#187;none&#187; column_link_target=&#187;_self&#187; width=&#187;1\/2&#8243; tablet_width_inherit=&#187;default&#187; column_border_width=&#187;none&#187; column_border_style=&#187;solid&#187; bg_image_animation=&#187;none&#187; enable_animation=&#187;true&#187; animation=&#187;fade-in&#187; delay=&#187;100&#8243;][vc_custom_heading text=&#187;2&#8243; font_container=&#187;tag:p|font_size:32|text_align:left|color:rgba(0%2C0%2C0%2C0.8)&#187; use_theme_fonts=&#187;yes&#187;]<div class=\"nectar-fancy-ul\" data-list-icon=\"icon-salient-thin-line\" data-animation=\"false\" data-animation-delay=\"0\" data-color=\"accent-color\" data-spacing=\"default\" data-alignment=\"left\"> \n<h3>Sehr kurzen Wartezeiten<\/h3>\n<p>Es kommt zu keinen oder nur sehr kurzen Wartezeiten in der Ordination- Wir haben viel mehr Zeit f\u00fcr Ihre Anliegen <\/div>[\/vc_column_inner][\/vc_row_inner][vc_row_inner equal_height=&#187;yes&#187; column_margin=&#187;default&#187; text_align=&#187;left&#187;][vc_column_inner column_padding=&#187;padding-3-percent&#187; column_padding_position=&#187;all&#187; background_color=&#187;#ffffff&#187; background_color_opacity=&#187;1&#8243; background_hover_color_opacity=&#187;1&#8243; column_shadow=&#187;none&#187; column_border_radius=&#187;none&#187; column_link_target=&#187;_self&#187; width=&#187;1\/2&#8243; tablet_width_inherit=&#187;default&#187; column_border_width=&#187;none&#187; column_border_style=&#187;solid&#187; bg_image_animation=&#187;none&#187; enable_animation=&#187;true&#187; animation=&#187;fade-in&#187; delay=&#187;200&#8243;][vc_custom_heading text=&#187;3&#8243; font_container=&#187;tag:p|font_size:32|text_align:left|color:rgba(0%2C0%2C0%2C0.8)&#187; use_theme_fonts=&#187;yes&#187;]<div class=\"nectar-fancy-ul\" data-list-icon=\"icon-salient-thin-line\" data-animation=\"false\" data-animation-delay=\"0\" data-color=\"accent-color\" data-spacing=\"default\" data-alignment=\"left\"> \n<h3>Transparente Honorare<\/h3>\n<p>Kassenfreie Leistungen sind bereits im Honorar integriert. <\/div>[\/vc_column_inner][vc_column_inner column_padding=&#187;padding-3-percent&#187; column_padding_position=&#187;all&#187; background_color=&#187;#ffffff&#187; background_color_opacity=&#187;1&#8243; background_hover_color_opacity=&#187;1&#8243; column_shadow=&#187;none&#187; column_border_radius=&#187;none&#187; column_link_target=&#187;_self&#187; width=&#187;1\/2&#8243; tablet_width_inherit=&#187;default&#187; column_border_width=&#187;none&#187; column_border_style=&#187;solid&#187; bg_image_animation=&#187;none&#187; enable_animation=&#187;true&#187; animation=&#187;fade-in&#187; delay=&#187;300&#8243;][vc_custom_heading text=&#187;4&#8243; font_container=&#187;tag:p|font_size:32|text_align:left|color:rgba(0%2C0%2C0%2C0.8)&#187; use_theme_fonts=&#187;yes&#187;]<div class=\"nectar-fancy-ul\" data-list-icon=\"icon-salient-thin-line\" data-animation=\"false\" data-animation-delay=\"0\" data-color=\"accent-color\" data-spacing=\"default\" data-alignment=\"left\"> \n<h3>Infrastruktur eines Spitals<\/h3>\n<p>Wir bieten Ihnen auch die volle Infrastruktur eines Spitals im Hintergrund, da alle unsere \u00c4rzte auch als Spitalsarzt t\u00e4tig sind <\/div>[\/vc_column_inner][\/vc_row_inner][\/vc_column][\/vc_row][vc_row type=&#187;full_width_background&#187; full_screen_row_position=&#187;middle&#187; equal_height=&#187;yes&#187; content_placement=&#187;middle&#187; scene_position=&#187;center&#187; text_color=&#187;dark&#187; text_align=&#187;left&#187; bottom_padding=&#187;5%&#187; id=&#187;discover&#187; overlay_strength=&#187;0.3&#8243; shape_divider_position=&#187;bottom&#187; bg_image_animation=&#187;none&#187; shape_type=&#187;&#187;][vc_column column_padding=&#187;no-extra-padding&#187; column_padding_position=&#187;all&#187; background_color_opacity=&#187;1&#8243; background_hover_color_opacity=&#187;1&#8243; column_link_target=&#187;_self&#187; column_shadow=&#187;none&#187; column_border_radius=&#187;none&#187; width=&#187;2\/3&#8243; tablet_width_inherit=&#187;default&#187; tablet_text_alignment=&#187;default&#187; phone_text_alignment=&#187;default&#187; column_border_width=&#187;none&#187; column_border_style=&#187;solid&#187; bg_image_animation=&#187;none&#187;][vc_row_inner column_margin=&#187;default&#187; text_align=&#187;left&#187; css=&#187;.vc_custom_1504128844236{margin-right: -1px !important;}&#187;][vc_column_inner column_padding=&#187;no-extra-padding&#187; column_padding_position=&#187;all&#187; background_color_opacity=&#187;1&#8243; background_hover_color_opacity=&#187;1&#8243; column_shadow=&#187;none&#187; column_border_radius=&#187;none&#187; column_link_target=&#187;_self&#187; width=&#187;1\/1&#8243; tablet_width_inherit=&#187;default&#187; column_border_width=&#187;none&#187; column_border_style=&#187;solid&#187; bg_image_animation=&#187;none&#187; enable_animation=&#187;true&#187; animation=&#187;fade-in-from-left&#187;][nectar_single_testimonial testimonial_style=&#187;bold&#187; color=&#187;Extra-Color-1&#8243; style=&#187;bold&#187; quote=&#187;Auch wenn es nicht leicht war und ich oft dran gezweifelt habe, dass wir jemals ein Kind bekommen \u2013 Sie als Team haben uns dabei so sehr geholfen! Jetzt sind wir \u00fcbergl\u00fccklich!&#187; name=&#187;Fam. P.&#187; subtitle=&#187;Patientin (38)&#187;][\/vc_column_inner][\/vc_row_inner][\/vc_column][vc_column column_padding=&#187;no-extra-padding&#187; column_padding_position=&#187;all&#187; background_color_opacity=&#187;1&#8243; background_hover_color_opacity=&#187;1&#8243; column_link_target=&#187;_self&#187; column_shadow=&#187;none&#187; column_border_radius=&#187;none&#187; width=&#187;1\/3&#8243; tablet_width_inherit=&#187;default&#187; tablet_text_alignment=&#187;default&#187; phone_text_alignment=&#187;default&#187; column_border_width=&#187;none&#187; column_border_style=&#187;solid&#187; bg_image_animation=&#187;none&#187;][image_with_animation image_url=&#187;3934&#8243; alignment=&#187;right&#187; animation=&#187;Grow In&#187; border_radius=&#187;none&#187; box_shadow=&#187;none&#187; max_width=&#187;225%&#187;][\/vc_column][\/vc_row]\n","protected":false},"excerpt":{"rendered":"<p>[vc_row type=&#187;full_width_background&#187; full_screen_row_position=&#187;middle&#187; scene_position=&#187;center&#187; text_color=&#187;dark&#187; text_align=&#187;left&#187; top_padding=&#187;3%&#187; bottom_padding=&#187;5%&#187; overlay_strength=&#187;0.3&#8243; shape_divider_position=&#187;bottom&#187; bg_image_animation=&#187;none&#187; shape_type=&#187;&#187;][vc_column column_padding=&#187;no-extra-padding&#187; column_padding_position=&#187;all&#187; background_color_opacity=&#187;1&#8243; background_hover_color_opacity=&#187;1&#8243; column_link_target=&#187;_self&#187; column_shadow=&#187;none&#187; column_border_radius=&#187;none&#187; width=&#187;1\/1&#8243; tablet_width_inherit=&#187;default&#187; tablet_text_alignment=&#187;default&#187; phone_text_alignment=&#187;default&#187; column_border_width=&#187;none&#187; column_border_style=&#187;solid&#187; bg_image_animation=&#187;none&#187;][vc_row_inner column_margin=&#187;default&#187; text_align=&#187;left&#187;][vc_column_inner column_padding=&#187;no-extra-padding&#187; column_padding_position=&#187;all&#187;&#8230;<\/p>\n","protected":false},"author":9,"featured_media":0,"parent":169,"menu_order":4,"comment_status":"closed","ping_status":"closed","template":"","meta":{"footnotes":""},"class_list":["post-173","page","type-page","status-publish"],"yoast_head":"<!-- This site is optimized with the Yoast SEO plugin v27.0 - https:\/\/yoast.com\/product\/yoast-seo-wordpress\/ -->\n<title>Kosten-R\u00fcckerstattung bei Kinderwunsch - imi Kinderwunschklinik in Wien<\/title>\n<meta name=\"description\" content=\"Nachfolgend einige Fragen zur R\u00fcckerstattung der Kinderwunsch-Behandlungskosten, die wir im Laufe unserer Kinderwunsch-Beratungsgespr\u00e4chegestellt bekommen.\" \/>\n<meta name=\"robots\" content=\"index, follow, max-snippet:-1, max-image-preview:large, max-video-preview:-1\" \/>\n<link rel=\"canonical\" href=\"https:\/\/dummy.imi.clinic\/ch\/ueber-imi-kinderwunschklinik-in-wien\/rueckerstattung-bei-kinderwunsch\/\" \/>\n<meta property=\"og:locale\" content=\"de_DE\" \/>\n<meta property=\"og:type\" content=\"article\" \/>\n<meta property=\"og:title\" content=\"Kosten-R\u00fcckerstattung bei Kinderwunsch - imi Kinderwunschklinik in Wien\" \/>\n<meta property=\"og:description\" content=\"Nachfolgend einige Fragen zur R\u00fcckerstattung der Kinderwunsch-Behandlungskosten, die wir im Laufe unserer Kinderwunsch-Beratungsgespr\u00e4chegestellt bekommen.\" \/>\n<meta property=\"og:url\" content=\"https:\/\/dummy.imi.clinic\/ch\/ueber-imi-kinderwunschklinik-in-wien\/rueckerstattung-bei-kinderwunsch\/\" \/>\n<meta property=\"og:site_name\" content=\"IMI\" \/>\n<meta property=\"article:modified_time\" content=\"2019-08-28T09:42:57+00:00\" \/>\n<meta name=\"twitter:card\" content=\"summary_large_image\" \/>\n<meta name=\"twitter:label1\" content=\"Gesch\u00e4tzte Lesezeit\" \/>\n\t<meta name=\"twitter:data1\" content=\"9\u00a0Minuten\" \/>\n<script type=\"application\/ld+json\" class=\"yoast-schema-graph\">{\"@context\":\"https:\/\/schema.org\",\"@graph\":[{\"@type\":\"WebPage\",\"@id\":\"https:\/\/dummy.imi.clinic\/ch\/ueber-imi-kinderwunschklinik-in-wien\/rueckerstattung-bei-kinderwunsch\/\",\"url\":\"https:\/\/dummy.imi.clinic\/ch\/ueber-imi-kinderwunschklinik-in-wien\/rueckerstattung-bei-kinderwunsch\/\",\"name\":\"Kosten-R\u00fcckerstattung bei Kinderwunsch - imi Kinderwunschklinik in Wien\",\"isPartOf\":{\"@id\":\"https:\/\/dummy.imi.clinic\/ch\/#website\"},\"datePublished\":\"2015-06-28T07:59:07+00:00\",\"dateModified\":\"2019-08-28T09:42:57+00:00\",\"description\":\"Nachfolgend einige Fragen zur R\u00fcckerstattung der Kinderwunsch-Behandlungskosten, die wir im Laufe unserer Kinderwunsch-Beratungsgespr\u00e4chegestellt bekommen.\",\"breadcrumb\":{\"@id\":\"https:\/\/dummy.imi.clinic\/ch\/ueber-imi-kinderwunschklinik-in-wien\/rueckerstattung-bei-kinderwunsch\/#breadcrumb\"},\"inLanguage\":\"de-CH\",\"potentialAction\":[{\"@type\":\"ReadAction\",\"target\":[\"https:\/\/dummy.imi.clinic\/ch\/ueber-imi-kinderwunschklinik-in-wien\/rueckerstattung-bei-kinderwunsch\/\"]}]},{\"@type\":\"BreadcrumbList\",\"@id\":\"https:\/\/dummy.imi.clinic\/ch\/ueber-imi-kinderwunschklinik-in-wien\/rueckerstattung-bei-kinderwunsch\/#breadcrumb\",\"itemListElement\":[{\"@type\":\"ListItem\",\"position\":1,\"name\":\"Startseite\",\"item\":\"https:\/\/dummy.imi.clinic\/ch\/\"},{\"@type\":\"ListItem\",\"position\":2,\"name\":\"\u00dcber imi\",\"item\":\"https:\/\/dummy.imi.clinic\/ch\/ueber-imi-kinderwunschklinik-in-wien\/\"},{\"@type\":\"ListItem\",\"position\":3,\"name\":\"Kostenr\u00fcckerstattung\"}]},{\"@type\":\"WebSite\",\"@id\":\"https:\/\/dummy.imi.clinic\/ch\/#website\",\"url\":\"https:\/\/dummy.imi.clinic\/ch\/\",\"name\":\"IMI\",\"description\":\"Vom Kinderwunsch zum Wunschkind\",\"potentialAction\":[{\"@type\":\"SearchAction\",\"target\":{\"@type\":\"EntryPoint\",\"urlTemplate\":\"https:\/\/dummy.imi.clinic\/ch\/?s={search_term_string}\"},\"query-input\":{\"@type\":\"PropertyValueSpecification\",\"valueRequired\":true,\"valueName\":\"search_term_string\"}}],\"inLanguage\":\"de-CH\"}]}<\/script>\n<!-- \/ Yoast SEO plugin. -->","yoast_head_json":{"title":"Kosten-R\u00fcckerstattung bei Kinderwunsch - imi Kinderwunschklinik in Wien","description":"Nachfolgend einige Fragen zur R\u00fcckerstattung der Kinderwunsch-Behandlungskosten, die wir im Laufe unserer Kinderwunsch-Beratungsgespr\u00e4chegestellt bekommen.","robots":{"index":"index","follow":"follow","max-snippet":"max-snippet:-1","max-image-preview":"max-image-preview:large","max-video-preview":"max-video-preview:-1"},"canonical":"https:\/\/dummy.imi.clinic\/ch\/ueber-imi-kinderwunschklinik-in-wien\/rueckerstattung-bei-kinderwunsch\/","og_locale":"de_DE","og_type":"article","og_title":"Kosten-R\u00fcckerstattung bei Kinderwunsch - imi Kinderwunschklinik in Wien","og_description":"Nachfolgend einige Fragen zur R\u00fcckerstattung der Kinderwunsch-Behandlungskosten, die wir im Laufe unserer Kinderwunsch-Beratungsgespr\u00e4chegestellt bekommen.","og_url":"https:\/\/dummy.imi.clinic\/ch\/ueber-imi-kinderwunschklinik-in-wien\/rueckerstattung-bei-kinderwunsch\/","og_site_name":"IMI","article_modified_time":"2019-08-28T09:42:57+00:00","twitter_card":"summary_large_image","twitter_misc":{"Gesch\u00e4tzte Lesezeit":"9\u00a0Minuten"},"schema":{"@context":"https:\/\/schema.org","@graph":[{"@type":"WebPage","@id":"https:\/\/dummy.imi.clinic\/ch\/ueber-imi-kinderwunschklinik-in-wien\/rueckerstattung-bei-kinderwunsch\/","url":"https:\/\/dummy.imi.clinic\/ch\/ueber-imi-kinderwunschklinik-in-wien\/rueckerstattung-bei-kinderwunsch\/","name":"Kosten-R\u00fcckerstattung bei Kinderwunsch - imi Kinderwunschklinik in Wien","isPartOf":{"@id":"https:\/\/dummy.imi.clinic\/ch\/#website"},"datePublished":"2015-06-28T07:59:07+00:00","dateModified":"2019-08-28T09:42:57+00:00","description":"Nachfolgend einige Fragen zur R\u00fcckerstattung der Kinderwunsch-Behandlungskosten, die wir im Laufe unserer Kinderwunsch-Beratungsgespr\u00e4chegestellt bekommen.","breadcrumb":{"@id":"https:\/\/dummy.imi.clinic\/ch\/ueber-imi-kinderwunschklinik-in-wien\/rueckerstattung-bei-kinderwunsch\/#breadcrumb"},"inLanguage":"de-CH","potentialAction":[{"@type":"ReadAction","target":["https:\/\/dummy.imi.clinic\/ch\/ueber-imi-kinderwunschklinik-in-wien\/rueckerstattung-bei-kinderwunsch\/"]}]},{"@type":"BreadcrumbList","@id":"https:\/\/dummy.imi.clinic\/ch\/ueber-imi-kinderwunschklinik-in-wien\/rueckerstattung-bei-kinderwunsch\/#breadcrumb","itemListElement":[{"@type":"ListItem","position":1,"name":"Startseite","item":"https:\/\/dummy.imi.clinic\/ch\/"},{"@type":"ListItem","position":2,"name":"\u00dcber imi","item":"https:\/\/dummy.imi.clinic\/ch\/ueber-imi-kinderwunschklinik-in-wien\/"},{"@type":"ListItem","position":3,"name":"Kostenr\u00fcckerstattung"}]},{"@type":"WebSite","@id":"https:\/\/dummy.imi.clinic\/ch\/#website","url":"https:\/\/dummy.imi.clinic\/ch\/","name":"IMI","description":"Vom Kinderwunsch zum Wunschkind","potentialAction":[{"@type":"SearchAction","target":{"@type":"EntryPoint","urlTemplate":"https:\/\/dummy.imi.clinic\/ch\/?s={search_term_string}"},"query-input":{"@type":"PropertyValueSpecification","valueRequired":true,"valueName":"search_term_string"}}],"inLanguage":"de-CH"}]}},"_links":{"self":[{"href":"https:\/\/dummy.imi.clinic\/ch\/wp-json\/wp\/v2\/pages\/173","targetHints":{"allow":["GET"]}}],"collection":[{"href":"https:\/\/dummy.imi.clinic\/ch\/wp-json\/wp\/v2\/pages"}],"about":[{"href":"https:\/\/dummy.imi.clinic\/ch\/wp-json\/wp\/v2\/types\/page"}],"author":[{"embeddable":true,"href":"https:\/\/dummy.imi.clinic\/ch\/wp-json\/wp\/v2\/users\/9"}],"replies":[{"embeddable":true,"href":"https:\/\/dummy.imi.clinic\/ch\/wp-json\/wp\/v2\/comments?post=173"}],"version-history":[{"count":0,"href":"https:\/\/dummy.imi.clinic\/ch\/wp-json\/wp\/v2\/pages\/173\/revisions"}],"up":[{"embeddable":true,"href":"https:\/\/dummy.imi.clinic\/ch\/wp-json\/wp\/v2\/pages\/169"}],"wp:attachment":[{"href":"https:\/\/dummy.imi.clinic\/ch\/wp-json\/wp\/v2\/media?parent=173"}],"curies":[{"name":"wp","href":"https:\/\/api.w.org\/{rel}","templated":true}]}}