{"id":1486,"date":"2016-12-15T14:45:11","date_gmt":"2016-12-15T13:45:11","guid":{"rendered":"http:\/\/imi.co.at\/?page_id=1486"},"modified":"2019-08-28T12:12:08","modified_gmt":"2019-08-28T10:12:08","slug":"kontinuierliche-betreuung","status":"publish","type":"page","link":"https:\/\/dummy.imi.clinic\/ch\/ueber-imi-kinderwunschklinik-in-wien\/kontinuierliche-betreuung\/","title":{"rendered":"Kontinuierliche Betreuung"},"content":{"rendered":"[vc_row type=&#187;full_width_background&#187; full_screen_row_position=&#187;middle&#187; scene_position=&#187;center&#187; text_color=&#187;dark&#187; text_align=&#187;left&#187; top_padding=&#187;3%&#187; bottom_padding=&#187;3%&#187; overlay_strength=&#187;0.3&#8243; shape_divider_position=&#187;bottom&#187; bg_image_animation=&#187;none&#187; shape_type=&#187;&#187;][vc_column column_padding=&#187;no-extra-padding&#187; column_padding_position=&#187;all&#187; background_color_opacity=&#187;1&#8243; background_hover_color_opacity=&#187;1&#8243; column_link_target=&#187;_self&#187; column_shadow=&#187;none&#187; column_border_radius=&#187;none&#187; width=&#187;1\/1&#8243; tablet_width_inherit=&#187;default&#187; tablet_text_alignment=&#187;default&#187; phone_text_alignment=&#187;default&#187; column_border_width=&#187;none&#187; column_border_style=&#187;solid&#187; bg_image_animation=&#187;none&#187;][vc_row_inner column_margin=&#187;default&#187; text_align=&#187;left&#187;][vc_column_inner column_padding=&#187;no-extra-padding&#187; column_padding_position=&#187;all&#187; background_color_opacity=&#187;1&#8243; background_hover_color_opacity=&#187;1&#8243; column_shadow=&#187;none&#187; column_border_radius=&#187;none&#187; column_link_target=&#187;_self&#187; el_class=&#187;abstract-font&#187; width=&#187;1\/1&#8243; tablet_width_inherit=&#187;default&#187; column_border_width=&#187;none&#187; column_border_style=&#187;solid&#187; bg_image_animation=&#187;none&#187;][vc_column_text max_width=&#187;900&#8243;]\n<h2>Wir begleiten Sie vor und nach Ihrer Schwangerschaft<\/h2>\n<p>Wir bieten Ihnen alle notwendigen Abkl\u00e4rungen und Behandlungen inklusive eventueller Operationen sowie Schwangerschafts- und Geburtsbetreuung aus einer Hand. Um dieses Ziel zu erreichen und verl\u00e4sslich f\u00fcr Sie da sein zu k\u00f6nnen, werden Sie von einer kleinen Gruppe von Fach\u00e4rzten betreut. Wir versuchen, Ihnen nach M\u00f6glichkeit Ihren gew\u00fcnschten Ansprechpartner zur Verf\u00fcgung zu stellen.[\/vc_column_text][\/vc_column_inner][\/vc_row_inner][vc_row_inner column_margin=&#187;default&#187; text_align=&#187;left&#187; el_id=&#187;01&#8243;][vc_column_inner column_padding=&#187;no-extra-padding&#187; column_padding_position=&#187;all&#187; background_color_opacity=&#187;1&#8243; background_hover_color_opacity=&#187;1&#8243; column_shadow=&#187;none&#187; column_border_radius=&#187;none&#187; column_link_target=&#187;_self&#187; width=&#187;1\/1&#8243; tablet_width_inherit=&#187;default&#187; column_border_width=&#187;none&#187; column_border_style=&#187;solid&#187; bg_image_animation=&#187;none&#187;][vc_column_text max_width=&#187;900&#8243;]\n<h3>Kontinuierliche Behandlungszyklen<\/h3>\n<p>Die Erfolgsrate einer Schwangerschaft ist stark abh\u00e4ngig von der k\u00f6rperlichen Situation, der Vorbereitung, Behandlung und dem Alter des Kinderwunschpaares. Abh\u00e4ngig von den Umst\u00e4nden sind im Schnitt 6-12 fruchtbare Monatszyklen notwendig um erfolgreich zu sein.<\/p>\n<p>Unsere Aufgabe ist es, durch eine m\u00f6glichst sensible Behandlung Ihre monatliche Fruchtbarkeit zu verbessern und den Erfolg greifbar zu machen.<\/p>\n<h3>Der Therapieplan<\/h3>\n<p>Der Therapieplan wird f\u00fcr ca. 9 Monate im Voraus erstellt. Dieser lange Zeitraum soll es Ihnen erm\u00f6glichen, sich stressfrei und ohne ungekl\u00e4rte Fragen auf die Behandlung einzustellen. Begleitende monatliche Kontrollen in der Ordination stellen sicher, dass alle wesentlichen Voraussetzungen f\u00fcr einen fruchtbaren Zyklus gegeben sind. Nach drei Zyklen wird das weitere Vorgehen mit Ihnen besprochen und eventuelle Kontrolluntersuchungen (z.B. Hormonwerte etc.) durchgef\u00fchrt.[\/vc_column_text][\/vc_column_inner][\/vc_row_inner][\/vc_column][\/vc_row][vc_row type=&#187;full_width_background&#187; full_screen_row_position=&#187;middle&#187; scene_position=&#187;center&#187; text_color=&#187;dark&#187; text_align=&#187;left&#187; top_padding=&#187;5%&#187; bottom_padding=&#187;5%&#187; id=&#187;03&#8243; color_overlay=&#187;#a5b3be&#187; overlay_strength=&#187;0.3&#8243; shape_divider_position=&#187;bottom&#187; bg_image_animation=&#187;none&#187; shape_type=&#187;&#187;][vc_column column_padding=&#187;no-extra-padding&#187; column_padding_position=&#187;all&#187; background_color_opacity=&#187;1&#8243; background_hover_color_opacity=&#187;1&#8243; column_link_target=&#187;_self&#187; column_shadow=&#187;none&#187; column_border_radius=&#187;none&#187; width=&#187;3\/4&#8243; tablet_width_inherit=&#187;default&#187; tablet_text_alignment=&#187;default&#187; phone_text_alignment=&#187;default&#187; column_border_width=&#187;none&#187; column_border_style=&#187;solid&#187; bg_image_animation=&#187;none&#187;][vc_column_text max_width=&#187;550&#8243; css=&#187;.vc_custom_1536399138412{padding-bottom: 20px !important;}&#187;]\n<h2>Die Betreuung vor der Geburt<\/h2>\n[\/vc_column_text][vc_column_text]Es gibt die M\u00f6glichkeit, sich von einer und\/oder von einem unserer Geburtshelfer bei der Geburt betreuen zu lassen. In den privaten Wiener Kliniken (Privatklinik D\u00f6bling, Goldenes Kreuz und Rudolfinerhaus) werden Sie von Ihrem Geburtshelfer betreut und w\u00e4hlen auf Ihren Wunsch auch die Hebamme, die Sie begleiten wird, aus. Alle \u00f6ffentlichen Krankenh\u00e4user in Wien und dem umgebenden Nieder\u00f6sterreich bieten ein diensthabendes Geburtsteam an.<br \/>\nDie pers\u00f6nliche Betreuung hat also vor allem den Vorteil zu wissen welche Personen bei der Geburt anwesend sein werden um z.B. Details der Geburt vorher vereinbaren zu k\u00f6nnen.[\/vc_column_text][nectar_icon_list animate=&#187;true&#187; color=&#187;Extra-Color-2&#8243; direction=&#187;vertical&#187; icon_size=&#187;small&#187; icon_style=&#187;no-border&#187;][nectar_icon_list_item icon_type=&#187;icon&#187; icon_family=&#187;iconsmind&#187; title=&#187;List Item&#187; id=&#187;1535562325665-3613b-704b&#187; header=&#187;Rund um die Uhr \u2013 24 Stunden, 7 Tage die Woche!&#187; text=&#187;So steht Ihr Geburtshelfer, 2 Wochen vor dem Geburtstermin, exklusiv f\u00fcr Sie in Rufbereitschaft, des Weiteren erhalten Sie eine Kontaktnummer wo Ihnen in Notf\u00e4llen weitergeholfen wird.&#187; tab_id=&#187;1536054334140-0&#8243; icon_iconsmind=&#187;iconsmind-Timer2&#8243;] [\/nectar_icon_list_item][nectar_icon_list_item icon_type=&#187;icon&#187; icon_family=&#187;iconsmind&#187; title=&#187;List Item&#187; id=&#187;1535562325736-8613b-704b&#187; header=&#187;Sollten Ihre Wehen einsetzen&#187; text=&#187;Nehmen Sie zuerst Kontakt mit Ihrer pers\u00f6nlichen Hebamme oder mit der diensthabenden Hebamme in Ihrer Geburtsklinik auf. Diese entscheidet mit Ihnen gemeinsam, ob Sie zur weiteren Betreuung in die Geburtsklinik kommen oder noch abwarten k\u00f6nnen. &#187; tab_id=&#187;1536054334169-8&#8243; icon_iconsmind=&#187;iconsmind-Baby-Cry&#187;] [\/nectar_icon_list_item][\/nectar_icon_list][\/vc_column][\/vc_row][vc_row type=&#187;full_width_background&#187; full_screen_row_position=&#187;middle&#187; scene_position=&#187;center&#187; text_color=&#187;dark&#187; text_align=&#187;left&#187; top_padding=&#187;5%&#187; bottom_padding=&#187;5%&#187; id=&#187;03&#8243; color_overlay=&#187;rgba(191,148,176,0.6)&#187; overlay_strength=&#187;0.3&#8243; shape_divider_position=&#187;bottom&#187; bg_image_animation=&#187;none&#187; shape_type=&#187;&#187;][vc_column column_padding=&#187;no-extra-padding&#187; column_padding_position=&#187;all&#187; background_color_opacity=&#187;1&#8243; background_hover_color_opacity=&#187;1&#8243; column_link_target=&#187;_self&#187; column_shadow=&#187;none&#187; column_border_radius=&#187;none&#187; width=&#187;3\/4&#8243; tablet_width_inherit=&#187;default&#187; tablet_text_alignment=&#187;default&#187; phone_text_alignment=&#187;default&#187; column_border_width=&#187;none&#187; column_border_style=&#187;solid&#187; bg_image_animation=&#187;none&#187;][vc_column_text max_width=&#187;550&#8243; css=&#187;.vc_custom_1536399212373{padding-bottom: 20px !important;}&#187;]\n<h2>Die Betreuung nach der Geburt<\/h2>\n[\/vc_column_text][vc_column_text]Neben den Visiten im Wochenbett steht Ihnen die M\u00f6glichkeit einer Hebamme f\u00fcr die Heimbetreuung nach dem Wochenbett oder nach einer ambulanten Geburt offen. Teilweise wird diese Leistung auch von der gesetzlichen Krankenkasse \u00fcbernommen![\/vc_column_text][nectar_icon_list animate=&#187;true&#187; color=&#187;Extra-Color-2&#8243; direction=&#187;vertical&#187; icon_size=&#187;small&#187; icon_style=&#187;no-border&#187;][nectar_icon_list_item icon_type=&#187;icon&#187; icon_family=&#187;iconsmind&#187; title=&#187;List Item&#187; id=&#187;1535562325665-3613b-704b&#187; header=&#187;Eine geburtshilfliche Kontrolle im IMI&#187; text=&#187;Eine geburtshilfliche Kontrolle im IMI ist etwa 4 Wochen nach der Geburt sowie nach dem Abstillen vorgesehen. Nach der Geburt wird die Geb\u00e4rmutter und der Beckenboden kontrolliert, sowie alle offenen Fragen, die sich in den ersten aufregenden Wochen nach der Geburt angesammelt haben, beantwortet. Nach dem Abstillen ist es sinnvoll die Brust zu kontrollieren, eine gyn\u00e4kologische Kontrolle mit Krebsabstrich durchzuf\u00fchren und mittels Blutabnahme die Schilddr\u00fcsenfunktion zu untersuchen.&#187; tab_id=&#187;1536054334140-0&#8243; icon_iconsmind=&#187;iconsmind-Nurse&#187;] [\/nectar_icon_list_item][\/nectar_icon_list][\/vc_column][\/vc_row][vc_row type=&#187;full_width_background&#187; full_screen_row_position=&#187;middle&#187; equal_height=&#187;yes&#187; content_placement=&#187;middle&#187; scene_position=&#187;center&#187; text_color=&#187;dark&#187; text_align=&#187;left&#187; top_padding=&#187;10%&#187; bottom_padding=&#187;5%&#187; id=&#187;discover&#187; overlay_strength=&#187;0.3&#8243; shape_divider_position=&#187;bottom&#187; bg_image_animation=&#187;none&#187; shape_type=&#187;&#187;][vc_column column_padding=&#187;no-extra-padding&#187; column_padding_position=&#187;all&#187; background_color_opacity=&#187;1&#8243; background_hover_color_opacity=&#187;1&#8243; column_link_target=&#187;_self&#187; column_shadow=&#187;none&#187; column_border_radius=&#187;none&#187; width=&#187;2\/3&#8243; tablet_width_inherit=&#187;default&#187; tablet_text_alignment=&#187;default&#187; phone_text_alignment=&#187;default&#187; column_border_width=&#187;none&#187; column_border_style=&#187;solid&#187; bg_image_animation=&#187;none&#187;][vc_row_inner column_margin=&#187;default&#187; text_align=&#187;left&#187; css=&#187;.vc_custom_1504128844236{margin-right: -1px !important;}&#187;][vc_column_inner column_padding=&#187;no-extra-padding&#187; column_padding_position=&#187;all&#187; background_color_opacity=&#187;1&#8243; background_hover_color_opacity=&#187;1&#8243; column_shadow=&#187;none&#187; column_border_radius=&#187;none&#187; column_link_target=&#187;_self&#187; width=&#187;1\/1&#8243; tablet_width_inherit=&#187;default&#187; column_border_width=&#187;none&#187; column_border_style=&#187;solid&#187; bg_image_animation=&#187;none&#187; enable_animation=&#187;true&#187; animation=&#187;fade-in-from-left&#187;][nectar_single_testimonial testimonial_style=&#187;bold&#187; color=&#187;Extra-Color-1&#8243; style=&#187;bold&#187; quote=&#187;Wir genie\u00dfen die Zeit mit unserer kleinen M. sehr. Und nat\u00fcrlich vielen Dank f\u00fcr Ihre Hilfe, dass es \u00fcberhaupt so weit gekommen ist.&#187; name=&#187;Ihre Familie E.&#187; subtitle=&#187;Patientin (32)&#187;][\/vc_column_inner][\/vc_row_inner][\/vc_column][vc_column column_padding=&#187;no-extra-padding&#187; column_padding_position=&#187;all&#187; background_color_opacity=&#187;1&#8243; background_hover_color_opacity=&#187;1&#8243; column_link_target=&#187;_self&#187; column_shadow=&#187;none&#187; column_border_radius=&#187;none&#187; width=&#187;1\/3&#8243; tablet_width_inherit=&#187;default&#187; tablet_text_alignment=&#187;default&#187; phone_text_alignment=&#187;default&#187; column_border_width=&#187;none&#187; column_border_style=&#187;solid&#187; bg_image_animation=&#187;none&#187;][image_with_animation image_url=&#187;3936&#8243; alignment=&#187;right&#187; animation=&#187;Grow In&#187; border_radius=&#187;none&#187; box_shadow=&#187;none&#187; max_width=&#187;225%&#187;][\/vc_column][\/vc_row]\n","protected":false},"excerpt":{"rendered":"<p>[vc_row type=&#187;full_width_background&#187; full_screen_row_position=&#187;middle&#187; scene_position=&#187;center&#187; text_color=&#187;dark&#187; text_align=&#187;left&#187; top_padding=&#187;3%&#187; bottom_padding=&#187;3%&#187; overlay_strength=&#187;0.3&#8243; shape_divider_position=&#187;bottom&#187; bg_image_animation=&#187;none&#187; shape_type=&#187;&#187;][vc_column column_padding=&#187;no-extra-padding&#187; column_padding_position=&#187;all&#187; background_color_opacity=&#187;1&#8243; background_hover_color_opacity=&#187;1&#8243; column_link_target=&#187;_self&#187; column_shadow=&#187;none&#187; column_border_radius=&#187;none&#187; width=&#187;1\/1&#8243; tablet_width_inherit=&#187;default&#187; tablet_text_alignment=&#187;default&#187; phone_text_alignment=&#187;default&#187; column_border_width=&#187;none&#187; column_border_style=&#187;solid&#187; bg_image_animation=&#187;none&#187;][vc_row_inner column_margin=&#187;default&#187; text_align=&#187;left&#187;][vc_column_inner column_padding=&#187;no-extra-padding&#187; column_padding_position=&#187;all&#187;&#8230;<\/p>\n","protected":false},"author":9,"featured_media":0,"parent":169,"menu_order":6,"comment_status":"closed","ping_status":"closed","template":"","meta":{"footnotes":""},"class_list":["post-1486","page","type-page","status-publish"],"yoast_head":"<!-- This site is optimized with the Yoast SEO plugin v27.0 - https:\/\/yoast.com\/product\/yoast-seo-wordpress\/ -->\n<title>Wir begleiten Sie vor &amp; nach der Schwangerschaft - imi Kinderwunschklinik<\/title>\n<meta name=\"description\" content=\"Wir bieten Ihnen alle notwendigen Abkl\u00e4rungen und Behandlungen inkl. eventueller Operationen sowie Schwangerschafts- und Geburtsbetreuung aus einer Hand.\" \/>\n<meta name=\"robots\" content=\"index, follow, max-snippet:-1, max-image-preview:large, max-video-preview:-1\" \/>\n<link rel=\"canonical\" href=\"https:\/\/dummy.imi.clinic\/ch\/ueber-imi-kinderwunschklinik-in-wien\/kontinuierliche-betreuung\/\" \/>\n<meta property=\"og:locale\" content=\"de_DE\" \/>\n<meta property=\"og:type\" content=\"article\" \/>\n<meta property=\"og:title\" content=\"Wir begleiten Sie vor &amp; nach der Schwangerschaft - imi Kinderwunschklinik\" \/>\n<meta property=\"og:description\" content=\"Wir bieten Ihnen alle notwendigen Abkl\u00e4rungen und Behandlungen inkl. eventueller Operationen sowie Schwangerschafts- und Geburtsbetreuung aus einer Hand.\" \/>\n<meta property=\"og:url\" content=\"https:\/\/dummy.imi.clinic\/ch\/ueber-imi-kinderwunschklinik-in-wien\/kontinuierliche-betreuung\/\" \/>\n<meta property=\"og:site_name\" content=\"IMI\" \/>\n<meta property=\"article:modified_time\" content=\"2019-08-28T10:12:08+00:00\" \/>\n<meta name=\"twitter:card\" content=\"summary_large_image\" \/>\n<meta name=\"twitter:label1\" content=\"Gesch\u00e4tzte Lesezeit\" \/>\n\t<meta name=\"twitter:data1\" content=\"7\u00a0Minuten\" \/>\n<script type=\"application\/ld+json\" class=\"yoast-schema-graph\">{\"@context\":\"https:\/\/schema.org\",\"@graph\":[{\"@type\":\"WebPage\",\"@id\":\"https:\/\/dummy.imi.clinic\/ch\/ueber-imi-kinderwunschklinik-in-wien\/kontinuierliche-betreuung\/\",\"url\":\"https:\/\/dummy.imi.clinic\/ch\/ueber-imi-kinderwunschklinik-in-wien\/kontinuierliche-betreuung\/\",\"name\":\"Wir begleiten Sie vor & nach der Schwangerschaft - imi Kinderwunschklinik\",\"isPartOf\":{\"@id\":\"https:\/\/dummy.imi.clinic\/ch\/#website\"},\"datePublished\":\"2016-12-15T13:45:11+00:00\",\"dateModified\":\"2019-08-28T10:12:08+00:00\",\"description\":\"Wir bieten Ihnen alle notwendigen Abkl\u00e4rungen und Behandlungen inkl. eventueller Operationen sowie Schwangerschafts- und Geburtsbetreuung aus einer Hand.\",\"breadcrumb\":{\"@id\":\"https:\/\/dummy.imi.clinic\/ch\/ueber-imi-kinderwunschklinik-in-wien\/kontinuierliche-betreuung\/#breadcrumb\"},\"inLanguage\":\"de-CH\",\"potentialAction\":[{\"@type\":\"ReadAction\",\"target\":[\"https:\/\/dummy.imi.clinic\/ch\/ueber-imi-kinderwunschklinik-in-wien\/kontinuierliche-betreuung\/\"]}]},{\"@type\":\"BreadcrumbList\",\"@id\":\"https:\/\/dummy.imi.clinic\/ch\/ueber-imi-kinderwunschklinik-in-wien\/kontinuierliche-betreuung\/#breadcrumb\",\"itemListElement\":[{\"@type\":\"ListItem\",\"position\":1,\"name\":\"Startseite\",\"item\":\"https:\/\/dummy.imi.clinic\/ch\/\"},{\"@type\":\"ListItem\",\"position\":2,\"name\":\"\u00dcber imi\",\"item\":\"https:\/\/dummy.imi.clinic\/ch\/ueber-imi-kinderwunschklinik-in-wien\/\"},{\"@type\":\"ListItem\",\"position\":3,\"name\":\"Kontinuierliche Betreuung\"}]},{\"@type\":\"WebSite\",\"@id\":\"https:\/\/dummy.imi.clinic\/ch\/#website\",\"url\":\"https:\/\/dummy.imi.clinic\/ch\/\",\"name\":\"IMI\",\"description\":\"Vom Kinderwunsch zum Wunschkind\",\"potentialAction\":[{\"@type\":\"SearchAction\",\"target\":{\"@type\":\"EntryPoint\",\"urlTemplate\":\"https:\/\/dummy.imi.clinic\/ch\/?s={search_term_string}\"},\"query-input\":{\"@type\":\"PropertyValueSpecification\",\"valueRequired\":true,\"valueName\":\"search_term_string\"}}],\"inLanguage\":\"de-CH\"}]}<\/script>\n<!-- \/ Yoast SEO plugin. -->","yoast_head_json":{"title":"Wir begleiten Sie vor & nach der Schwangerschaft - imi Kinderwunschklinik","description":"Wir bieten Ihnen alle notwendigen Abkl\u00e4rungen und Behandlungen inkl. eventueller Operationen sowie Schwangerschafts- und Geburtsbetreuung aus einer Hand.","robots":{"index":"index","follow":"follow","max-snippet":"max-snippet:-1","max-image-preview":"max-image-preview:large","max-video-preview":"max-video-preview:-1"},"canonical":"https:\/\/dummy.imi.clinic\/ch\/ueber-imi-kinderwunschklinik-in-wien\/kontinuierliche-betreuung\/","og_locale":"de_DE","og_type":"article","og_title":"Wir begleiten Sie vor & nach der Schwangerschaft - imi Kinderwunschklinik","og_description":"Wir bieten Ihnen alle notwendigen Abkl\u00e4rungen und Behandlungen inkl. eventueller Operationen sowie Schwangerschafts- und Geburtsbetreuung aus einer Hand.","og_url":"https:\/\/dummy.imi.clinic\/ch\/ueber-imi-kinderwunschklinik-in-wien\/kontinuierliche-betreuung\/","og_site_name":"IMI","article_modified_time":"2019-08-28T10:12:08+00:00","twitter_card":"summary_large_image","twitter_misc":{"Gesch\u00e4tzte Lesezeit":"7\u00a0Minuten"},"schema":{"@context":"https:\/\/schema.org","@graph":[{"@type":"WebPage","@id":"https:\/\/dummy.imi.clinic\/ch\/ueber-imi-kinderwunschklinik-in-wien\/kontinuierliche-betreuung\/","url":"https:\/\/dummy.imi.clinic\/ch\/ueber-imi-kinderwunschklinik-in-wien\/kontinuierliche-betreuung\/","name":"Wir begleiten Sie vor & nach der Schwangerschaft - imi Kinderwunschklinik","isPartOf":{"@id":"https:\/\/dummy.imi.clinic\/ch\/#website"},"datePublished":"2016-12-15T13:45:11+00:00","dateModified":"2019-08-28T10:12:08+00:00","description":"Wir bieten Ihnen alle notwendigen Abkl\u00e4rungen und Behandlungen inkl. eventueller Operationen sowie Schwangerschafts- und Geburtsbetreuung aus einer Hand.","breadcrumb":{"@id":"https:\/\/dummy.imi.clinic\/ch\/ueber-imi-kinderwunschklinik-in-wien\/kontinuierliche-betreuung\/#breadcrumb"},"inLanguage":"de-CH","potentialAction":[{"@type":"ReadAction","target":["https:\/\/dummy.imi.clinic\/ch\/ueber-imi-kinderwunschklinik-in-wien\/kontinuierliche-betreuung\/"]}]},{"@type":"BreadcrumbList","@id":"https:\/\/dummy.imi.clinic\/ch\/ueber-imi-kinderwunschklinik-in-wien\/kontinuierliche-betreuung\/#breadcrumb","itemListElement":[{"@type":"ListItem","position":1,"name":"Startseite","item":"https:\/\/dummy.imi.clinic\/ch\/"},{"@type":"ListItem","position":2,"name":"\u00dcber imi","item":"https:\/\/dummy.imi.clinic\/ch\/ueber-imi-kinderwunschklinik-in-wien\/"},{"@type":"ListItem","position":3,"name":"Kontinuierliche Betreuung"}]},{"@type":"WebSite","@id":"https:\/\/dummy.imi.clinic\/ch\/#website","url":"https:\/\/dummy.imi.clinic\/ch\/","name":"IMI","description":"Vom Kinderwunsch zum Wunschkind","potentialAction":[{"@type":"SearchAction","target":{"@type":"EntryPoint","urlTemplate":"https:\/\/dummy.imi.clinic\/ch\/?s={search_term_string}"},"query-input":{"@type":"PropertyValueSpecification","valueRequired":true,"valueName":"search_term_string"}}],"inLanguage":"de-CH"}]}},"_links":{"self":[{"href":"https:\/\/dummy.imi.clinic\/ch\/wp-json\/wp\/v2\/pages\/1486","targetHints":{"allow":["GET"]}}],"collection":[{"href":"https:\/\/dummy.imi.clinic\/ch\/wp-json\/wp\/v2\/pages"}],"about":[{"href":"https:\/\/dummy.imi.clinic\/ch\/wp-json\/wp\/v2\/types\/page"}],"author":[{"embeddable":true,"href":"https:\/\/dummy.imi.clinic\/ch\/wp-json\/wp\/v2\/users\/9"}],"replies":[{"embeddable":true,"href":"https:\/\/dummy.imi.clinic\/ch\/wp-json\/wp\/v2\/comments?post=1486"}],"version-history":[{"count":0,"href":"https:\/\/dummy.imi.clinic\/ch\/wp-json\/wp\/v2\/pages\/1486\/revisions"}],"up":[{"embeddable":true,"href":"https:\/\/dummy.imi.clinic\/ch\/wp-json\/wp\/v2\/pages\/169"}],"wp:attachment":[{"href":"https:\/\/dummy.imi.clinic\/ch\/wp-json\/wp\/v2\/media?parent=1486"}],"curies":[{"name":"wp","href":"https:\/\/api.w.org\/{rel}","templated":true}]}}