{"id":763,"date":"2016-09-05T15:22:49","date_gmt":"2016-09-05T13:22:49","guid":{"rendered":"http:\/\/imi-dev.netzspinnerei.com\/?page_id=763"},"modified":"2024-10-29T08:18:44","modified_gmt":"2024-10-29T07:18:44","slug":"prim-univ-prof-dr-martin-imhof","status":"publish","type":"page","link":"https:\/\/dummy.imi.clinic\/at\/ueber-imi-kinderwunschklinik-in-wien\/imi-aerzteteam\/prim-univ-prof-dr-martin-imhof\/","title":{"rendered":"Prim. Univ.-Prof. Dr. Martin Imhof"},"content":{"rendered":"[vc_row type=&#8220;full_width_background&#8220; full_screen_row_position=&#8220;middle&#8220; equal_height=&#8220;yes&#8220; content_placement=&#8220;bottom&#8220; bg_color=&#8220;#a5b3be&#8220; scene_position=&#8220;center&#8220; text_color=&#8220;light&#8220; text_align=&#8220;left&#8220; top_padding=&#8220;5%&#8220; overlay_strength=&#8220;0.3&#8243; shape_divider_position=&#8220;bottom&#8220; bg_image_animation=&#8220;none&#8220; shape_type=&#8220;&#8220;][vc_column column_padding=&#8220;padding-5-percent&#8220; column_padding_position=&#8220;top-bottom&#8220; background_color_opacity=&#8220;1&#8243; background_hover_color_opacity=&#8220;1&#8243; column_link_target=&#8220;_self&#8220; column_shadow=&#8220;none&#8220; column_border_radius=&#8220;none&#8220; width=&#8220;1\/2&#8243; tablet_width_inherit=&#8220;default&#8220; tablet_text_alignment=&#8220;default&#8220; phone_text_alignment=&#8220;default&#8220; column_border_width=&#8220;none&#8220; column_border_style=&#8220;solid&#8220; bg_image_animation=&#8220;none&#8220;][vc_custom_heading text=&#8220;Prim. Univ.-Prof. Dr. Martin Imhof&#8220; font_container=&#8220;tag:h1|font_size:18|text_align:left|color:rgba(255%2C255%2C255%2C0.6)&#8220; use_theme_fonts=&#8220;yes&#8220; css=&#8220;.vc_custom_1569228529387{margin-bottom: 10px !important;}&#8220;][vc_custom_heading text=&#8220;Gr\u00fcnder des imi Zentrums f\u00fcr Kinderwunschmedizin&#8220; font_container=&#8220;tag:h2|font_size:36|text_align:left|line_height:50px&#8220; use_theme_fonts=&#8220;yes&#8220;][nectar_single_testimonial testimonial_style=&#8220;small_modern&#8220; color=&#8220;Default&#8220; quote=&#8220;In der Ruhe liegt die Kraft&#8220;][divider line_type=&#8220;No Line&#8220; custom_height=&#8220;30&#8243;][vc_custom_heading text=&#8220;Schwerpunkte&#8220; font_container=&#8220;tag:h5|text_align:left|color:rgba(255%2C255%2C255%2C0.6)&#8220; use_theme_fonts=&#8220;yes&#8220; css=&#8220;.vc_custom_1536099833042{margin-bottom: 10px !important;}&#8220;][vc_row_inner column_margin=&#8220;default&#8220; text_align=&#8220;left&#8220;][vc_column_inner column_padding=&#8220;no-extra-padding&#8220; column_padding_position=&#8220;all&#8220; background_color_opacity=&#8220;1&#8243; background_hover_color_opacity=&#8220;1&#8243; font_color=&#8220;#ffffff&#8220; column_shadow=&#8220;none&#8220; column_border_radius=&#8220;none&#8220; column_link_target=&#8220;_self&#8220; width=&#8220;1\/1&#8243; tablet_width_inherit=&#8220;default&#8220; column_border_width=&#8220;none&#8220; column_border_style=&#8220;solid&#8220; bg_image_animation=&#8220;none&#8220;]<div class=\"nectar-fancy-ul\" data-list-icon=\"none\" data-animation=\"false\" data-animation-delay=\"0\" data-color=\"accent-color\" data-spacing=\"default\" data-alignment=\"left\"> \n<ul>\n<li><span style=\"color: #ffffff;\">Kinderwunschdiagnostik<\/span><\/li>\n<li><span style=\"color: #ffffff;\">Ovarian Tissue Banking<\/span><\/li>\n<li><span style=\"color: #ffffff;\">Minimal Invasive Chirurgie<\/span><\/li>\n<li><span style=\"color: #ffffff;\">Spezielle Kinderwunschchirurgie<\/span><\/li>\n<li><span style=\"color: #ffffff;\">Hormonelle Kinderwunschbehandlung<\/span><\/li>\n<li><span style=\"color: #ffffff;\">Allgemeine Gyn\u00e4kologische Endokrinologie<\/span><\/li>\n<\/ul>\n <\/div>[\/vc_column_inner][\/vc_row_inner][nectar_icon icon_family=&#8220;fontawesome&#8220; icon_style=&#8220;border-basic&#8220; icon_border_thickness=&#8220;2px&#8220; icon_color=&#8220;extra-color-gradient-1&#8243; open_new_tab=&#8220;true&#8220; icon_padding=&#8220;20px&#8220; icon_fontawesome=&#8220;fa fa-wikipedia-w&#8220; url=&#8220;https:\/\/de.wikipedia.org\/wiki\/Martin_Imhof&#8220; icon_size=&#8220;30&#8243;][\/vc_column][vc_column column_padding=&#8220;padding-5-percent&#8220; column_padding_position=&#8220;right&#8220; background_color_opacity=&#8220;1&#8243; background_hover_color_opacity=&#8220;1&#8243; column_link_target=&#8220;_self&#8220; column_shadow=&#8220;none&#8220; column_border_radius=&#8220;none&#8220; width=&#8220;1\/2&#8243; tablet_width_inherit=&#8220;default&#8220; tablet_text_alignment=&#8220;default&#8220; phone_text_alignment=&#8220;default&#8220; column_border_width=&#8220;none&#8220; column_border_style=&#8220;solid&#8220; bg_image_animation=&#8220;none&#8220;][image_with_animation image_url=&#8220;4910&#8243; alignment=&#8220;&#8220; animation=&#8220;Fade In&#8220; border_radius=&#8220;5px&#8220; box_shadow=&#8220;none&#8220; max_width=&#8220;150%&#8220;][\/vc_column][\/vc_row][vc_row type=&#8220;full_width_background&#8220; full_screen_row_position=&#8220;middle&#8220; bg_color=&#8220;#ffffff&#8220; scene_position=&#8220;center&#8220; text_color=&#8220;dark&#8220; text_align=&#8220;left&#8220; top_padding=&#8220;5%&#8220; bottom_padding=&#8220;5%&#8220; overlay_strength=&#8220;0.3&#8243; shape_divider_position=&#8220;bottom&#8220; bg_image_animation=&#8220;none&#8220; shape_type=&#8220;&#8220;][vc_column column_padding=&#8220;no-extra-padding&#8220; column_padding_position=&#8220;all&#8220; background_color_opacity=&#8220;1&#8243; background_hover_color_opacity=&#8220;1&#8243; column_link_target=&#8220;_self&#8220; column_shadow=&#8220;none&#8220; column_border_radius=&#8220;none&#8220; width=&#8220;3\/4&#8243; tablet_width_inherit=&#8220;default&#8220; tablet_text_alignment=&#8220;default&#8220; phone_text_alignment=&#8220;default&#8220; column_border_width=&#8220;none&#8220; column_border_style=&#8220;solid&#8220; bg_image_animation=&#8220;none&#8220;]<div class=\"nectar-fancy-ul\" data-list-icon=\"icon-salient-thin-line\" data-animation=\"false\" data-animation-delay=\"0\" data-color=\"accent-color\" data-spacing=\"default\" data-alignment=\"left\"> \n<h2>Ausbildung und berufliche T\u00e4tigkeit (Auszug)<\/h2>\n<ul>\n<li>Studium der Medizin an der Universit\u00e4t Wien.<\/li>\n<li>1993 Promotion mit Dissertation an der Transplantationsabteilung der Universit\u00e4tsklinik f\u00fcr Herz-Thoraxchirurgie.<\/li>\n<li>1993-1998 Ausbildung zum Facharzt f\u00fcr Chirurgie. Allgemeinchirurgische, plastischchirurgische und unfallchirurgische Assistentent\u00e4tigkeit bei Prof. Fritsch und Prof. M\u00fchlbacher Universit\u00e4t Wien.<\/li>\n<li>1998-2004 Ausbildung zum Facharzt f\u00fcr Gyn\u00e4kologie und Geburtshilfe unter anderem an der Abteilung f\u00fcr Gyn\u00e4kologische Endokrinologie und Fertilit\u00e4tsbehandlung. Ausbildung in allen IVF Techniken an der Abteilung f\u00fcr Gyn\u00e4kologische Endokrinologie<\/li>\n<li>2004 Facharztdekret f\u00fcr Gyn\u00e4kologie und Geburtshilfe.<\/li>\n<li>2007 Habilitation zum Universit\u00e4tsdozenten Thema \u201eFertilit\u00e4tserhalt durch Ovarian Tissue Banking\u201c<\/li>\n<li>2009 Vorstand der Abteilung f\u00fcr Gyn\u00e4kolgie und Geburtshilfe am Landesklinikum Korneuburg<\/li>\n<li>2010 Leiter des Lehrspitals im Landesklinikum Korneuburg Stockerau<\/li>\n<li>2012 Leiter des Karl Landsteiner Instituts f\u00fcr zellorientierte Therapie in der Gyn\u00e4kologie<\/li>\n<li>2014 Verleihung der Universit\u00e4tsprofessur f\u00fcr das Fach Gyn\u00e4kologie und Geburtshilfe<\/li>\n<li>Zahlreiche Publikationen und Vortr\u00e4ge zum Thema Transplantationsimmunologie, Endoskopie, In Vitro Fertilisation, Ovarian Tissue Banking und Stammzellmedizin.<\/li>\n<li>Approbierter Arzt f\u00fcr Humanmedizin in der BRD (2004)<\/li>\n<li>Approbierter Arzt f\u00fcr Humanmedizin in \u00d6sterreich (2004)<\/li>\n<li>Klinischer Pr\u00fcfarzt (\u00d6AK Diplom 2004)<\/li>\n<li>Gewerberecht f\u00fcr Herstellung und Gro\u00dfhandel mit Arzneimittel und Giften (2004)<\/li>\n<li>\u201cQualified Person\u201d zur Herstellung von Gewebe und Zelltherapien (nach neuem AMG 2005)<\/li>\n<li>Gr\u00fcnder des Karl Landsteiner Instituts f\u00fcr Zellorientierte Therapie in der Gyn\u00e4kologie<\/li>\n<li>Gr\u00fcndungsmitglied des Ludwig Boltzmann Instituts f\u00fcr Krebstherapie<\/li>\n<li>\u00d6sterreichische IVF Gesellschaft (OEGRM)<\/li>\n<li>\u00d6sterreichische Gesellschaft f\u00fcr Gyn\u00e4kologie und Geburtshilfe (OEGGG)<\/li>\n<li>ASCO Mitglied (American Association Clinical Oncology)<\/li>\n<li>Gr\u00fcnder des Vereins zur Erforschung der med. Wirkung von Propolis<\/li>\n<li>Gr\u00fcndungsmitglied der Forschungsgemeinschaft Rotklee<\/li>\n<li>International Society on Cord Blood and Stem Cells Therapies<\/li>\n<li>Mitglied FERTIPROTECT<\/li>\n<li>Vorstand des Vereins zur F\u00f6rderung der Zelltherapie<\/li>\n<li>ESHRE European Society of Human Reproduction and Embryology<\/li>\n<li>Vorstand des Vereins f\u00fcr Familienplanung<\/li>\n<\/ul>\n <\/div>[\/vc_column][\/vc_row]\n","protected":false},"excerpt":{"rendered":"<p>[vc_row type=&#8220;full_width_background&#8220; full_screen_row_position=&#8220;middle&#8220; equal_height=&#8220;yes&#8220; content_placement=&#8220;bottom&#8220; bg_color=&#8220;#a5b3be&#8220; scene_position=&#8220;center&#8220; text_color=&#8220;light&#8220; text_align=&#8220;left&#8220; top_padding=&#8220;5%&#8220; overlay_strength=&#8220;0.3&#8243; shape_divider_position=&#8220;bottom&#8220; bg_image_animation=&#8220;none&#8220; shape_type=&#8220;&#8220;][vc_column column_padding=&#8220;padding-5-percent&#8220; column_padding_position=&#8220;top-bottom&#8220; background_color_opacity=&#8220;1&#8243; background_hover_color_opacity=&#8220;1&#8243; column_link_target=&#8220;_self&#8220; column_shadow=&#8220;none&#8220; column_border_radius=&#8220;none&#8220; width=&#8220;1\/2&#8243; tablet_width_inherit=&#8220;default&#8220; tablet_text_alignment=&#8220;default&#8220; phone_text_alignment=&#8220;default&#8220; column_border_width=&#8220;none&#8220; column_border_style=&#8220;solid&#8220; bg_image_animation=&#8220;none&#8220;][vc_custom_heading text=&#8220;Prim. Univ.-Prof&#8230;.<\/p>\n","protected":false},"author":9,"featured_media":0,"parent":758,"menu_order":0,"comment_status":"closed","ping_status":"closed","template":"","meta":{"footnotes":""},"class_list":["post-763","page","type-page","status-publish"],"yoast_head":"<!-- This site is optimized with the Yoast SEO plugin v27.0 - https:\/\/yoast.com\/product\/yoast-seo-wordpress\/ -->\n<title>Prim. Univ.-Prof. Dr. Martin Imhof - Gr\u00fcnder von imi Kinderwunschklinik<\/title>\n<meta name=\"description\" content=\"Prim. Univ.-Prof. Dr. Martin Imhof ist Vorstand f\u00fcr Gyn\u00e4kologie &amp; Geburtshilfe im Krankenhaus Korneuburg &amp; Gr\u00fcnder des IMI Zentrums f\u00fcr Kinderwunschmedizin.\" \/>\n<meta name=\"robots\" content=\"index, follow, max-snippet:-1, max-image-preview:large, max-video-preview:-1\" \/>\n<link rel=\"canonical\" href=\"https:\/\/dummy.imi.clinic\/at\/ueber-imi-kinderwunschklinik-in-wien\/imi-aerzteteam\/prim-univ-prof-dr-martin-imhof\/\" \/>\n<meta property=\"og:locale\" content=\"de_DE\" \/>\n<meta property=\"og:type\" content=\"article\" \/>\n<meta property=\"og:title\" content=\"Prim. Univ.-Prof. Dr. Martin Imhof - Gr\u00fcnder von imi Kinderwunschklinik\" \/>\n<meta property=\"og:description\" content=\"Prim. Univ.-Prof. Dr. Martin Imhof ist Vorstand f\u00fcr Gyn\u00e4kologie &amp; Geburtshilfe im Krankenhaus Korneuburg &amp; Gr\u00fcnder des IMI Zentrums f\u00fcr Kinderwunschmedizin.\" \/>\n<meta property=\"og:url\" content=\"https:\/\/dummy.imi.clinic\/at\/ueber-imi-kinderwunschklinik-in-wien\/imi-aerzteteam\/prim-univ-prof-dr-martin-imhof\/\" \/>\n<meta property=\"og:site_name\" content=\"IMI\" \/>\n<meta property=\"article:modified_time\" content=\"2024-10-29T07:18:44+00:00\" \/>\n<meta name=\"twitter:card\" content=\"summary_large_image\" \/>\n<meta name=\"twitter:label1\" content=\"Gesch\u00e4tzte Lesezeit\" \/>\n\t<meta name=\"twitter:data1\" content=\"2 Minuten\" \/>\n<script type=\"application\/ld+json\" class=\"yoast-schema-graph\">{\"@context\":\"https:\/\/schema.org\",\"@graph\":[{\"@type\":\"WebPage\",\"@id\":\"https:\/\/dummy.imi.clinic\/at\/ueber-imi-kinderwunschklinik-in-wien\/imi-aerzteteam\/prim-univ-prof-dr-martin-imhof\/\",\"url\":\"https:\/\/dummy.imi.clinic\/at\/ueber-imi-kinderwunschklinik-in-wien\/imi-aerzteteam\/prim-univ-prof-dr-martin-imhof\/\",\"name\":\"Prim. Univ.-Prof. Dr. Martin Imhof - Gr\u00fcnder von imi Kinderwunschklinik\",\"isPartOf\":{\"@id\":\"https:\/\/dummy.imi.clinic\/at\/#website\"},\"datePublished\":\"2016-09-05T13:22:49+00:00\",\"dateModified\":\"2024-10-29T07:18:44+00:00\",\"description\":\"Prim. Univ.-Prof. Dr. Martin Imhof ist Vorstand f\u00fcr Gyn\u00e4kologie & Geburtshilfe im Krankenhaus Korneuburg & Gr\u00fcnder des IMI Zentrums f\u00fcr Kinderwunschmedizin.\",\"breadcrumb\":{\"@id\":\"https:\/\/dummy.imi.clinic\/at\/ueber-imi-kinderwunschklinik-in-wien\/imi-aerzteteam\/prim-univ-prof-dr-martin-imhof\/#breadcrumb\"},\"inLanguage\":\"de-AT\",\"potentialAction\":[{\"@type\":\"ReadAction\",\"target\":[\"https:\/\/dummy.imi.clinic\/at\/ueber-imi-kinderwunschklinik-in-wien\/imi-aerzteteam\/prim-univ-prof-dr-martin-imhof\/\"]}]},{\"@type\":\"BreadcrumbList\",\"@id\":\"https:\/\/dummy.imi.clinic\/at\/ueber-imi-kinderwunschklinik-in-wien\/imi-aerzteteam\/prim-univ-prof-dr-martin-imhof\/#breadcrumb\",\"itemListElement\":[{\"@type\":\"ListItem\",\"position\":1,\"name\":\"Startseite\",\"item\":\"https:\/\/dummy.imi.clinic\/at\/\"},{\"@type\":\"ListItem\",\"position\":2,\"name\":\"\u00dcber imi\",\"item\":\"https:\/\/dummy.imi.clinic\/at\/ueber-imi-kinderwunschklinik-in-wien\/\"},{\"@type\":\"ListItem\",\"position\":3,\"name\":\"imi Kinderwunsch \u00c4rzteteam\",\"item\":\"https:\/\/dummy.imi.clinic\/at\/ueber-imi-kinderwunschklinik-in-wien\/imi-aerzteteam\/\"},{\"@type\":\"ListItem\",\"position\":4,\"name\":\"Prim. Univ.-Prof. Dr. Martin Imhof\"}]},{\"@type\":\"WebSite\",\"@id\":\"https:\/\/dummy.imi.clinic\/at\/#website\",\"url\":\"https:\/\/dummy.imi.clinic\/at\/\",\"name\":\"IMI\",\"description\":\"Vom Kinderwunsch zum Wunschkind\",\"potentialAction\":[{\"@type\":\"SearchAction\",\"target\":{\"@type\":\"EntryPoint\",\"urlTemplate\":\"https:\/\/dummy.imi.clinic\/at\/?s={search_term_string}\"},\"query-input\":{\"@type\":\"PropertyValueSpecification\",\"valueRequired\":true,\"valueName\":\"search_term_string\"}}],\"inLanguage\":\"de-AT\"}]}<\/script>\n<!-- \/ Yoast SEO plugin. -->","yoast_head_json":{"title":"Prim. Univ.-Prof. Dr. Martin Imhof - Gr\u00fcnder von imi Kinderwunschklinik","description":"Prim. Univ.-Prof. Dr. Martin Imhof ist Vorstand f\u00fcr Gyn\u00e4kologie & Geburtshilfe im Krankenhaus Korneuburg & Gr\u00fcnder des IMI Zentrums f\u00fcr Kinderwunschmedizin.","robots":{"index":"index","follow":"follow","max-snippet":"max-snippet:-1","max-image-preview":"max-image-preview:large","max-video-preview":"max-video-preview:-1"},"canonical":"https:\/\/dummy.imi.clinic\/at\/ueber-imi-kinderwunschklinik-in-wien\/imi-aerzteteam\/prim-univ-prof-dr-martin-imhof\/","og_locale":"de_DE","og_type":"article","og_title":"Prim. Univ.-Prof. Dr. Martin Imhof - Gr\u00fcnder von imi Kinderwunschklinik","og_description":"Prim. Univ.-Prof. Dr. Martin Imhof ist Vorstand f\u00fcr Gyn\u00e4kologie & Geburtshilfe im Krankenhaus Korneuburg & Gr\u00fcnder des IMI Zentrums f\u00fcr Kinderwunschmedizin.","og_url":"https:\/\/dummy.imi.clinic\/at\/ueber-imi-kinderwunschklinik-in-wien\/imi-aerzteteam\/prim-univ-prof-dr-martin-imhof\/","og_site_name":"IMI","article_modified_time":"2024-10-29T07:18:44+00:00","twitter_card":"summary_large_image","twitter_misc":{"Gesch\u00e4tzte Lesezeit":"2 Minuten"},"schema":{"@context":"https:\/\/schema.org","@graph":[{"@type":"WebPage","@id":"https:\/\/dummy.imi.clinic\/at\/ueber-imi-kinderwunschklinik-in-wien\/imi-aerzteteam\/prim-univ-prof-dr-martin-imhof\/","url":"https:\/\/dummy.imi.clinic\/at\/ueber-imi-kinderwunschklinik-in-wien\/imi-aerzteteam\/prim-univ-prof-dr-martin-imhof\/","name":"Prim. Univ.-Prof. Dr. Martin Imhof - Gr\u00fcnder von imi Kinderwunschklinik","isPartOf":{"@id":"https:\/\/dummy.imi.clinic\/at\/#website"},"datePublished":"2016-09-05T13:22:49+00:00","dateModified":"2024-10-29T07:18:44+00:00","description":"Prim. Univ.-Prof. Dr. Martin Imhof ist Vorstand f\u00fcr Gyn\u00e4kologie & Geburtshilfe im Krankenhaus Korneuburg & Gr\u00fcnder des IMI Zentrums f\u00fcr Kinderwunschmedizin.","breadcrumb":{"@id":"https:\/\/dummy.imi.clinic\/at\/ueber-imi-kinderwunschklinik-in-wien\/imi-aerzteteam\/prim-univ-prof-dr-martin-imhof\/#breadcrumb"},"inLanguage":"de-AT","potentialAction":[{"@type":"ReadAction","target":["https:\/\/dummy.imi.clinic\/at\/ueber-imi-kinderwunschklinik-in-wien\/imi-aerzteteam\/prim-univ-prof-dr-martin-imhof\/"]}]},{"@type":"BreadcrumbList","@id":"https:\/\/dummy.imi.clinic\/at\/ueber-imi-kinderwunschklinik-in-wien\/imi-aerzteteam\/prim-univ-prof-dr-martin-imhof\/#breadcrumb","itemListElement":[{"@type":"ListItem","position":1,"name":"Startseite","item":"https:\/\/dummy.imi.clinic\/at\/"},{"@type":"ListItem","position":2,"name":"\u00dcber imi","item":"https:\/\/dummy.imi.clinic\/at\/ueber-imi-kinderwunschklinik-in-wien\/"},{"@type":"ListItem","position":3,"name":"imi Kinderwunsch \u00c4rzteteam","item":"https:\/\/dummy.imi.clinic\/at\/ueber-imi-kinderwunschklinik-in-wien\/imi-aerzteteam\/"},{"@type":"ListItem","position":4,"name":"Prim. Univ.-Prof. Dr. Martin Imhof"}]},{"@type":"WebSite","@id":"https:\/\/dummy.imi.clinic\/at\/#website","url":"https:\/\/dummy.imi.clinic\/at\/","name":"IMI","description":"Vom Kinderwunsch zum Wunschkind","potentialAction":[{"@type":"SearchAction","target":{"@type":"EntryPoint","urlTemplate":"https:\/\/dummy.imi.clinic\/at\/?s={search_term_string}"},"query-input":{"@type":"PropertyValueSpecification","valueRequired":true,"valueName":"search_term_string"}}],"inLanguage":"de-AT"}]}},"_links":{"self":[{"href":"https:\/\/dummy.imi.clinic\/at\/wp-json\/wp\/v2\/pages\/763","targetHints":{"allow":["GET"]}}],"collection":[{"href":"https:\/\/dummy.imi.clinic\/at\/wp-json\/wp\/v2\/pages"}],"about":[{"href":"https:\/\/dummy.imi.clinic\/at\/wp-json\/wp\/v2\/types\/page"}],"author":[{"embeddable":true,"href":"https:\/\/dummy.imi.clinic\/at\/wp-json\/wp\/v2\/users\/9"}],"replies":[{"embeddable":true,"href":"https:\/\/dummy.imi.clinic\/at\/wp-json\/wp\/v2\/comments?post=763"}],"version-history":[{"count":1,"href":"https:\/\/dummy.imi.clinic\/at\/wp-json\/wp\/v2\/pages\/763\/revisions"}],"predecessor-version":[{"id":8142,"href":"https:\/\/dummy.imi.clinic\/at\/wp-json\/wp\/v2\/pages\/763\/revisions\/8142"}],"up":[{"embeddable":true,"href":"https:\/\/dummy.imi.clinic\/at\/wp-json\/wp\/v2\/pages\/758"}],"wp:attachment":[{"href":"https:\/\/dummy.imi.clinic\/at\/wp-json\/wp\/v2\/media?parent=763"}],"curies":[{"name":"wp","href":"https:\/\/api.w.org\/{rel}","templated":true}]}}