{"id":758,"date":"2016-09-05T15:16:43","date_gmt":"2016-09-05T13:16:43","guid":{"rendered":"http:\/\/imi-dev.netzspinnerei.com\/?page_id=758"},"modified":"2019-11-05T13:14:46","modified_gmt":"2019-11-05T12:14:46","slug":"imi-aerzteteam","status":"publish","type":"page","link":"https:\/\/dummy.imi.clinic\/at\/ueber-imi-kinderwunschklinik-in-wien\/imi-aerzteteam\/","title":{"rendered":"imi Kinderwunsch \u00c4rzteteam"},"content":{"rendered":"[vc_row type=&#8220;full_width_background&#8220; full_screen_row_position=&#8220;middle&#8220; scene_position=&#8220;center&#8220; text_color=&#8220;dark&#8220; text_align=&#8220;left&#8220; top_padding=&#8220;3%&#8220; bottom_padding=&#8220;5%&#8220; overlay_strength=&#8220;0.3&#8243; shape_divider_position=&#8220;bottom&#8220; bg_image_animation=&#8220;none&#8220; shape_type=&#8220;&#8220;][vc_column column_padding=&#8220;no-extra-padding&#8220; column_padding_position=&#8220;all&#8220; background_color_opacity=&#8220;1&#8243; background_hover_color_opacity=&#8220;1&#8243; column_link_target=&#8220;_self&#8220; column_shadow=&#8220;none&#8220; column_border_radius=&#8220;none&#8220; width=&#8220;1\/1&#8243; tablet_width_inherit=&#8220;default&#8220; tablet_text_alignment=&#8220;default&#8220; phone_text_alignment=&#8220;default&#8220; column_border_width=&#8220;none&#8220; column_border_style=&#8220;solid&#8220; bg_image_animation=&#8220;none&#8220;][vc_row_inner column_margin=&#8220;default&#8220; text_align=&#8220;left&#8220;][vc_column_inner column_padding=&#8220;no-extra-padding&#8220; column_padding_position=&#8220;all&#8220; background_color_opacity=&#8220;1&#8243; background_hover_color_opacity=&#8220;1&#8243; column_shadow=&#8220;none&#8220; column_border_radius=&#8220;none&#8220; column_link_target=&#8220;_self&#8220; el_class=&#8220;abstract-font&#8220; width=&#8220;1\/1&#8243; tablet_width_inherit=&#8220;default&#8220; column_border_width=&#8220;none&#8220; column_border_style=&#8220;solid&#8220; bg_image_animation=&#8220;none&#8220;][vc_column_text max_width=&#8220;900&#8243;]\n<h2>Unser \u00c4rzteteam deckt alle sechs m\u00f6glichen fertilit\u00e4tsmedizinischen Kompetenzen ab<\/h2>\n<p>Bei uns ist alles unter einem Dach, von der Gyn\u00e4kologie, \u00fcber die Urologie, bis hin zum Labor.<\/p>\n<p><strong>Alle sechs m\u00f6glichen fertilit\u00e4tsmedizinischen Kompetenzen werden bei imi abgedeckt:<\/strong><\/p>\n<ul>\n<li><strong>Diagnostik<\/strong> der Ursachen des <strong>unerf\u00fcllten Kinderwunsches<\/strong><\/li>\n<li>Therapie durch<strong> medikament\u00f6se Behandlung<\/strong><\/li>\n<li>Therapie durch <strong>chirurgische Behandlung<\/strong><\/li>\n<li>Therapie durch <strong>Stimulation und Insemination<\/strong><\/li>\n<li>Begleitende Ma\u00dfnahmen (z.B. <strong>Psychologie<\/strong>)<\/li>\n<\/ul>\n<p>Optimierung falls k\u00fcnstliche Befruchtung notwendig<\/p>\n<p>Damit Sie unser Kinderwunsch-\u00c4rzteteam kennen lernen k\u00f6nnen, m\u00f6chten wir uns hier kurz vorstellen.[\/vc_column_text][\/vc_column_inner][\/vc_row_inner][\/vc_column][\/vc_row][vc_row type=&#8220;in_container&#8220; full_screen_row_position=&#8220;middle&#8220; scene_position=&#8220;center&#8220; text_color=&#8220;dark&#8220; text_align=&#8220;left&#8220; overlay_strength=&#8220;0.3&#8243; shape_divider_position=&#8220;bottom&#8220; bg_image_animation=&#8220;none&#8220;][vc_column column_padding=&#8220;no-extra-padding&#8220; column_padding_position=&#8220;all&#8220; background_color_opacity=&#8220;1&#8243; background_hover_color_opacity=&#8220;1&#8243; column_link_target=&#8220;_self&#8220; column_shadow=&#8220;none&#8220; column_border_radius=&#8220;none&#8220; width=&#8220;1\/1&#8243; tablet_width_inherit=&#8220;default&#8220; tablet_text_alignment=&#8220;default&#8220; phone_text_alignment=&#8220;default&#8220; column_border_width=&#8220;none&#8220; column_border_style=&#8220;solid&#8220; bg_image_animation=&#8220;none&#8220;][vc_row_inner column_margin=&#8220;default&#8220; text_align=&#8220;left&#8220;][vc_column_inner column_padding=&#8220;no-extra-padding&#8220; column_padding_position=&#8220;all&#8220; background_color_opacity=&#8220;1&#8243; background_hover_color_opacity=&#8220;1&#8243; column_shadow=&#8220;none&#8220; column_border_radius=&#8220;none&#8220; column_link_target=&#8220;_self&#8220; width=&#8220;2\/3&#8243; tablet_width_inherit=&#8220;default&#8220; column_border_width=&#8220;none&#8220; column_border_style=&#8220;solid&#8220; bg_image_animation=&#8220;none&#8220;][team_member image_url=&#8220;4844&#8243; team_memeber_style=&#8220;meta_overlaid&#8220; name=&#8220;Prim. Univ.-Prof. Dr. Martin Imhof&#8220; link_url_2=&#8220;https:\/\/dummy.imi.clinic\/ueber-imi-kinderwunschklinik-in-wien\/imi-aerzteteam\/prim-univ-prof-dr-martin-imhof\/&#8220;][\/vc_column_inner][vc_column_inner column_padding=&#8220;no-extra-padding&#8220; column_padding_position=&#8220;all&#8220; background_color_opacity=&#8220;1&#8243; background_hover_color_opacity=&#8220;1&#8243; column_shadow=&#8220;none&#8220; column_border_radius=&#8220;none&#8220; column_link_target=&#8220;_self&#8220; width=&#8220;1\/3&#8243; tablet_width_inherit=&#8220;default&#8220; column_border_width=&#8220;none&#8220; column_border_style=&#8220;solid&#8220; bg_image_animation=&#8220;none&#8220;][team_member image_url=&#8220;4833&#8243; team_memeber_style=&#8220;meta_overlaid&#8220; name=&#8220;OA Dr. Johannes Barta&#8220; link_url_2=&#8220;https:\/\/dummy.imi.clinic\/ueber-imi-kinderwunschklinik-in-wien\/imi-aerzteteam\/oa-dr-johannes-barta\/&#8220;][\/vc_column_inner][\/vc_row_inner][vc_row_inner column_margin=&#8220;default&#8220; text_align=&#8220;left&#8220;][vc_column_inner column_padding=&#8220;no-extra-padding&#8220; column_padding_position=&#8220;all&#8220; background_color_opacity=&#8220;1&#8243; background_hover_color_opacity=&#8220;1&#8243; column_shadow=&#8220;none&#8220; column_border_radius=&#8220;none&#8220; column_link_target=&#8220;_self&#8220; width=&#8220;1\/3&#8243; tablet_width_inherit=&#8220;default&#8220; column_border_width=&#8220;none&#8220; column_border_style=&#8220;solid&#8220; bg_image_animation=&#8220;none&#8220;][team_member image_url=&#8220;4836&#8243; team_memeber_style=&#8220;meta_overlaid&#8220; name=&#8220;O\u00c4 Dr. Margarete Karimi&#8220; link_url_2=&#8220;https:\/\/dummy.imi.clinic\/ueber-imi-kinderwunschklinik-in-wien\/imi-aerzteteam\/oae-dr-med-univ-margarete-karimi\/&#8220;][\/vc_column_inner][vc_column_inner column_padding=&#8220;no-extra-padding&#8220; column_padding_position=&#8220;all&#8220; background_color_opacity=&#8220;1&#8243; background_hover_color_opacity=&#8220;1&#8243; column_shadow=&#8220;none&#8220; column_border_radius=&#8220;none&#8220; column_link_target=&#8220;_self&#8220; width=&#8220;1\/3&#8243; tablet_width_inherit=&#8220;default&#8220; column_border_width=&#8220;none&#8220; column_border_style=&#8220;solid&#8220; bg_image_animation=&#8220;none&#8220;][team_member image_url=&#8220;6880&#8243; team_memeber_style=&#8220;meta_overlaid&#8220; name=&#8220;Univ. Lekt. OA Dr. Markus Lipovac&#8220; link_url_2=&#8220;https:\/\/dummy.imi.clinic\/ueber-imi-kinderwunschklinik-in-wien\/imi-aerzteteam\/univ-lekt-oa-dr-markus-lipovac\/&#8220;][\/vc_column_inner][vc_column_inner column_padding=&#8220;no-extra-padding&#8220; column_padding_position=&#8220;all&#8220; background_color_opacity=&#8220;1&#8243; background_hover_color_opacity=&#8220;1&#8243; column_shadow=&#8220;none&#8220; column_border_radius=&#8220;none&#8220; column_link_target=&#8220;_self&#8220; width=&#8220;1\/3&#8243; tablet_width_inherit=&#8220;default&#8220; column_border_width=&#8220;none&#8220; column_border_style=&#8220;solid&#8220; bg_image_animation=&#8220;none&#8220;][team_member image_url=&#8220;4835&#8243; team_memeber_style=&#8220;meta_overlaid&#8220; name=&#8220;O\u00c4 Dr. Julia Herzog-Kogler&#8220; link_url_2=&#8220;https:\/\/dummy.imi.clinic\/ueber-imi-kinderwunschklinik-in-wien\/imi-aerzteteam\/oae-dr-med-univ-herzog-kogler\/&#8220;][\/vc_column_inner][\/vc_row_inner][vc_row_inner column_margin=&#8220;default&#8220; text_align=&#8220;left&#8220;][vc_column_inner column_padding=&#8220;no-extra-padding&#8220; column_padding_position=&#8220;all&#8220; background_color_opacity=&#8220;1&#8243; background_hover_color_opacity=&#8220;1&#8243; column_shadow=&#8220;none&#8220; column_border_radius=&#8220;none&#8220; column_link_target=&#8220;_self&#8220; width=&#8220;1\/3&#8243; tablet_width_inherit=&#8220;default&#8220; column_border_width=&#8220;none&#8220; column_border_style=&#8220;solid&#8220; bg_image_animation=&#8220;none&#8220;][team_member image_url=&#8220;4832&#8243; team_memeber_style=&#8220;meta_overlaid&#8220; name=&#8220;O\u00c4 Dr. Gabriela Angeler&#8220; link_url_2=&#8220;https:\/\/dummy.imi.clinic\/ueber-imi-kinderwunschklinik-in-wien\/imi-aerzteteam\/oae-dr-med-univ-angeler\/&#8220;][\/vc_column_inner][vc_column_inner column_padding=&#8220;no-extra-padding&#8220; column_padding_position=&#8220;all&#8220; background_color_opacity=&#8220;1&#8243; background_hover_color_opacity=&#8220;1&#8243; column_shadow=&#8220;none&#8220; column_border_radius=&#8220;none&#8220; column_link_target=&#8220;_self&#8220; width=&#8220;1\/3&#8243; tablet_width_inherit=&#8220;default&#8220; column_border_width=&#8220;none&#8220; column_border_style=&#8220;solid&#8220; bg_image_animation=&#8220;none&#8220;][\/vc_column_inner][\/vc_row_inner][\/vc_column][\/vc_row][vc_row type=&#8220;full_width_background&#8220; full_screen_row_position=&#8220;middle&#8220; scene_position=&#8220;center&#8220; text_color=&#8220;dark&#8220; text_align=&#8220;left&#8220; top_padding=&#8220;3%&#8220; bottom_padding=&#8220;5%&#8220; overlay_strength=&#8220;0.3&#8243; shape_divider_position=&#8220;bottom&#8220; bg_image_animation=&#8220;none&#8220; shape_type=&#8220;&#8220;][vc_column column_padding=&#8220;no-extra-padding&#8220; column_padding_position=&#8220;all&#8220; background_color_opacity=&#8220;1&#8243; background_hover_color_opacity=&#8220;1&#8243; column_link_target=&#8220;_self&#8220; column_shadow=&#8220;none&#8220; column_border_radius=&#8220;none&#8220; width=&#8220;1\/1&#8243; tablet_width_inherit=&#8220;default&#8220; tablet_text_alignment=&#8220;default&#8220; phone_text_alignment=&#8220;default&#8220; column_border_width=&#8220;none&#8220; column_border_style=&#8220;solid&#8220; bg_image_animation=&#8220;none&#8220;][vc_row_inner column_margin=&#8220;default&#8220; text_align=&#8220;left&#8220;][vc_column_inner column_padding=&#8220;no-extra-padding&#8220; column_padding_position=&#8220;all&#8220; background_color_opacity=&#8220;1&#8243; background_hover_color_opacity=&#8220;1&#8243; column_shadow=&#8220;none&#8220; column_border_radius=&#8220;none&#8220; column_link_target=&#8220;_self&#8220; width=&#8220;1\/1&#8243; tablet_width_inherit=&#8220;default&#8220; column_border_width=&#8220;none&#8220; column_border_style=&#8220;solid&#8220; bg_image_animation=&#8220;none&#8220;][vc_column_text max_width=&#8220;770&#8243;]\n<h3>Zentralisierung Ihrer Kinderwunschbehandlung.<\/h3>\n<p>Die erste Ver\u00e4nderung, mit der wir die Wahrscheinlichkeit einer Schwangerschaft deutlich erh\u00f6hen, ist die Zentralisierung der Kinderwunschbehandlung.<\/p>\n<p>Wir nehmen Sie bei der Hand, imi die Kinderwunschklinik in Wien ist Ihr einziger Ansprechpartner, wir f\u00fchren Sie von Anfang bis zum Ende der Kinderwunschbehandlung.<\/p>\n<p>Ursachenfindung und Behandlung bis hin zu kleineren operativen Eingriffen k\u00f6nnen in der Ordination innerhalb von k\u00fcrzester Zeit ambulant durchgef\u00fchrt werden.[\/vc_column_text][\/vc_column_inner][\/vc_row_inner][\/vc_column][\/vc_row][vc_row type=&#8220;in_container&#8220; full_screen_row_position=&#8220;middle&#8220; scene_position=&#8220;center&#8220; text_color=&#8220;dark&#8220; text_align=&#8220;left&#8220; class=&#8220;no-margin-bottom&#8220; overlay_strength=&#8220;0.3&#8243; shape_divider_position=&#8220;bottom&#8220; bg_image_animation=&#8220;none&#8220; shape_type=&#8220;&#8220;][vc_column column_padding=&#8220;no-extra-padding&#8220; column_padding_position=&#8220;all&#8220; background_color_opacity=&#8220;1&#8243; background_hover_color_opacity=&#8220;1&#8243; column_link_target=&#8220;_self&#8220; column_shadow=&#8220;none&#8220; column_border_radius=&#8220;none&#8220; width=&#8220;1\/1&#8243; tablet_width_inherit=&#8220;default&#8220; tablet_text_alignment=&#8220;default&#8220; phone_text_alignment=&#8220;default&#8220; column_border_width=&#8220;none&#8220; column_border_style=&#8220;solid&#8220; bg_image_animation=&#8220;none&#8220;][vc_column_text][\/vc_column_text][\/vc_column][\/vc_row][vc_row type=&#8220;in_container&#8220; full_screen_row_position=&#8220;middle&#8220; scene_position=&#8220;center&#8220; text_color=&#8220;dark&#8220; text_align=&#8220;left&#8220; class=&#8220;no-margin-bottom&#8220; overlay_strength=&#8220;0.3&#8243; shape_divider_position=&#8220;bottom&#8220; bg_image_animation=&#8220;none&#8220; shape_type=&#8220;&#8220;][vc_column column_padding=&#8220;no-extra-padding&#8220; column_padding_position=&#8220;all&#8220; background_color_opacity=&#8220;1&#8243; background_hover_color_opacity=&#8220;1&#8243; column_link_target=&#8220;_self&#8220; column_shadow=&#8220;none&#8220; column_border_radius=&#8220;none&#8220; width=&#8220;1\/1&#8243; tablet_width_inherit=&#8220;default&#8220; tablet_text_alignment=&#8220;default&#8220; phone_text_alignment=&#8220;default&#8220; column_border_width=&#8220;none&#8220; column_border_style=&#8220;solid&#8220; bg_image_animation=&#8220;none&#8220;][vc_column_text][\/vc_column_text][\/vc_column][\/vc_row]\n","protected":false},"excerpt":{"rendered":"<p>[vc_row type=&#8220;full_width_background&#8220; full_screen_row_position=&#8220;middle&#8220; scene_position=&#8220;center&#8220; text_color=&#8220;dark&#8220; text_align=&#8220;left&#8220; top_padding=&#8220;3%&#8220; bottom_padding=&#8220;5%&#8220; overlay_strength=&#8220;0.3&#8243; shape_divider_position=&#8220;bottom&#8220; bg_image_animation=&#8220;none&#8220; shape_type=&#8220;&#8220;][vc_column column_padding=&#8220;no-extra-padding&#8220; column_padding_position=&#8220;all&#8220; background_color_opacity=&#8220;1&#8243; background_hover_color_opacity=&#8220;1&#8243; column_link_target=&#8220;_self&#8220; column_shadow=&#8220;none&#8220; column_border_radius=&#8220;none&#8220; width=&#8220;1\/1&#8243; tablet_width_inherit=&#8220;default&#8220; tablet_text_alignment=&#8220;default&#8220; phone_text_alignment=&#8220;default&#8220; column_border_width=&#8220;none&#8220; column_border_style=&#8220;solid&#8220; bg_image_animation=&#8220;none&#8220;][vc_row_inner column_margin=&#8220;default&#8220; text_align=&#8220;left&#8220;][vc_column_inner column_padding=&#8220;no-extra-padding&#8220; column_padding_position=&#8220;all&#8220;&#8230;<\/p>\n","protected":false},"author":9,"featured_media":0,"parent":169,"menu_order":7,"comment_status":"closed","ping_status":"closed","template":"","meta":{"footnotes":""},"class_list":["post-758","page","type-page","status-publish"],"yoast_head":"<!-- This site is optimized with the Yoast SEO plugin v27.0 - https:\/\/yoast.com\/product\/yoast-seo-wordpress\/ -->\n<title>Kinderwunsch-\u00c4rzteteam von imi der Kinderwunschklinik in Wien<\/title>\n<meta name=\"description\" content=\"Unser Kinderwunsch-\u00c4rzteteam deckt alle 6 m\u00f6glichen fertilit\u00e4tsmedizinischen Kompetenzen ab. Von der Gynologie, \u00fcber die Urologie, bis hin zum Labor.\" \/>\n<meta name=\"robots\" content=\"index, follow, max-snippet:-1, max-image-preview:large, max-video-preview:-1\" \/>\n<link rel=\"canonical\" href=\"https:\/\/dummy.imi.clinic\/at\/ueber-imi-kinderwunschklinik-in-wien\/imi-aerzteteam\/\" \/>\n<meta property=\"og:locale\" content=\"de_DE\" \/>\n<meta property=\"og:type\" content=\"article\" \/>\n<meta property=\"og:title\" content=\"Kinderwunsch-\u00c4rzteteam von imi der Kinderwunschklinik in Wien\" \/>\n<meta property=\"og:description\" content=\"Unser Kinderwunsch-\u00c4rzteteam deckt alle 6 m\u00f6glichen fertilit\u00e4tsmedizinischen Kompetenzen ab. Von der Gynologie, \u00fcber die Urologie, bis hin zum Labor.\" \/>\n<meta property=\"og:url\" content=\"https:\/\/dummy.imi.clinic\/at\/ueber-imi-kinderwunschklinik-in-wien\/imi-aerzteteam\/\" \/>\n<meta property=\"og:site_name\" content=\"IMI\" \/>\n<meta property=\"article:modified_time\" content=\"2019-11-05T12:14:46+00:00\" \/>\n<meta name=\"twitter:card\" content=\"summary_large_image\" \/>\n<meta name=\"twitter:label1\" content=\"Gesch\u00e4tzte Lesezeit\" \/>\n\t<meta name=\"twitter:data1\" content=\"6 Minuten\" \/>\n<script type=\"application\/ld+json\" class=\"yoast-schema-graph\">{\"@context\":\"https:\/\/schema.org\",\"@graph\":[{\"@type\":\"WebPage\",\"@id\":\"https:\/\/dummy.imi.clinic\/at\/ueber-imi-kinderwunschklinik-in-wien\/imi-aerzteteam\/\",\"url\":\"https:\/\/dummy.imi.clinic\/at\/ueber-imi-kinderwunschklinik-in-wien\/imi-aerzteteam\/\",\"name\":\"Kinderwunsch-\u00c4rzteteam von imi der Kinderwunschklinik in Wien\",\"isPartOf\":{\"@id\":\"https:\/\/dummy.imi.clinic\/at\/#website\"},\"datePublished\":\"2016-09-05T13:16:43+00:00\",\"dateModified\":\"2019-11-05T12:14:46+00:00\",\"description\":\"Unser Kinderwunsch-\u00c4rzteteam deckt alle 6 m\u00f6glichen fertilit\u00e4tsmedizinischen Kompetenzen ab. Von der Gynologie, \u00fcber die Urologie, bis hin zum Labor.\",\"breadcrumb\":{\"@id\":\"https:\/\/dummy.imi.clinic\/at\/ueber-imi-kinderwunschklinik-in-wien\/imi-aerzteteam\/#breadcrumb\"},\"inLanguage\":\"de-AT\",\"potentialAction\":[{\"@type\":\"ReadAction\",\"target\":[\"https:\/\/dummy.imi.clinic\/at\/ueber-imi-kinderwunschklinik-in-wien\/imi-aerzteteam\/\"]}]},{\"@type\":\"BreadcrumbList\",\"@id\":\"https:\/\/dummy.imi.clinic\/at\/ueber-imi-kinderwunschklinik-in-wien\/imi-aerzteteam\/#breadcrumb\",\"itemListElement\":[{\"@type\":\"ListItem\",\"position\":1,\"name\":\"Startseite\",\"item\":\"https:\/\/dummy.imi.clinic\/at\/\"},{\"@type\":\"ListItem\",\"position\":2,\"name\":\"\u00dcber imi\",\"item\":\"https:\/\/dummy.imi.clinic\/at\/ueber-imi-kinderwunschklinik-in-wien\/\"},{\"@type\":\"ListItem\",\"position\":3,\"name\":\"imi Kinderwunsch \u00c4rzteteam\"}]},{\"@type\":\"WebSite\",\"@id\":\"https:\/\/dummy.imi.clinic\/at\/#website\",\"url\":\"https:\/\/dummy.imi.clinic\/at\/\",\"name\":\"IMI\",\"description\":\"Vom Kinderwunsch zum Wunschkind\",\"potentialAction\":[{\"@type\":\"SearchAction\",\"target\":{\"@type\":\"EntryPoint\",\"urlTemplate\":\"https:\/\/dummy.imi.clinic\/at\/?s={search_term_string}\"},\"query-input\":{\"@type\":\"PropertyValueSpecification\",\"valueRequired\":true,\"valueName\":\"search_term_string\"}}],\"inLanguage\":\"de-AT\"}]}<\/script>\n<!-- \/ Yoast SEO plugin. -->","yoast_head_json":{"title":"Kinderwunsch-\u00c4rzteteam von imi der Kinderwunschklinik in Wien","description":"Unser Kinderwunsch-\u00c4rzteteam deckt alle 6 m\u00f6glichen fertilit\u00e4tsmedizinischen Kompetenzen ab. Von der Gynologie, \u00fcber die Urologie, bis hin zum Labor.","robots":{"index":"index","follow":"follow","max-snippet":"max-snippet:-1","max-image-preview":"max-image-preview:large","max-video-preview":"max-video-preview:-1"},"canonical":"https:\/\/dummy.imi.clinic\/at\/ueber-imi-kinderwunschklinik-in-wien\/imi-aerzteteam\/","og_locale":"de_DE","og_type":"article","og_title":"Kinderwunsch-\u00c4rzteteam von imi der Kinderwunschklinik in Wien","og_description":"Unser Kinderwunsch-\u00c4rzteteam deckt alle 6 m\u00f6glichen fertilit\u00e4tsmedizinischen Kompetenzen ab. Von der Gynologie, \u00fcber die Urologie, bis hin zum Labor.","og_url":"https:\/\/dummy.imi.clinic\/at\/ueber-imi-kinderwunschklinik-in-wien\/imi-aerzteteam\/","og_site_name":"IMI","article_modified_time":"2019-11-05T12:14:46+00:00","twitter_card":"summary_large_image","twitter_misc":{"Gesch\u00e4tzte Lesezeit":"6 Minuten"},"schema":{"@context":"https:\/\/schema.org","@graph":[{"@type":"WebPage","@id":"https:\/\/dummy.imi.clinic\/at\/ueber-imi-kinderwunschklinik-in-wien\/imi-aerzteteam\/","url":"https:\/\/dummy.imi.clinic\/at\/ueber-imi-kinderwunschklinik-in-wien\/imi-aerzteteam\/","name":"Kinderwunsch-\u00c4rzteteam von imi der Kinderwunschklinik in Wien","isPartOf":{"@id":"https:\/\/dummy.imi.clinic\/at\/#website"},"datePublished":"2016-09-05T13:16:43+00:00","dateModified":"2019-11-05T12:14:46+00:00","description":"Unser Kinderwunsch-\u00c4rzteteam deckt alle 6 m\u00f6glichen fertilit\u00e4tsmedizinischen Kompetenzen ab. Von der Gynologie, \u00fcber die Urologie, bis hin zum Labor.","breadcrumb":{"@id":"https:\/\/dummy.imi.clinic\/at\/ueber-imi-kinderwunschklinik-in-wien\/imi-aerzteteam\/#breadcrumb"},"inLanguage":"de-AT","potentialAction":[{"@type":"ReadAction","target":["https:\/\/dummy.imi.clinic\/at\/ueber-imi-kinderwunschklinik-in-wien\/imi-aerzteteam\/"]}]},{"@type":"BreadcrumbList","@id":"https:\/\/dummy.imi.clinic\/at\/ueber-imi-kinderwunschklinik-in-wien\/imi-aerzteteam\/#breadcrumb","itemListElement":[{"@type":"ListItem","position":1,"name":"Startseite","item":"https:\/\/dummy.imi.clinic\/at\/"},{"@type":"ListItem","position":2,"name":"\u00dcber imi","item":"https:\/\/dummy.imi.clinic\/at\/ueber-imi-kinderwunschklinik-in-wien\/"},{"@type":"ListItem","position":3,"name":"imi Kinderwunsch \u00c4rzteteam"}]},{"@type":"WebSite","@id":"https:\/\/dummy.imi.clinic\/at\/#website","url":"https:\/\/dummy.imi.clinic\/at\/","name":"IMI","description":"Vom Kinderwunsch zum Wunschkind","potentialAction":[{"@type":"SearchAction","target":{"@type":"EntryPoint","urlTemplate":"https:\/\/dummy.imi.clinic\/at\/?s={search_term_string}"},"query-input":{"@type":"PropertyValueSpecification","valueRequired":true,"valueName":"search_term_string"}}],"inLanguage":"de-AT"}]}},"_links":{"self":[{"href":"https:\/\/dummy.imi.clinic\/at\/wp-json\/wp\/v2\/pages\/758","targetHints":{"allow":["GET"]}}],"collection":[{"href":"https:\/\/dummy.imi.clinic\/at\/wp-json\/wp\/v2\/pages"}],"about":[{"href":"https:\/\/dummy.imi.clinic\/at\/wp-json\/wp\/v2\/types\/page"}],"author":[{"embeddable":true,"href":"https:\/\/dummy.imi.clinic\/at\/wp-json\/wp\/v2\/users\/9"}],"replies":[{"embeddable":true,"href":"https:\/\/dummy.imi.clinic\/at\/wp-json\/wp\/v2\/comments?post=758"}],"version-history":[{"count":1,"href":"https:\/\/dummy.imi.clinic\/at\/wp-json\/wp\/v2\/pages\/758\/revisions"}],"predecessor-version":[{"id":7376,"href":"https:\/\/dummy.imi.clinic\/at\/wp-json\/wp\/v2\/pages\/758\/revisions\/7376"}],"up":[{"embeddable":true,"href":"https:\/\/dummy.imi.clinic\/at\/wp-json\/wp\/v2\/pages\/169"}],"wp:attachment":[{"href":"https:\/\/dummy.imi.clinic\/at\/wp-json\/wp\/v2\/media?parent=758"}],"curies":[{"name":"wp","href":"https:\/\/api.w.org\/{rel}","templated":true}]}}