{"id":7406,"date":"2020-01-14T14:04:30","date_gmt":"2020-01-14T13:04:30","guid":{"rendered":"https:\/\/dummy.imi.clinic\/?page_id=7406"},"modified":"2020-01-14T15:11:27","modified_gmt":"2020-01-14T14:11:27","slug":"imi-partner","status":"publish","type":"page","link":"https:\/\/dummy.imi.clinic\/at\/ueber-imi-kinderwunschklinik-in-wien\/imi-partner\/","title":{"rendered":"imi Expertennetzwerk"},"content":{"rendered":"[vc_row type=&#8220;full_width_background&#8220; full_screen_row_position=&#8220;middle&#8220; scene_position=&#8220;center&#8220; text_color=&#8220;custom&#8220; custom_text_color=&#8220;#230044&#8243; text_align=&#8220;left&#8220; top_padding=&#8220;3%&#8220; bottom_padding=&#8220;5%&#8220; overlay_strength=&#8220;0.3&#8243; shape_divider_position=&#8220;bottom&#8220; bg_image_animation=&#8220;none&#8220; shape_type=&#8220;&#8220;][vc_column column_padding=&#8220;no-extra-padding&#8220; column_padding_position=&#8220;all&#8220; background_color_opacity=&#8220;1&#8243; background_hover_color_opacity=&#8220;1&#8243; column_link_target=&#8220;_self&#8220; column_shadow=&#8220;none&#8220; column_border_radius=&#8220;none&#8220; width=&#8220;1\/1&#8243; tablet_width_inherit=&#8220;default&#8220; tablet_text_alignment=&#8220;default&#8220; phone_text_alignment=&#8220;default&#8220; column_border_width=&#8220;none&#8220; column_border_style=&#8220;solid&#8220; bg_image_animation=&#8220;none&#8220;][vc_row_inner column_margin=&#8220;default&#8220; text_align=&#8220;left&#8220;][vc_column_inner column_padding=&#8220;no-extra-padding&#8220; column_padding_position=&#8220;all&#8220; background_color_opacity=&#8220;1&#8243; background_hover_color_opacity=&#8220;1&#8243; column_shadow=&#8220;none&#8220; column_border_radius=&#8220;none&#8220; column_link_target=&#8220;_self&#8220; el_class=&#8220;abstract-font&#8220; width=&#8220;1\/1&#8243; tablet_width_inherit=&#8220;default&#8220; column_border_width=&#8220;none&#8220; column_border_style=&#8220;solid&#8220; bg_image_animation=&#8220;none&#8220;][vc_column_text max_width=&#8220;700&#8243; css=&#8220;.vc_custom_1579011081722{padding-bottom: 20px !important;}&#8220;]\n<h2>Unser starkes Experten-Netzwerk<\/h2>\n<p>Mit nachfolgenden Kollegen bilden wir ein Experten-Netzwerk f\u00fcr hochqualitative Medizin.<\/p>\n<h5>Univ.Prof.Dr. Thomas Stulnig, Facharzt f\u00fcr Innere Medizin<\/h5>\n<p><a href=\"https:\/\/www.stulnig.at\">www.stulnig.at<\/a>[\/vc_column_text][\/vc_column_inner][\/vc_row_inner][vc_row_inner column_margin=&#8220;default&#8220; text_align=&#8220;left&#8220; el_id=&#8220;01&#8243;][vc_column_inner column_padding=&#8220;no-extra-padding&#8220; column_padding_position=&#8220;all&#8220; background_color_opacity=&#8220;1&#8243; background_hover_color_opacity=&#8220;1&#8243; column_shadow=&#8220;none&#8220; column_border_radius=&#8220;none&#8220; column_link_target=&#8220;_self&#8220; width=&#8220;1\/1&#8243; tablet_width_inherit=&#8220;default&#8220; column_border_width=&#8220;none&#8220; column_border_style=&#8220;solid&#8220; bg_image_animation=&#8220;none&#8220;][\/vc_column_inner][\/vc_row_inner][\/vc_column][\/vc_row][vc_row type=&#8220;full_width_background&#8220; full_screen_row_position=&#8220;middle&#8220; equal_height=&#8220;yes&#8220; content_placement=&#8220;middle&#8220; bg_color=&#8220;#ffffff&#8220; scene_position=&#8220;center&#8220; text_color=&#8220;dark&#8220; text_align=&#8220;left&#8220; top_padding=&#8220;80&#8243; bottom_padding=&#8220;80&#8243; overlay_strength=&#8220;0.3&#8243; shape_divider_position=&#8220;bottom&#8220; bg_image_animation=&#8220;none&#8220;][vc_column column_padding=&#8220;no-extra-padding&#8220; column_padding_position=&#8220;all&#8220; background_color_opacity=&#8220;1&#8243; background_hover_color_opacity=&#8220;1&#8243; column_link_target=&#8220;_self&#8220; column_shadow=&#8220;none&#8220; column_border_radius=&#8220;none&#8220; width=&#8220;1\/2&#8243; tablet_width_inherit=&#8220;default&#8220; tablet_text_alignment=&#8220;center&#8220; phone_text_alignment=&#8220;center&#8220; column_border_width=&#8220;none&#8220; column_border_style=&#8220;solid&#8220; bg_image_animation=&#8220;none&#8220;][vc_custom_heading text=&#8220;Verlieren Sie keine Zeit und vereinbaren Sie noch heute Ihren Beratungstermin!&#8220; font_container=&#8220;tag:h2|font_size:42|text_align:left|line_height:48px&#8220; use_theme_fonts=&#8220;yes&#8220;][vc_column_text css=&#8220;.vc_custom_1535560943473{margin-top: 15px !important;}&#8220;]Verlieren Sie keine wertvolle Zeit bis zum Beginn mit der richtigen Therapie. Vereinbaren Sie daher noch heute Ihren Beratungstermin![\/vc_column_text][\/vc_column][vc_column column_padding=&#8220;no-extra-padding&#8220; column_padding_position=&#8220;all&#8220; background_color_opacity=&#8220;1&#8243; background_hover_color_opacity=&#8220;1&#8243; column_link_target=&#8220;_self&#8220; column_shadow=&#8220;none&#8220; column_border_radius=&#8220;none&#8220; width=&#8220;1\/2&#8243; tablet_width_inherit=&#8220;default&#8220; tablet_text_alignment=&#8220;center&#8220; phone_text_alignment=&#8220;center&#8220; column_border_width=&#8220;none&#8220; column_border_style=&#8220;solid&#8220; bg_image_animation=&#8220;none&#8220;][vc_row_inner column_margin=&#8220;default&#8220; text_align=&#8220;right&#8220;][vc_column_inner column_padding=&#8220;no-extra-padding&#8220; column_padding_position=&#8220;all&#8220; background_color_opacity=&#8220;1&#8243; background_hover_color_opacity=&#8220;1&#8243; column_shadow=&#8220;none&#8220; column_border_radius=&#8220;none&#8220; column_link_target=&#8220;_self&#8220; width=&#8220;1\/1&#8243; tablet_width_inherit=&#8220;default&#8220; column_border_width=&#8220;none&#8220; column_border_style=&#8220;solid&#8220; bg_image_animation=&#8220;none&#8220;][nectar_btn size=&#8220;jumbo&#8220; button_style=&#8220;regular&#8220; button_color_2=&#8220;Extra-Color-2&#8243; icon_family=&#8220;none&#8220; url=&#8220;#termin&#8220; text=&#8220;Zur Termin-Anfrage&#8220;][\/vc_column_inner][\/vc_row_inner][\/vc_column][\/vc_row][vc_row type=&#8220;in_container&#8220; full_screen_row_position=&#8220;middle&#8220; scene_position=&#8220;center&#8220; text_color=&#8220;dark&#8220; text_align=&#8220;left&#8220; class=&#8220;no-margin-bottom&#8220; overlay_strength=&#8220;0.3&#8243; shape_divider_position=&#8220;bottom&#8220; bg_image_animation=&#8220;none&#8220; shape_type=&#8220;&#8220;][vc_column column_padding=&#8220;no-extra-padding&#8220; column_padding_position=&#8220;all&#8220; background_color_opacity=&#8220;1&#8243; background_hover_color_opacity=&#8220;1&#8243; column_link_target=&#8220;_self&#8220; column_shadow=&#8220;none&#8220; column_border_radius=&#8220;none&#8220; width=&#8220;1\/1&#8243; tablet_width_inherit=&#8220;default&#8220; tablet_text_alignment=&#8220;default&#8220; phone_text_alignment=&#8220;default&#8220; column_border_width=&#8220;none&#8220; column_border_style=&#8220;solid&#8220; bg_image_animation=&#8220;none&#8220;][vc_column_text][\/vc_column_text][\/vc_column][\/vc_row][vc_row type=&#8220;full_width_background&#8220; full_screen_row_position=&#8220;middle&#8220; bg_image=&#8220;5715&#8243; bg_position=&#8220;center center&#8220; bg_repeat=&#8220;no-repeat&#8220; scene_position=&#8220;center&#8220; text_color=&#8220;custom&#8220; custom_text_color=&#8220;#230044&#8243; text_align=&#8220;left&#8220; top_padding=&#8220;14%&#8220; zindex=&#8220;100&#8243; id=&#8220;termin&#8220; color_overlay=&#8220;#a5b3be&#8220; overlay_strength=&#8220;0.8&#8243; shape_divider_position=&#8220;bottom&#8220; bg_image_animation=&#8220;none&#8220; shape_type=&#8220;&#8220;][vc_column column_padding=&#8220;no-extra-padding&#8220; column_padding_position=&#8220;all&#8220; background_color_opacity=&#8220;1&#8243; background_hover_color_opacity=&#8220;1&#8243; column_link_target=&#8220;_self&#8220; column_shadow=&#8220;none&#8220; column_border_radius=&#8220;none&#8220; width=&#8220;1\/6&#8243; tablet_width_inherit=&#8220;default&#8220; tablet_text_alignment=&#8220;default&#8220; phone_text_alignment=&#8220;default&#8220; column_border_width=&#8220;none&#8220; column_border_style=&#8220;solid&#8220; bg_image_animation=&#8220;none&#8220;][\/vc_column][vc_column column_padding=&#8220;no-extra-padding&#8220; column_padding_position=&#8220;all&#8220; background_color_opacity=&#8220;1&#8243; background_hover_color_opacity=&#8220;1&#8243; column_link_target=&#8220;_self&#8220; column_shadow=&#8220;none&#8220; column_border_radius=&#8220;none&#8220; width=&#8220;2\/3&#8243; tablet_width_inherit=&#8220;default&#8220; tablet_text_alignment=&#8220;default&#8220; phone_text_alignment=&#8220;default&#8220; column_border_width=&#8220;none&#8220; column_border_style=&#8220;solid&#8220; bg_image_animation=&#8220;none&#8220;][vc_row_inner column_margin=&#8220;default&#8220; bottom_padding=&#8220;7%&#8220; text_align=&#8220;left&#8220;][vc_column_inner column_padding=&#8220;no-extra-padding&#8220; column_padding_position=&#8220;all&#8220; centered_text=&#8220;true&#8220; background_color_opacity=&#8220;1&#8243; background_hover_color_opacity=&#8220;1&#8243; column_shadow=&#8220;none&#8220; column_border_radius=&#8220;none&#8220; column_link_target=&#8220;_self&#8220; width=&#8220;1\/1&#8243; tablet_width_inherit=&#8220;default&#8220; column_border_width=&#8220;none&#8220; column_border_style=&#8220;solid&#8220; bg_image_animation=&#8220;none&#8220;][vc_column_text]Zum Wunschkind OHNE k\u00fcnstliche Befruchtung<\/p>\n<h2>Verlieren Sie keine wertvolle Zeit bis zum Beginn mit der richtigen Therapie. Vereinbaren Sie daher noch heute Ihren Beratungstermin!<\/h2>\n[\/vc_column_text][\/vc_column_inner][\/vc_row_inner][vc_row_inner column_margin=&#8220;default&#8220; text_align=&#8220;left&#8220;][vc_column_inner column_padding=&#8220;padding-5-percent&#8220; column_padding_position=&#8220;all&#8220; background_color=&#8220;#ffffff&#8220; background_color_opacity=&#8220;1&#8243; background_hover_color_opacity=&#8220;1&#8243; column_shadow=&#8220;medium_depth&#8220; column_border_radius=&#8220;10px&#8220; bottom_margin=&#8220;-25%&#8220; column_link_target=&#8220;_self&#8220; width=&#8220;1\/1&#8243; tablet_width_inherit=&#8220;default&#8220; column_border_width=&#8220;none&#8220; column_border_style=&#8220;solid&#8220; bg_image_animation=&#8220;none&#8220; enable_animation=&#8220;true&#8220; animation=&#8220;grow-in&#8220;][vc_column_text css=&#8220;.vc_custom_1535714354883{padding-right: 5% !important;padding-left: 5% !important;}&#8220;]\n<h5 style=\"text-align: center;\">Sie erreichen uns telefonisch unter 01 513 06 07 oder Sie k\u00f6nnen uns \u00fcber das Formular unter diesem Text eine Termin-Anfrage senden und wir rufen Sie umgehend zur\u00fcck:<\/h5>\n<p style=\"text-align: center;\">\n<div class=\"wpcf7 no-js\" id=\"wpcf7-f6-o1\" lang=\"de-DE\" dir=\"ltr\" data-wpcf7-id=\"6\">\n<div class=\"screen-reader-response\"><p role=\"status\" aria-live=\"polite\" aria-atomic=\"true\"><\/p> <ul><\/ul><\/div>\n<form action=\"\/at\/wp-json\/wp\/v2\/pages\/7406#wpcf7-f6-o1\" method=\"post\" class=\"wpcf7-form init\" aria-label=\"Kontaktformular\" novalidate=\"novalidate\" data-status=\"init\">\n<fieldset class=\"hidden-fields-container\"><input type=\"hidden\" name=\"_wpcf7\" value=\"6\" \/><input type=\"hidden\" name=\"_wpcf7_version\" value=\"6.1.5\" \/><input type=\"hidden\" name=\"_wpcf7_locale\" value=\"de_DE\" \/><input type=\"hidden\" name=\"_wpcf7_unit_tag\" value=\"wpcf7-f6-o1\" \/><input type=\"hidden\" name=\"_wpcf7_container_post\" value=\"0\" \/><input type=\"hidden\" name=\"_wpcf7_posted_data_hash\" value=\"\" \/><input type=\"hidden\" name=\"_wpcf7_recaptcha_response\" value=\"\" \/>\n<\/fieldset>\n<p><label> Name*<br \/>\n<span class=\"wpcf7-form-control-wrap\" data-name=\"Name\"><input size=\"40\" maxlength=\"400\" class=\"wpcf7-form-control wpcf7-text wpcf7-validates-as-required\" aria-required=\"true\" aria-invalid=\"false\" value=\"\" type=\"text\" name=\"Name\" \/><\/span> <\/label>\n<\/p>\n<p><label> Email*<br \/>\n<span class=\"wpcf7-form-control-wrap\" data-name=\"Email\"><input size=\"40\" maxlength=\"400\" class=\"wpcf7-form-control wpcf7-email wpcf7-validates-as-required wpcf7-text wpcf7-validates-as-email\" aria-required=\"true\" aria-invalid=\"false\" value=\"\" type=\"email\" name=\"Email\" \/><\/span> <\/label>\n<\/p>\n<p><label> Thema<br \/>\n<span class=\"wpcf7-form-control-wrap\" data-name=\"Thema\"><input size=\"40\" maxlength=\"400\" class=\"wpcf7-form-control wpcf7-text\" aria-invalid=\"false\" value=\"\" type=\"text\" name=\"Thema\" \/><\/span> <\/label>\n<\/p>\n<p><label> Anfrage<br \/>\n<span class=\"wpcf7-form-control-wrap\" data-name=\"Anfrage\"><textarea cols=\"40\" rows=\"10\" maxlength=\"2000\" class=\"wpcf7-form-control wpcf7-textarea\" aria-invalid=\"false\" name=\"Anfrage\"><\/textarea><\/span> <\/label>\n<\/p>\n<p><span class=\"wpcf7-form-control-wrap\" data-name=\"Datenschutz\"><span class=\"wpcf7-form-control wpcf7-acceptance\"><span class=\"wpcf7-list-item\"><label><input type=\"checkbox\" name=\"Datenschutz\" value=\"1\" aria-invalid=\"false\" \/><span class=\"wpcf7-list-item-label\">Ja, ich habe die <a href=\"\/datenschutz\/\" target=\"_blank\">Datenschutzerkl\u00e4rung<\/a> zur Kenntnis genommen und bin damit einverstanden, dass die von mir angegebenen Daten elektronisch erhoben und gespeichert werden. Meine Daten werden dabei nur streng zweckgebunden zur Bearbeitung und Beantwortung meiner Anfrage benutzt. Mit dem Absenden des Kontaktformulars erkl\u00e4re ich mich mit der Verarbeitung einverstanden.<\/span><\/label><\/span><\/span><\/span>\n<\/p>\n<p><input class=\"wpcf7-form-control wpcf7-submit has-spinner\" type=\"submit\" value=\"Kontaktformular absenden\" \/>\n<\/p><div class=\"wpcf7-response-output\" aria-hidden=\"true\"><\/div>\n<\/form>\n<\/div>\n\n[\/vc_column_text][\/vc_column_inner][\/vc_row_inner][\/vc_column][vc_column column_padding=&#8220;no-extra-padding&#8220; column_padding_position=&#8220;all&#8220; background_color_opacity=&#8220;1&#8243; background_hover_color_opacity=&#8220;1&#8243; column_link_target=&#8220;_self&#8220; column_shadow=&#8220;none&#8220; column_border_radius=&#8220;none&#8220; width=&#8220;1\/6&#8243; tablet_width_inherit=&#8220;default&#8220; tablet_text_alignment=&#8220;default&#8220; phone_text_alignment=&#8220;default&#8220; column_border_width=&#8220;none&#8220; column_border_style=&#8220;solid&#8220; bg_image_animation=&#8220;none&#8220;][\/vc_column][\/vc_row][vc_row type=&#8220;full_width_content&#8220; full_screen_row_position=&#8220;middle&#8220; scene_position=&#8220;center&#8220; text_color=&#8220;dark&#8220; text_align=&#8220;left&#8220; overlay_strength=&#8220;0.3&#8243; shape_divider_position=&#8220;bottom&#8220; bg_image_animation=&#8220;none&#8220; shape_type=&#8220;&#8220;][vc_column column_padding=&#8220;no-extra-padding&#8220; column_padding_position=&#8220;all&#8220; background_color_opacity=&#8220;1&#8243; background_hover_color_opacity=&#8220;1&#8243; column_link_target=&#8220;_self&#8220; column_shadow=&#8220;none&#8220; column_border_radius=&#8220;none&#8220; width=&#8220;1\/1&#8243; tablet_width_inherit=&#8220;default&#8220; tablet_text_alignment=&#8220;default&#8220; phone_text_alignment=&#8220;default&#8220; column_border_width=&#8220;none&#8220; column_border_style=&#8220;solid&#8220; bg_image_animation=&#8220;none&#8220; offset=&#8220;vc_hidden-sm vc_hidden-xs&#8220;][divider line_type=&#8220;No Line&#8220; custom_height=&#8220;200&#8243;][\/vc_column][\/vc_row][vc_row type=&#8220;full_width_content&#8220; full_screen_row_position=&#8220;middle&#8220; scene_position=&#8220;center&#8220; text_color=&#8220;dark&#8220; text_align=&#8220;left&#8220; overlay_strength=&#8220;0.3&#8243; shape_divider_position=&#8220;bottom&#8220; bg_image_animation=&#8220;none&#8220; shape_type=&#8220;&#8220;][vc_column column_padding=&#8220;no-extra-padding&#8220; column_padding_position=&#8220;all&#8220; background_color_opacity=&#8220;1&#8243; background_hover_color_opacity=&#8220;1&#8243; column_link_target=&#8220;_self&#8220; column_shadow=&#8220;none&#8220; column_border_radius=&#8220;none&#8220; width=&#8220;1\/1&#8243; tablet_width_inherit=&#8220;default&#8220; tablet_text_alignment=&#8220;default&#8220; phone_text_alignment=&#8220;default&#8220; column_border_width=&#8220;none&#8220; column_border_style=&#8220;solid&#8220; bg_image_animation=&#8220;none&#8220;][divider line_type=&#8220;No Line&#8220; custom_height=&#8220;100&#8243;][\/vc_column][\/vc_row][vc_row type=&#8220;in_container&#8220; full_screen_row_position=&#8220;middle&#8220; scene_position=&#8220;center&#8220; text_color=&#8220;dark&#8220; text_align=&#8220;left&#8220; class=&#8220;no-margin-bottom&#8220; overlay_strength=&#8220;0.3&#8243; shape_divider_position=&#8220;bottom&#8220; bg_image_animation=&#8220;none&#8220; shape_type=&#8220;&#8220;][vc_column column_padding=&#8220;no-extra-padding&#8220; column_padding_position=&#8220;all&#8220; background_color_opacity=&#8220;1&#8243; background_hover_color_opacity=&#8220;1&#8243; column_link_target=&#8220;_self&#8220; column_shadow=&#8220;none&#8220; column_border_radius=&#8220;none&#8220; width=&#8220;1\/1&#8243; tablet_width_inherit=&#8220;default&#8220; tablet_text_alignment=&#8220;default&#8220; phone_text_alignment=&#8220;default&#8220; column_border_width=&#8220;none&#8220; column_border_style=&#8220;solid&#8220; bg_image_animation=&#8220;none&#8220;][vc_column_text][\/vc_column_text][\/vc_column][\/vc_row]\n","protected":false},"excerpt":{"rendered":"<p>[vc_row type=&#8220;full_width_background&#8220; full_screen_row_position=&#8220;middle&#8220; scene_position=&#8220;center&#8220; text_color=&#8220;custom&#8220; custom_text_color=&#8220;#230044&#8243; text_align=&#8220;left&#8220; top_padding=&#8220;3%&#8220; bottom_padding=&#8220;5%&#8220; overlay_strength=&#8220;0.3&#8243; shape_divider_position=&#8220;bottom&#8220; bg_image_animation=&#8220;none&#8220; shape_type=&#8220;&#8220;][vc_column column_padding=&#8220;no-extra-padding&#8220; column_padding_position=&#8220;all&#8220; background_color_opacity=&#8220;1&#8243; background_hover_color_opacity=&#8220;1&#8243; column_link_target=&#8220;_self&#8220; column_shadow=&#8220;none&#8220; column_border_radius=&#8220;none&#8220; width=&#8220;1\/1&#8243; tablet_width_inherit=&#8220;default&#8220; tablet_text_alignment=&#8220;default&#8220; phone_text_alignment=&#8220;default&#8220; column_border_width=&#8220;none&#8220; column_border_style=&#8220;solid&#8220; bg_image_animation=&#8220;none&#8220;][vc_row_inner column_margin=&#8220;default&#8220; text_align=&#8220;left&#8220;][vc_column_inner column_padding=&#8220;no-extra-padding&#8220;&#8230;<\/p>\n","protected":false},"author":9,"featured_media":278,"parent":169,"menu_order":1,"comment_status":"closed","ping_status":"closed","template":"","meta":{"footnotes":""},"class_list":["post-7406","page","type-page","status-publish","has-post-thumbnail"],"yoast_head":"<!-- This site is optimized with the Yoast SEO plugin v27.0 - https:\/\/yoast.com\/product\/yoast-seo-wordpress\/ -->\n<title>Kinderwunschklinik in Wien - imi das Zentrum f\u00fcr Kinderwunschmedizin<\/title>\n<meta name=\"description\" content=\"83% unserer Kinderwunschpaare konnten sich ihren Kinderwunsch ohne k\u00fcnstsliche Befruchtung erf\u00fcllen. imi Kinderwunschklinik in Wien unterst\u00fctzt auch Sie!\" \/>\n<meta name=\"robots\" content=\"index, follow, max-snippet:-1, max-image-preview:large, max-video-preview:-1\" \/>\n<link rel=\"canonical\" href=\"https:\/\/dummy.imi.clinic\/at\/ueber-imi-kinderwunschklinik-in-wien\/imi-partner\/\" \/>\n<meta property=\"og:locale\" content=\"de_DE\" \/>\n<meta property=\"og:type\" content=\"article\" \/>\n<meta property=\"og:title\" content=\"Kinderwunschklinik in Wien - imi das Zentrum f\u00fcr Kinderwunschmedizin\" \/>\n<meta property=\"og:description\" content=\"83% unserer Kinderwunschpaare konnten sich ihren Kinderwunsch ohne k\u00fcnstsliche Befruchtung erf\u00fcllen. imi Kinderwunschklinik in Wien unterst\u00fctzt auch Sie!\" \/>\n<meta property=\"og:url\" content=\"https:\/\/dummy.imi.clinic\/at\/ueber-imi-kinderwunschklinik-in-wien\/imi-partner\/\" \/>\n<meta property=\"og:site_name\" content=\"IMI\" \/>\n<meta property=\"article:modified_time\" content=\"2020-01-14T14:11:27+00:00\" \/>\n<meta name=\"twitter:card\" content=\"summary_large_image\" \/>\n<meta name=\"twitter:label1\" content=\"Gesch\u00e4tzte Lesezeit\" \/>\n\t<meta name=\"twitter:data1\" content=\"7 Minuten\" \/>\n<script type=\"application\/ld+json\" class=\"yoast-schema-graph\">{\"@context\":\"https:\/\/schema.org\",\"@graph\":[{\"@type\":\"WebPage\",\"@id\":\"https:\/\/dummy.imi.clinic\/at\/ueber-imi-kinderwunschklinik-in-wien\/imi-partner\/\",\"url\":\"https:\/\/dummy.imi.clinic\/at\/ueber-imi-kinderwunschklinik-in-wien\/imi-partner\/\",\"name\":\"Kinderwunschklinik in Wien - imi das Zentrum f\u00fcr Kinderwunschmedizin\",\"isPartOf\":{\"@id\":\"https:\/\/dummy.imi.clinic\/at\/#website\"},\"primaryImageOfPage\":{\"@id\":\"https:\/\/dummy.imi.clinic\/at\/ueber-imi-kinderwunschklinik-in-wien\/imi-partner\/#primaryimage\"},\"image\":{\"@id\":\"https:\/\/dummy.imi.clinic\/at\/ueber-imi-kinderwunschklinik-in-wien\/imi-partner\/#primaryimage\"},\"thumbnailUrl\":\"\",\"datePublished\":\"2020-01-14T13:04:30+00:00\",\"dateModified\":\"2020-01-14T14:11:27+00:00\",\"description\":\"83% unserer Kinderwunschpaare konnten sich ihren Kinderwunsch ohne k\u00fcnstsliche Befruchtung erf\u00fcllen. imi Kinderwunschklinik in Wien unterst\u00fctzt auch Sie!\",\"breadcrumb\":{\"@id\":\"https:\/\/dummy.imi.clinic\/at\/ueber-imi-kinderwunschklinik-in-wien\/imi-partner\/#breadcrumb\"},\"inLanguage\":\"de-AT\",\"potentialAction\":[{\"@type\":\"ReadAction\",\"target\":[\"https:\/\/dummy.imi.clinic\/at\/ueber-imi-kinderwunschklinik-in-wien\/imi-partner\/\"]}]},{\"@type\":\"ImageObject\",\"inLanguage\":\"de-AT\",\"@id\":\"https:\/\/dummy.imi.clinic\/at\/ueber-imi-kinderwunschklinik-in-wien\/imi-partner\/#primaryimage\",\"url\":\"\",\"contentUrl\":\"\"},{\"@type\":\"BreadcrumbList\",\"@id\":\"https:\/\/dummy.imi.clinic\/at\/ueber-imi-kinderwunschklinik-in-wien\/imi-partner\/#breadcrumb\",\"itemListElement\":[{\"@type\":\"ListItem\",\"position\":1,\"name\":\"Startseite\",\"item\":\"https:\/\/dummy.imi.clinic\/at\/\"},{\"@type\":\"ListItem\",\"position\":2,\"name\":\"\u00dcber imi\",\"item\":\"https:\/\/dummy.imi.clinic\/at\/ueber-imi-kinderwunschklinik-in-wien\/\"},{\"@type\":\"ListItem\",\"position\":3,\"name\":\"imi Expertennetzwerk\"}]},{\"@type\":\"WebSite\",\"@id\":\"https:\/\/dummy.imi.clinic\/at\/#website\",\"url\":\"https:\/\/dummy.imi.clinic\/at\/\",\"name\":\"IMI\",\"description\":\"Vom Kinderwunsch zum Wunschkind\",\"potentialAction\":[{\"@type\":\"SearchAction\",\"target\":{\"@type\":\"EntryPoint\",\"urlTemplate\":\"https:\/\/dummy.imi.clinic\/at\/?s={search_term_string}\"},\"query-input\":{\"@type\":\"PropertyValueSpecification\",\"valueRequired\":true,\"valueName\":\"search_term_string\"}}],\"inLanguage\":\"de-AT\"}]}<\/script>\n<!-- \/ Yoast SEO plugin. -->","yoast_head_json":{"title":"Kinderwunschklinik in Wien - imi das Zentrum f\u00fcr Kinderwunschmedizin","description":"83% unserer Kinderwunschpaare konnten sich ihren Kinderwunsch ohne k\u00fcnstsliche Befruchtung erf\u00fcllen. imi Kinderwunschklinik in Wien unterst\u00fctzt auch Sie!","robots":{"index":"index","follow":"follow","max-snippet":"max-snippet:-1","max-image-preview":"max-image-preview:large","max-video-preview":"max-video-preview:-1"},"canonical":"https:\/\/dummy.imi.clinic\/at\/ueber-imi-kinderwunschklinik-in-wien\/imi-partner\/","og_locale":"de_DE","og_type":"article","og_title":"Kinderwunschklinik in Wien - imi das Zentrum f\u00fcr Kinderwunschmedizin","og_description":"83% unserer Kinderwunschpaare konnten sich ihren Kinderwunsch ohne k\u00fcnstsliche Befruchtung erf\u00fcllen. imi Kinderwunschklinik in Wien unterst\u00fctzt auch Sie!","og_url":"https:\/\/dummy.imi.clinic\/at\/ueber-imi-kinderwunschklinik-in-wien\/imi-partner\/","og_site_name":"IMI","article_modified_time":"2020-01-14T14:11:27+00:00","twitter_card":"summary_large_image","twitter_misc":{"Gesch\u00e4tzte Lesezeit":"7 Minuten"},"schema":{"@context":"https:\/\/schema.org","@graph":[{"@type":"WebPage","@id":"https:\/\/dummy.imi.clinic\/at\/ueber-imi-kinderwunschklinik-in-wien\/imi-partner\/","url":"https:\/\/dummy.imi.clinic\/at\/ueber-imi-kinderwunschklinik-in-wien\/imi-partner\/","name":"Kinderwunschklinik in Wien - imi das Zentrum f\u00fcr Kinderwunschmedizin","isPartOf":{"@id":"https:\/\/dummy.imi.clinic\/at\/#website"},"primaryImageOfPage":{"@id":"https:\/\/dummy.imi.clinic\/at\/ueber-imi-kinderwunschklinik-in-wien\/imi-partner\/#primaryimage"},"image":{"@id":"https:\/\/dummy.imi.clinic\/at\/ueber-imi-kinderwunschklinik-in-wien\/imi-partner\/#primaryimage"},"thumbnailUrl":"","datePublished":"2020-01-14T13:04:30+00:00","dateModified":"2020-01-14T14:11:27+00:00","description":"83% unserer Kinderwunschpaare konnten sich ihren Kinderwunsch ohne k\u00fcnstsliche Befruchtung erf\u00fcllen. imi Kinderwunschklinik in Wien unterst\u00fctzt auch Sie!","breadcrumb":{"@id":"https:\/\/dummy.imi.clinic\/at\/ueber-imi-kinderwunschklinik-in-wien\/imi-partner\/#breadcrumb"},"inLanguage":"de-AT","potentialAction":[{"@type":"ReadAction","target":["https:\/\/dummy.imi.clinic\/at\/ueber-imi-kinderwunschklinik-in-wien\/imi-partner\/"]}]},{"@type":"ImageObject","inLanguage":"de-AT","@id":"https:\/\/dummy.imi.clinic\/at\/ueber-imi-kinderwunschklinik-in-wien\/imi-partner\/#primaryimage","url":"","contentUrl":""},{"@type":"BreadcrumbList","@id":"https:\/\/dummy.imi.clinic\/at\/ueber-imi-kinderwunschklinik-in-wien\/imi-partner\/#breadcrumb","itemListElement":[{"@type":"ListItem","position":1,"name":"Startseite","item":"https:\/\/dummy.imi.clinic\/at\/"},{"@type":"ListItem","position":2,"name":"\u00dcber imi","item":"https:\/\/dummy.imi.clinic\/at\/ueber-imi-kinderwunschklinik-in-wien\/"},{"@type":"ListItem","position":3,"name":"imi Expertennetzwerk"}]},{"@type":"WebSite","@id":"https:\/\/dummy.imi.clinic\/at\/#website","url":"https:\/\/dummy.imi.clinic\/at\/","name":"IMI","description":"Vom Kinderwunsch zum Wunschkind","potentialAction":[{"@type":"SearchAction","target":{"@type":"EntryPoint","urlTemplate":"https:\/\/dummy.imi.clinic\/at\/?s={search_term_string}"},"query-input":{"@type":"PropertyValueSpecification","valueRequired":true,"valueName":"search_term_string"}}],"inLanguage":"de-AT"}]}},"_links":{"self":[{"href":"https:\/\/dummy.imi.clinic\/at\/wp-json\/wp\/v2\/pages\/7406","targetHints":{"allow":["GET"]}}],"collection":[{"href":"https:\/\/dummy.imi.clinic\/at\/wp-json\/wp\/v2\/pages"}],"about":[{"href":"https:\/\/dummy.imi.clinic\/at\/wp-json\/wp\/v2\/types\/page"}],"author":[{"embeddable":true,"href":"https:\/\/dummy.imi.clinic\/at\/wp-json\/wp\/v2\/users\/9"}],"replies":[{"embeddable":true,"href":"https:\/\/dummy.imi.clinic\/at\/wp-json\/wp\/v2\/comments?post=7406"}],"version-history":[{"count":5,"href":"https:\/\/dummy.imi.clinic\/at\/wp-json\/wp\/v2\/pages\/7406\/revisions"}],"predecessor-version":[{"id":7417,"href":"https:\/\/dummy.imi.clinic\/at\/wp-json\/wp\/v2\/pages\/7406\/revisions\/7417"}],"up":[{"embeddable":true,"href":"https:\/\/dummy.imi.clinic\/at\/wp-json\/wp\/v2\/pages\/169"}],"wp:featuredmedia":[{"embeddable":true,"href":"https:\/\/dummy.imi.clinic\/at\/wp-json\/"}],"wp:attachment":[{"href":"https:\/\/dummy.imi.clinic\/at\/wp-json\/wp\/v2\/media?parent=7406"}],"curies":[{"name":"wp","href":"https:\/\/api.w.org\/{rel}","templated":true}]}}