{"id":23,"date":"2016-07-05T09:57:35","date_gmt":"2016-07-05T07:57:35","guid":{"rendered":"http:\/\/imi-dev.netzspinnerei.com\/?page_id=23"},"modified":"2024-09-04T14:47:23","modified_gmt":"2024-09-04T12:47:23","slug":"kinderwunsch-forum","status":"publish","type":"page","link":"https:\/\/dummy.imi.clinic\/at\/kinderwunsch-forum\/","title":{"rendered":"Forum"},"content":{"rendered":"[vc_row type=&#8220;full_width_background&#8220; full_screen_row_position=&#8220;middle&#8220; scene_position=&#8220;center&#8220; text_color=&#8220;dark&#8220; text_align=&#8220;left&#8220; top_padding=&#8220;5%&#8220; overlay_strength=&#8220;0.3&#8243; shape_divider_position=&#8220;bottom&#8220; shape_type=&#8220;&#8220;][vc_column column_padding=&#8220;no-extra-padding&#8220; column_padding_position=&#8220;right&#8220; background_color_opacity=&#8220;1&#8243; background_hover_color_opacity=&#8220;1&#8243; column_shadow=&#8220;none&#8220; column_border_radius=&#8220;none&#8220; width=&#8220;1\/1&#8243; tablet_text_alignment=&#8220;default&#8220; phone_text_alignment=&#8220;default&#8220; column_border_width=&#8220;none&#8220; column_border_style=&#8220;solid&#8220;][recent_posts style=&#8220;list_featured_first_row&#8220; category=&#8220;all&#8220; columns=&#8220;2&#8243; order=&#8220;DESC&#8220; orderby=&#8220;date&#8220; posts_per_page=&#8220;8&#8243;][vc_row_inner column_margin=&#8220;default&#8220; text_align=&#8220;left&#8220;][vc_column_inner column_padding=&#8220;padding-5-percent&#8220; column_padding_position=&#8220;all&#8220; background_color=&#8220;#ffffff&#8220; background_color_opacity=&#8220;1&#8243; background_hover_color_opacity=&#8220;1&#8243; column_shadow=&#8220;none&#8220; column_border_radius=&#8220;5px&#8220; width=&#8220;1\/1&#8243; column_border_width=&#8220;none&#8220; column_border_style=&#8220;solid&#8220;][vc_widget_sidebar sidebar_id=&#8220;nectar-extra-sidebar&#8220;][\/vc_column_inner][\/vc_row_inner][nectar_blog layout=&#8220;masonry-blog-fullwidth&#8220; blog_masonry_style=&#8220;material&#8220; category=&#8220;all&#8220; load_in_animation=&#8220;none&#8220; order=&#8220;DESC&#8220; orderby=&#8220;date&#8220; post_offset=&#8220;8&#8243; posts_per_page=&#8220;9&#8243;][\/vc_column][\/vc_row]\n","protected":false},"excerpt":{"rendered":"<p>[vc_row type=&#8220;full_width_background&#8220; full_screen_row_position=&#8220;middle&#8220; scene_position=&#8220;center&#8220; text_color=&#8220;dark&#8220; text_align=&#8220;left&#8220; top_padding=&#8220;5%&#8220; overlay_strength=&#8220;0.3&#8243; shape_divider_position=&#8220;bottom&#8220; shape_type=&#8220;&#8220;][vc_column column_padding=&#8220;no-extra-padding&#8220; column_padding_position=&#8220;right&#8220; background_color_opacity=&#8220;1&#8243; background_hover_color_opacity=&#8220;1&#8243; column_shadow=&#8220;none&#8220; column_border_radius=&#8220;none&#8220; width=&#8220;1\/1&#8243; tablet_text_alignment=&#8220;default&#8220; phone_text_alignment=&#8220;default&#8220; column_border_width=&#8220;none&#8220; column_border_style=&#8220;solid&#8220;][recent_posts style=&#8220;list_featured_first_row&#8220; category=&#8220;all&#8220; columns=&#8220;2&#8243; order=&#8220;DESC&#8220; orderby=&#8220;date&#8220; posts_per_page=&#8220;8&#8243;][vc_row_inner column_margin=&#8220;default&#8220; text_align=&#8220;left&#8220;][vc_column_inner column_padding=&#8220;padding-5-percent&#8220;&#8230;<\/p>\n","protected":false},"author":9,"featured_media":0,"parent":0,"menu_order":4,"comment_status":"closed","ping_status":"closed","template":"","meta":{"footnotes":""},"class_list":["post-23","page","type-page","status-publish"],"yoast_head":"<!-- This site is optimized with the Yoast SEO plugin v27.0 - https:\/\/yoast.com\/product\/yoast-seo-wordpress\/ -->\n<title>Kinderwunsch-Forum von imi Kinderwunschklinik in Wien<\/title>\n<meta name=\"description\" content=\"Tauschen Sie sich mit anderen M\u00fcttern, V\u00e4tern &amp; Gleichgesinnten aus und stellen Sie Ihre Fragen anonym an das IMI-\u00c4rzte Team!\" \/>\n<meta name=\"robots\" content=\"index, follow, max-snippet:-1, max-image-preview:large, max-video-preview:-1\" \/>\n<link rel=\"canonical\" href=\"https:\/\/dummy.imi.clinic\/at\/kinderwunsch-forum\/\" \/>\n<meta property=\"og:locale\" content=\"de_DE\" \/>\n<meta property=\"og:type\" content=\"article\" \/>\n<meta property=\"og:title\" content=\"Kinderwunsch-Forum von imi Kinderwunschklinik in Wien\" \/>\n<meta property=\"og:description\" content=\"Tauschen Sie sich mit anderen M\u00fcttern, V\u00e4tern &amp; Gleichgesinnten aus und stellen Sie Ihre Fragen anonym an das IMI-\u00c4rzte Team!\" \/>\n<meta property=\"og:url\" content=\"https:\/\/dummy.imi.clinic\/at\/kinderwunsch-forum\/\" \/>\n<meta property=\"og:site_name\" content=\"IMI\" \/>\n<meta property=\"article:modified_time\" content=\"2024-09-04T12:47:23+00:00\" \/>\n<meta name=\"twitter:card\" content=\"summary_large_image\" \/>\n<meta name=\"twitter:label1\" content=\"Gesch\u00e4tzte Lesezeit\" \/>\n\t<meta name=\"twitter:data1\" content=\"1 Minute\" \/>\n<script type=\"application\/ld+json\" class=\"yoast-schema-graph\">{\"@context\":\"https:\/\/schema.org\",\"@graph\":[{\"@type\":\"WebPage\",\"@id\":\"https:\/\/dummy.imi.clinic\/at\/kinderwunsch-forum\/\",\"url\":\"https:\/\/dummy.imi.clinic\/at\/kinderwunsch-forum\/\",\"name\":\"Kinderwunsch-Forum von imi Kinderwunschklinik in Wien\",\"isPartOf\":{\"@id\":\"https:\/\/dummy.imi.clinic\/at\/#website\"},\"datePublished\":\"2016-07-05T07:57:35+00:00\",\"dateModified\":\"2024-09-04T12:47:23+00:00\",\"description\":\"Tauschen Sie sich mit anderen M\u00fcttern, V\u00e4tern & Gleichgesinnten aus und stellen Sie Ihre Fragen anonym an das IMI-\u00c4rzte Team!\",\"breadcrumb\":{\"@id\":\"https:\/\/dummy.imi.clinic\/at\/kinderwunsch-forum\/#breadcrumb\"},\"inLanguage\":\"de-AT\",\"potentialAction\":[{\"@type\":\"ReadAction\",\"target\":[\"https:\/\/dummy.imi.clinic\/at\/kinderwunsch-forum\/\"]}]},{\"@type\":\"BreadcrumbList\",\"@id\":\"https:\/\/dummy.imi.clinic\/at\/kinderwunsch-forum\/#breadcrumb\",\"itemListElement\":[{\"@type\":\"ListItem\",\"position\":1,\"name\":\"Startseite\",\"item\":\"https:\/\/dummy.imi.clinic\/at\/\"},{\"@type\":\"ListItem\",\"position\":2,\"name\":\"Forum\"}]},{\"@type\":\"WebSite\",\"@id\":\"https:\/\/dummy.imi.clinic\/at\/#website\",\"url\":\"https:\/\/dummy.imi.clinic\/at\/\",\"name\":\"IMI\",\"description\":\"Vom Kinderwunsch zum Wunschkind\",\"potentialAction\":[{\"@type\":\"SearchAction\",\"target\":{\"@type\":\"EntryPoint\",\"urlTemplate\":\"https:\/\/dummy.imi.clinic\/at\/?s={search_term_string}\"},\"query-input\":{\"@type\":\"PropertyValueSpecification\",\"valueRequired\":true,\"valueName\":\"search_term_string\"}}],\"inLanguage\":\"de-AT\"}]}<\/script>\n<!-- \/ Yoast SEO plugin. -->","yoast_head_json":{"title":"Kinderwunsch-Forum von imi Kinderwunschklinik in Wien","description":"Tauschen Sie sich mit anderen M\u00fcttern, V\u00e4tern & Gleichgesinnten aus und stellen Sie Ihre Fragen anonym an das IMI-\u00c4rzte Team!","robots":{"index":"index","follow":"follow","max-snippet":"max-snippet:-1","max-image-preview":"max-image-preview:large","max-video-preview":"max-video-preview:-1"},"canonical":"https:\/\/dummy.imi.clinic\/at\/kinderwunsch-forum\/","og_locale":"de_DE","og_type":"article","og_title":"Kinderwunsch-Forum von imi Kinderwunschklinik in Wien","og_description":"Tauschen Sie sich mit anderen M\u00fcttern, V\u00e4tern & Gleichgesinnten aus und stellen Sie Ihre Fragen anonym an das IMI-\u00c4rzte Team!","og_url":"https:\/\/dummy.imi.clinic\/at\/kinderwunsch-forum\/","og_site_name":"IMI","article_modified_time":"2024-09-04T12:47:23+00:00","twitter_card":"summary_large_image","twitter_misc":{"Gesch\u00e4tzte Lesezeit":"1 Minute"},"schema":{"@context":"https:\/\/schema.org","@graph":[{"@type":"WebPage","@id":"https:\/\/dummy.imi.clinic\/at\/kinderwunsch-forum\/","url":"https:\/\/dummy.imi.clinic\/at\/kinderwunsch-forum\/","name":"Kinderwunsch-Forum von imi Kinderwunschklinik in Wien","isPartOf":{"@id":"https:\/\/dummy.imi.clinic\/at\/#website"},"datePublished":"2016-07-05T07:57:35+00:00","dateModified":"2024-09-04T12:47:23+00:00","description":"Tauschen Sie sich mit anderen M\u00fcttern, V\u00e4tern & Gleichgesinnten aus und stellen Sie Ihre Fragen anonym an das IMI-\u00c4rzte Team!","breadcrumb":{"@id":"https:\/\/dummy.imi.clinic\/at\/kinderwunsch-forum\/#breadcrumb"},"inLanguage":"de-AT","potentialAction":[{"@type":"ReadAction","target":["https:\/\/dummy.imi.clinic\/at\/kinderwunsch-forum\/"]}]},{"@type":"BreadcrumbList","@id":"https:\/\/dummy.imi.clinic\/at\/kinderwunsch-forum\/#breadcrumb","itemListElement":[{"@type":"ListItem","position":1,"name":"Startseite","item":"https:\/\/dummy.imi.clinic\/at\/"},{"@type":"ListItem","position":2,"name":"Forum"}]},{"@type":"WebSite","@id":"https:\/\/dummy.imi.clinic\/at\/#website","url":"https:\/\/dummy.imi.clinic\/at\/","name":"IMI","description":"Vom Kinderwunsch zum Wunschkind","potentialAction":[{"@type":"SearchAction","target":{"@type":"EntryPoint","urlTemplate":"https:\/\/dummy.imi.clinic\/at\/?s={search_term_string}"},"query-input":{"@type":"PropertyValueSpecification","valueRequired":true,"valueName":"search_term_string"}}],"inLanguage":"de-AT"}]}},"_links":{"self":[{"href":"https:\/\/dummy.imi.clinic\/at\/wp-json\/wp\/v2\/pages\/23","targetHints":{"allow":["GET"]}}],"collection":[{"href":"https:\/\/dummy.imi.clinic\/at\/wp-json\/wp\/v2\/pages"}],"about":[{"href":"https:\/\/dummy.imi.clinic\/at\/wp-json\/wp\/v2\/types\/page"}],"author":[{"embeddable":true,"href":"https:\/\/dummy.imi.clinic\/at\/wp-json\/wp\/v2\/users\/9"}],"replies":[{"embeddable":true,"href":"https:\/\/dummy.imi.clinic\/at\/wp-json\/wp\/v2\/comments?post=23"}],"version-history":[{"count":1,"href":"https:\/\/dummy.imi.clinic\/at\/wp-json\/wp\/v2\/pages\/23\/revisions"}],"predecessor-version":[{"id":8001,"href":"https:\/\/dummy.imi.clinic\/at\/wp-json\/wp\/v2\/pages\/23\/revisions\/8001"}],"wp:attachment":[{"href":"https:\/\/dummy.imi.clinic\/at\/wp-json\/wp\/v2\/media?parent=23"}],"curies":[{"name":"wp","href":"https:\/\/api.w.org\/{rel}","templated":true}]}}